{"id":356986,"date":"2023-06-01T09:31:41","date_gmt":"2024-08-15T08:21:42","guid":{"rendered":"https:\/\/www.moskito.cz\/produkt\/spyderco-tri-angle-sharpmaker-complete-sharpening-system-204mf-spitzer\/"},"modified":"2024-08-15T09:21:42","modified_gmt":"2024-08-15T08:21:42","slug":"spyderco-tri-angle-sharpmaker-complete-sharpening-system-204mf-spitzer","status":"publish","type":"product","link":"https:\/\/www.moskito.cz\/de\/produkt\/spyderco-tri-angle-sharpmaker-complete-sharpening-system-204mf-spitzer\/","title":{"rendered":"Spyderco Tri-Angle Sharpmaker Complete Sharpening System 204MF Spitzer"},"content":{"rendered":"<p><strong>Spyderco<\/strong> Tri-Angle Sharpmaker Komplettes Sch\u00e4rfsystem 204MF Sie haben wahrscheinlich geh\u00f6rt, dass \u201eein scharfes Messer sicherer ist als ein stumpfes\u201c. Wir glauben, dass dieses Zitat aus erster Hand stammt und dass es wahr ist. Der Sharpmaker war das erste <strong>Spyderco-<\/strong> Produkt, das <strong>Spyderco<\/strong> produzierte und verkaufte, bevor es auf den Messermarkt kam. Es ist wahr \u2013 Spyderco hat zuerst die Dinge scharf gemacht, dann haben sie die Dinge scharf gemacht. Der Tri-Angle Sharpmaker enth\u00e4lt zwei S\u00e4tze Keramiksteine \u200b\u200bmit hohem Aluminiumoxidgehalt: ein Paar mittelk\u00f6rnige (braune) Steine \u200b\u200bf\u00fcr aggressives Sch\u00e4rfen und einen Satz feiner (wei\u00dfer) Steine \u200b\u200bf\u00fcr die professionelle Endbearbeitung. Die Steine \u200b\u200bsind dreieckig zum Sch\u00e4rfen von PlainEdges an den flachen Seiten und SpyderEdges (Z\u00e4hnen) an den Ecken. Eine Furche entlang der L\u00e4nge jedes Steins erm\u00f6glicht das Sch\u00e4rfen spitzer Gegenst\u00e4nde wie Angelruten, Pfeile und Ahlen. Zum Schutz der H\u00e4nde des Benutzers beim Schleifen ist ein Satz Messing-Sicherheitsstangen im Lieferumfang enthalten. Alle Komponenten passen in einen separaten Sockel und Deckel aus ABS-Kunststoff \u2013 bereit f\u00fcr die Reise. In den Sockel sind Rillen und L\u00f6cher f\u00fcr Steine \u200b\u200bgeschnitten. Sie stellen den Sch\u00e4rfwinkel des Steins pr\u00e4zise auf 30\u00b0 (15\u00b0 auf jeder Seite) bzw. 40\u00b0 (20\u00b0 auf jeder Seite) f\u00fcr Messer und 12,5\u00b0 f\u00fcr Scheren ein. Drehen Sie die Basis, der Kanal erm\u00f6glicht es Ihnen, zwei Steine \u200b\u200bnebeneinander (flache Seite nach oben) zu platzieren, um sie als Bank zu verwenden. Der Deckel rastet zur H\u00e4lfte in die Basis ein und bietet so einen Griff f\u00fcr Stabilit\u00e4t beim Fokussieren. Zum Schutz der H\u00e4nde des Benutzers beim Schleifen ist ein Satz Messing-Sicherheitsstangen im Lieferumfang enthalten. Keramiksteine \u200b\u200bzerbrechen wie Glas, wenn sie fallen gelassen werden. Gehen Sie daher vorsichtig damit um. Verwenden Sie sie trocken, ohne \u00d6l, Wasser oder Gleitmittel. Reinigung: Schrubben Sie die Steine \u200b\u200bmit einem Kunststoffdraht und einem motorisierten Scheuermittel und lassen Sie sie an der Luft trocknen. Auch autoklavierbar.                  Hergestellt in den USA.  &nbsp;<\/p>\n","protected":false},"excerpt":{"rendered":"<p><strong>Das Spyderco Triangle Sharpmaker Sch\u00e4rfset erm\u00f6glicht ein einfaches und effektives Messersch\u00e4rfen.  <\/strong><\/p>\n","protected":false},"featured_media":356987,"comment_status":"open","ping_status":"closed","template":"","meta":[],"pwb-brand":[3427],"product_brand":[],"product_cat":[3346],"product_tag":[3669],"class_list":{"0":"post-356986","1":"product","2":"type-product","3":"status-publish","4":"has-post-thumbnail","6":"pwb-brand-spyderco-de","7":"product_cat-schleifscheiben-und-stahle","8":"product_tag-b2b-de","10":"first","11":"instock","12":"taxable","13":"shipping-taxable","14":"purchasable","15":"product-type-simple"},"brands":[{"id":3427,"name":"Spyderco","slug":"spyderco-de"}],"_links":{"self":[{"href":"https:\/\/www.moskito.cz\/de\/wp-json\/wp\/v2\/product\/356986","targetHints":{"allow":["GET"]}}],"collection":[{"href":"https:\/\/www.moskito.cz\/de\/wp-json\/wp\/v2\/product"}],"about":[{"href":"https:\/\/www.moskito.cz\/de\/wp-json\/wp\/v2\/types\/product"}],"replies":[{"embeddable":true,"href":"https:\/\/www.moskito.cz\/de\/wp-json\/wp\/v2\/comments?post=356986"}],"wp:featuredmedia":[{"embeddable":true,"href":"https:\/\/www.moskito.cz\/de\/wp-json\/wp\/v2\/media\/356987"}],"wp:attachment":[{"href":"https:\/\/www.moskito.cz\/de\/wp-json\/wp\/v2\/media?parent=356986"}],"wp:term":[{"taxonomy":"pwb-brand","embeddable":true,"href":"https:\/\/www.moskito.cz\/de\/wp-json\/wp\/v2\/pwb-brand?post=356986"},{"taxonomy":"product_brand","embeddable":true,"href":"https:\/\/www.moskito.cz\/de\/wp-json\/wp\/v2\/product_brand?post=356986"},{"taxonomy":"product_cat","embeddable":true,"href":"https:\/\/www.moskito.cz\/de\/wp-json\/wp\/v2\/product_cat?post=356986"},{"taxonomy":"product_tag","embeddable":true,"href":"https:\/\/www.moskito.cz\/de\/wp-json\/wp\/v2\/product_tag?post=356986"}],"curies":[{"name":"wp","href":"https:\/\/api.w.org\/{rel}","templated":true}]}}