{"id":356999,"date":"2023-06-01T09:03:03","date_gmt":"2023-06-01T08:03:03","guid":{"rendered":"https:\/\/www.moskito.cz\/produkt\/set-mit-2-spyderco-triangle-sharpmaker-kubischen-bornitridstaeben-204cbn\/"},"modified":"2024-08-15T09:23:17","modified_gmt":"2024-08-15T08:23:17","slug":"set-mit-2-spyderco-triangle-sharpmaker-kubischen-bornitridstaeben-204cbn","status":"publish","type":"product","link":"https:\/\/www.moskito.cz\/de\/produkt\/set-mit-2-spyderco-triangle-sharpmaker-kubischen-bornitridstaeben-204cbn\/","title":{"rendered":"Set mit 2 Spyderco Triangle Sharpmaker Kubischen Bornitridst\u00e4ben 204CBN"},"content":{"rendered":"<p>Satz mit 2 <strong>Spyderco<\/strong> Triangle Sharpmaker kubischen Bornitrid-St\u00e4ben 204CBN. Dies sind Stahldreiecke, die mit Bindemittel beschichtet und dann mit kubischen Bornitrid-Partikeln beschichtet werden. Kubisches Bornitrid ist ein Superschleifmittel, dessen H\u00e4rte nur Diamant \u00fcbertrifft. Im Vergleich zu herk\u00f6mmlichen Schleifmitteln wie Siliziumkarbid und Aluminiumoxid bietet es eine \u00fcberlegene Abriebfestigkeit und W\u00e4rmeleitf\u00e4higkeit, was es zum bevorzugten Schleifmittel in vielen modernen industriellen Schleifanwendungen macht. Jetzt k\u00f6nnen Sie die Vorteile dieses schnell schneidenden Superschleifmittels mit der Bequemlichkeit und Benutzerfreundlichkeit des Spyderco Tri-Angle Sharpmaker kombinieren. Extrem harte Schleifmittel werden empfohlen, wenn Sie Material abtragen m\u00f6chten, f\u00fcr Restaurierungszwecke und aggressive Umformungen, Neuanfasungen und Neuprofilierungen der Schneidkante. Die CBN-Korngr\u00f6\u00dfe betr\u00e4gt etwa 40 Mikrometer. CBN-Schleifmittel sind deutlich gr\u00f6ber als mittelgro\u00dfe Keramiksteine. CBN-St\u00e4be sollten mit SEHR LEICHTEM Druck verwendet werden. Die empfohlene Verwendung betr\u00e4gt weniger als 5 Gramm (eine Unze enth\u00e4lt 28 Gramm), und \u00fcberm\u00e4\u00dfiger Druck kann das Schleifmittel aus der Grundschicht herausschneiden, die es mit der Rute verbindet. Es wird empfohlen, die Stange vor der Verwendung mit Wasser zu bespr\u00fchen, um Metallstaub zu reduzieren und den Schleifvorgang zu verlangsamen. Die Stangen eignen sich ideal zum Reprofilieren des Fasenwinkels eines Messers oder zum Abschr\u00e4gen abgebrochener oder geschnittener Klingen. Da das Schleifmittel grob ist, sollten Benutzer damit rechnen Arbeiten Sie anschlie\u00dfend mit mittelgro\u00dfen Steinen, wenn Sie die Fasen zu einer feineren K\u00f6rnung gl\u00e4tten m\u00f6chten. Abmessungen 17,8 x 1,3 cm        <\/p>\n","protected":false},"excerpt":{"rendered":"<p>Mit Bindemittel \u00fcberzogene und anschlie\u00dfend mit kubischen Bornitridpartikeln \u00fcberzogene Stahldreiecke.<\/p>\n","protected":false},"featured_media":357000,"comment_status":"open","ping_status":"closed","template":"","meta":[],"pwb-brand":[3427],"product_brand":[],"product_cat":[3346],"product_tag":[3669],"class_list":{"0":"post-356999","1":"product","2":"type-product","3":"status-publish","4":"has-post-thumbnail","6":"pwb-brand-spyderco-de","7":"product_cat-schleifscheiben-und-stahle","8":"product_tag-b2b-de","10":"first","11":"instock","12":"taxable","13":"shipping-taxable","14":"purchasable","15":"product-type-simple"},"brands":[{"id":3427,"name":"Spyderco","slug":"spyderco-de"}],"_links":{"self":[{"href":"https:\/\/www.moskito.cz\/de\/wp-json\/wp\/v2\/product\/356999","targetHints":{"allow":["GET"]}}],"collection":[{"href":"https:\/\/www.moskito.cz\/de\/wp-json\/wp\/v2\/product"}],"about":[{"href":"https:\/\/www.moskito.cz\/de\/wp-json\/wp\/v2\/types\/product"}],"replies":[{"embeddable":true,"href":"https:\/\/www.moskito.cz\/de\/wp-json\/wp\/v2\/comments?post=356999"}],"wp:featuredmedia":[{"embeddable":true,"href":"https:\/\/www.moskito.cz\/de\/wp-json\/wp\/v2\/media\/357000"}],"wp:attachment":[{"href":"https:\/\/www.moskito.cz\/de\/wp-json\/wp\/v2\/media?parent=356999"}],"wp:term":[{"taxonomy":"pwb-brand","embeddable":true,"href":"https:\/\/www.moskito.cz\/de\/wp-json\/wp\/v2\/pwb-brand?post=356999"},{"taxonomy":"product_brand","embeddable":true,"href":"https:\/\/www.moskito.cz\/de\/wp-json\/wp\/v2\/product_brand?post=356999"},{"taxonomy":"product_cat","embeddable":true,"href":"https:\/\/www.moskito.cz\/de\/wp-json\/wp\/v2\/product_cat?post=356999"},{"taxonomy":"product_tag","embeddable":true,"href":"https:\/\/www.moskito.cz\/de\/wp-json\/wp\/v2\/product_tag?post=356999"}],"curies":[{"name":"wp","href":"https:\/\/api.w.org\/{rel}","templated":true}]}}