{"id":357095,"date":"2024-08-15T12:47:44","date_gmt":"2024-08-15T11:48:29","guid":{"rendered":"https:\/\/www.moskito.cz\/produkt\/feststehendes-messer-muela-bear-24a\/"},"modified":"2025-05-07T11:23:34","modified_gmt":"2025-05-07T10:23:34","slug":"feststehendes-messer-muela-bear-24a","status":"publish","type":"product","link":"https:\/\/www.moskito.cz\/de\/produkt\/feststehendes-messer-muela-bear-24a\/","title":{"rendered":"Feststehendes Messer Muela BEAR-24A"},"content":{"rendered":"<p>Feststehendes Messer <strong>Muela<\/strong> BEAR-24A. Bei der Herstellung der Klingen verwendet die Firma Muela unterschiedliche Stahlsorten, z.B. 12C27 Sandvik, 14C28N, MOVA 60 Molybd\u00e4n-Vanadium-Stahl mit einer H\u00e4rte von 57\u201361 HRC, Inox 1-42-Stahl mit einer H\u00e4rte von 54\u201358 HRC und 440 markierte Klingen bestehen aus Mova-60E-Stahl. Muela Damastmesser sind das Ergebnis einer Kombination zweier St\u00e4hle, n\u00e4mlich RWL34 und MPC27, die eine H\u00e4rte von 57-62 HRC haben. Die Griffe der Muela-Messer sind mit hochwertigen Materialien verziert, darunter Geweih und verschiedene Holzarten: Olivenholz, afrikanisches Schwarzholz, K\u00f6nigsholz, COCOBOLO, Amazonas-Palisander und Walnussholz. Die Klinge besteht aus hochwertigem rostfreiem Molybd\u00e4n-Vanadium-Stahl mit einer H\u00e4rte von ca. 60 HRC. F\u00fcr maximale Sicherheit bei der Arbeit ist das Messer mit einem massiven doppelseitigen Schutzb\u00fcgel ausgestattet, der mit einer rot-wei\u00dfen Linie verziert ist. Der Griff besteht aus Hirschgeweih und ist mit einem Metallfu\u00df mit der gleichen Verzierung wie die Parierstange versehen.    Das Messer wird mit einer braunen Lederscheide geliefert. Gesamtl\u00e4nge: 36 cm Klingenl\u00e4nge: 24 cm Gewicht: 350 g Klingenmaterial: X50CrMoV15 Griffmaterial: Geweih Scheide: Leder  &nbsp;<\/p>\n","protected":false},"excerpt":{"rendered":"<p><strong>Bei der Herstellung der Klingen verwendet die Firma Muela unterschiedliche Stahlsorten, z.B. 12C27 Sandvik, 14C28N, MOVA 60 Molybd\u00e4n-Vanadium-Stahl mit einer H\u00e4rte von 57\u201361 HRC, Inox 1-42-Stahl mit einer H\u00e4rte von 54\u201358 HRC und 440 markierte Klingen bestehen aus Mova-60E-Stahl. Muela Damastmesser sind das Ergebnis einer Kombination zweier St\u00e4hle, n\u00e4mlich RWL34 und MPC27, die eine H\u00e4rte von 57-62 HRC haben.<\/strong><\/p>\n<p><strong>Kostenloser Transport.<\/strong><\/p>\n","protected":false},"featured_media":357067,"comment_status":"open","ping_status":"closed","template":"","meta":[],"pwb-brand":[3914],"product_brand":[],"product_cat":[3285,3287],"product_tag":[],"class_list":{"0":"post-357095","1":"product","2":"type-product","3":"status-publish","4":"has-post-thumbnail","6":"pwb-brand-sie-musste","7":"product_cat-messer","8":"product_cat-solide-messer","10":"first","11":"instock","12":"taxable","13":"shipping-taxable","14":"purchasable","15":"product-type-simple"},"brands":[{"id":3914,"name":"Sie musste","slug":"sie-musste"}],"_links":{"self":[{"href":"https:\/\/www.moskito.cz\/de\/wp-json\/wp\/v2\/product\/357095","targetHints":{"allow":["GET"]}}],"collection":[{"href":"https:\/\/www.moskito.cz\/de\/wp-json\/wp\/v2\/product"}],"about":[{"href":"https:\/\/www.moskito.cz\/de\/wp-json\/wp\/v2\/types\/product"}],"replies":[{"embeddable":true,"href":"https:\/\/www.moskito.cz\/de\/wp-json\/wp\/v2\/comments?post=357095"}],"wp:featuredmedia":[{"embeddable":true,"href":"https:\/\/www.moskito.cz\/de\/wp-json\/wp\/v2\/media\/357067"}],"wp:attachment":[{"href":"https:\/\/www.moskito.cz\/de\/wp-json\/wp\/v2\/media?parent=357095"}],"wp:term":[{"taxonomy":"pwb-brand","embeddable":true,"href":"https:\/\/www.moskito.cz\/de\/wp-json\/wp\/v2\/pwb-brand?post=357095"},{"taxonomy":"product_brand","embeddable":true,"href":"https:\/\/www.moskito.cz\/de\/wp-json\/wp\/v2\/product_brand?post=357095"},{"taxonomy":"product_cat","embeddable":true,"href":"https:\/\/www.moskito.cz\/de\/wp-json\/wp\/v2\/product_cat?post=357095"},{"taxonomy":"product_tag","embeddable":true,"href":"https:\/\/www.moskito.cz\/de\/wp-json\/wp\/v2\/product_tag?post=357095"}],"curies":[{"name":"wp","href":"https:\/\/api.w.org\/{rel}","templated":true}]}}