{"id":357158,"date":"2024-08-19T18:28:05","date_gmt":"2024-08-19T17:28:54","guid":{"rendered":"https:\/\/www.moskito.cz\/produkt\/schiessmesser-microtech-ludt-gen-iii-blue-stonewash-1136-11bl\/"},"modified":"2025-05-07T11:23:36","modified_gmt":"2025-05-07T10:23:36","slug":"schiessmesser-microtech-ludt-gen-iii-blue-stonewash-1136-11bl","status":"publish","type":"product","link":"https:\/\/www.moskito.cz\/de\/produkt\/schiessmesser-microtech-ludt-gen-iii-blue-stonewash-1136-11bl\/","title":{"rendered":"Schie\u00dfmesser Microtech LUDT Gen III Blue Stonewash 1136-11BL"},"content":{"rendered":"<p>Schie\u00dfmesser <strong>Microtech<\/strong> LUDT Gen III Blue Stonewash 1136-11BL. Der <strong>Microtech LUDT<\/strong> der 3. Generation sieht vertraut aus und f\u00fchlt sich vertraut an und verf\u00fcgt \u00fcber mehrere innovative \u00c4nderungen. Bei uns finden Sie die 3M Grip-Eins\u00e4tze f\u00fcr optimalen Halt wieder! Der neue LUDT wird von 24 Siliziumkarbid-Lagern getragen und l\u00e4uft dadurch ruhiger als je zuvor. Regelm\u00e4\u00dfige Torx-Schrauben erm\u00f6glichen eine einfache Wartung und ein ausklappbarer Trageclip bietet Benutzern Sicherheit und schnellen Zugriff auf diese robuste, wasserdichte Komponente. Dieses Modell verf\u00fcgt \u00fcber einen blau eloxierten 6061-T6-Aluminiumgriff mit schwarzen 3M-Eins\u00e4tzen. M390MK Stonewash-Edelstahl-Tantoklinge mit Standardschneide. Torx-Hardware und hochklappbarer Taschenclip. Die Klinge ist mit Modellinformationen und dem <strong>Microtech<\/strong> -Logo gekennzeichnet. Der Taschenclip ist au\u00dferdem mit dem <strong>Microtech<\/strong> -Logo gekennzeichnet. Gesamtl\u00e4nge: 20,3 cm L\u00e4nge geschlossen: 11,4 cm Klingenl\u00e4nge: 8,9 cm Klingenfinish: Stonewashed Klingenstil: Tanto Griffmaterial: Aluminium Taschenclip Herkunftsland: USA https:\/\/youtu.be\/xE9TeOFYEjg            &nbsp;<\/p>\n","protected":false},"excerpt":{"rendered":"<p><strong>Im Laufe der Jahre hat Microtech\u00ae Knives Messer mit Leidenschaft und K\u00f6nnen gef\u00fcllt, um nahezu Kunstwerke zu schaffen, die den Gipfel der Funktionalit\u00e4t darstellen. Alle Teile werden in den USA hergestellt.<\/strong><br \/>\n<strong>F\u00fcr alle Microtech-Messer gilt eine lebenslange Garantie.<\/strong><\/p>\n<p><strong>Kostenloser Transport.<\/strong><\/p>\n","protected":false},"featured_media":357139,"comment_status":"open","ping_status":"closed","template":"","meta":[],"pwb-brand":[3278],"product_brand":[],"product_cat":[3343,3285],"product_tag":[],"class_list":{"0":"post-357158","1":"product","2":"type-product","3":"status-publish","4":"has-post-thumbnail","6":"pwb-brand-microtech-de","7":"product_cat-schiesmesser","8":"product_cat-messer","10":"first","11":"outofstock","12":"taxable","13":"shipping-taxable","14":"purchasable","15":"product-type-simple"},"brands":[{"id":3278,"name":"Microtech","slug":"microtech-de"}],"_links":{"self":[{"href":"https:\/\/www.moskito.cz\/de\/wp-json\/wp\/v2\/product\/357158","targetHints":{"allow":["GET"]}}],"collection":[{"href":"https:\/\/www.moskito.cz\/de\/wp-json\/wp\/v2\/product"}],"about":[{"href":"https:\/\/www.moskito.cz\/de\/wp-json\/wp\/v2\/types\/product"}],"replies":[{"embeddable":true,"href":"https:\/\/www.moskito.cz\/de\/wp-json\/wp\/v2\/comments?post=357158"}],"wp:featuredmedia":[{"embeddable":true,"href":"https:\/\/www.moskito.cz\/de\/wp-json\/wp\/v2\/media\/357139"}],"wp:attachment":[{"href":"https:\/\/www.moskito.cz\/de\/wp-json\/wp\/v2\/media?parent=357158"}],"wp:term":[{"taxonomy":"pwb-brand","embeddable":true,"href":"https:\/\/www.moskito.cz\/de\/wp-json\/wp\/v2\/pwb-brand?post=357158"},{"taxonomy":"product_brand","embeddable":true,"href":"https:\/\/www.moskito.cz\/de\/wp-json\/wp\/v2\/product_brand?post=357158"},{"taxonomy":"product_cat","embeddable":true,"href":"https:\/\/www.moskito.cz\/de\/wp-json\/wp\/v2\/product_cat?post=357158"},{"taxonomy":"product_tag","embeddable":true,"href":"https:\/\/www.moskito.cz\/de\/wp-json\/wp\/v2\/product_tag?post=357158"}],"curies":[{"name":"wp","href":"https:\/\/api.w.org\/{rel}","templated":true}]}}