{"id":357242,"date":"2024-08-19T19:00:40","date_gmt":"2024-08-19T18:04:40","guid":{"rendered":"https:\/\/www.moskito.cz\/produkt\/microtech-amphibian-apocalyptic-137rl-10apflgtta-verschlussmesser\/"},"modified":"2025-05-07T11:23:38","modified_gmt":"2025-05-07T10:23:38","slug":"microtech-amphibian-apocalyptic-137rl-10apflgtta-verschlussmesser","status":"publish","type":"product","link":"https:\/\/www.moskito.cz\/de\/produkt\/microtech-amphibian-apocalyptic-137rl-10apflgtta-verschlussmesser\/","title":{"rendered":"Microtech Amphibian Apocalyptic 137RL-10APFLGTTA Verschlussmesser"},"content":{"rendered":"<p><strong>Microtech<\/strong> Amphibian Apocalyptic 137RL-10APFLGTTA Verschlussmesser. <strong>Amphibian<\/strong> ist ein echter <strong>Marfione-<\/strong> Klassiker, der mehr als 20 Jahre alt ist. Es stammt aus den alten Zeiten, als Microtech-Messer sowohl automatisch als auch manuell sein konnten &#8230; in einem.  Was wir hier haben, ist eine manuelle Version, die Tonys eigenes RAM-LOK-Design mit einem beidh\u00e4ndigen Taschenclip und zwei Daumenpins f\u00fcr ein vollst\u00e4ndig beidh\u00e4ndiges Messer enth\u00e4lt, das in keiner Weise Abstriche macht. Es verf\u00fcgt \u00fcber den patentierten Bohler M390MK-Klingenstahl, der nur bei Microtech Knives erh\u00e4ltlich ist. Von der Gr\u00f6\u00dfe her \u00e4hnelt das Messer der MSI Microtech Standard-Ausgabe, vom Stil her gibt es jedoch keinen Vergleich. Das Amphibian ist eines der coolsten taktischen Messerdesigns aller Zeiten und wir freuen uns, dass es zur\u00fcck und f\u00fcr die breite Masse verf\u00fcgbar ist! Spezifikationen: Klingenl\u00e4nge: 9,67 cm Gesamtl\u00e4nge: 13,42 cm Klingenstahl: Bohler M390MK Edelstahl Klingenstil: Clip Point Klingenschliff: Hohl Klingenfinish: Apokalyptisch Verriegelungsmechanismus: RAM-LOK Taschenclip: Titan (ausklappbar, links\/rechts). Tragen) Gewicht: 5,93 Unzen. Designer: Tony Marfione Hergestellt in den USA https:\/\/youtu.be\/xE9TeOFYEjg  &nbsp;<\/p>\n<p>&nbsp;<\/p>\n","protected":false},"excerpt":{"rendered":"<p><strong>Im Laufe der Jahre hat Microtech\u00ae Knives Messer mit Leidenschaft und K\u00f6nnen gef\u00fcllt, um nahezu Kunstwerke zu schaffen, die den Gipfel der Funktionalit\u00e4t darstellen. Alle Teile werden in den USA hergestellt.<\/strong><br \/>\n<strong>F\u00fcr alle Microtech-Messer gilt eine lebenslange Garantie.<\/strong><\/p>\n<p><strong>Kostenloser Transport.<\/strong><\/p>\n","protected":false},"featured_media":358222,"comment_status":"open","ping_status":"closed","template":"","meta":[],"pwb-brand":[3278],"product_brand":[],"product_cat":[3285,3303],"product_tag":[],"class_list":{"0":"post-357242","1":"product","2":"type-product","3":"status-publish","4":"has-post-thumbnail","6":"pwb-brand-microtech-de","7":"product_cat-messer","8":"product_cat-schliesmesser","10":"first","11":"outofstock","12":"taxable","13":"shipping-taxable","14":"purchasable","15":"product-type-simple"},"brands":[{"id":3278,"name":"Microtech","slug":"microtech-de"}],"_links":{"self":[{"href":"https:\/\/www.moskito.cz\/de\/wp-json\/wp\/v2\/product\/357242","targetHints":{"allow":["GET"]}}],"collection":[{"href":"https:\/\/www.moskito.cz\/de\/wp-json\/wp\/v2\/product"}],"about":[{"href":"https:\/\/www.moskito.cz\/de\/wp-json\/wp\/v2\/types\/product"}],"replies":[{"embeddable":true,"href":"https:\/\/www.moskito.cz\/de\/wp-json\/wp\/v2\/comments?post=357242"}],"wp:featuredmedia":[{"embeddable":true,"href":"https:\/\/www.moskito.cz\/de\/wp-json\/wp\/v2\/media\/358222"}],"wp:attachment":[{"href":"https:\/\/www.moskito.cz\/de\/wp-json\/wp\/v2\/media?parent=357242"}],"wp:term":[{"taxonomy":"pwb-brand","embeddable":true,"href":"https:\/\/www.moskito.cz\/de\/wp-json\/wp\/v2\/pwb-brand?post=357242"},{"taxonomy":"product_brand","embeddable":true,"href":"https:\/\/www.moskito.cz\/de\/wp-json\/wp\/v2\/product_brand?post=357242"},{"taxonomy":"product_cat","embeddable":true,"href":"https:\/\/www.moskito.cz\/de\/wp-json\/wp\/v2\/product_cat?post=357242"},{"taxonomy":"product_tag","embeddable":true,"href":"https:\/\/www.moskito.cz\/de\/wp-json\/wp\/v2\/product_tag?post=357242"}],"curies":[{"name":"wp","href":"https:\/\/api.w.org\/{rel}","templated":true}]}}