{"id":357281,"date":"2022-03-06T21:30:52","date_gmt":"2024-08-28T06:47:38","guid":{"rendered":"https:\/\/www.moskito.cz\/produkt\/heretic-knives-manticore-x-h031-10a-jade-schiessmesser\/"},"modified":"2025-05-07T11:23:39","modified_gmt":"2025-05-07T10:23:39","slug":"heretic-knives-manticore-x-h031-10a-jade-schiessmesser","status":"publish","type":"product","link":"https:\/\/www.moskito.cz\/de\/produkt\/heretic-knives-manticore-x-h031-10a-jade-schiessmesser\/","title":{"rendered":"Heretic Knives Manticore X H031-10A-JADE Schie\u00dfmesser"},"content":{"rendered":"<p><strong>Heretic Knives<\/strong> Manticore X H031-10A-JADE Schie\u00dfmesser. Das Manticore von Heretic Knives ist ein ph\u00e4nomenales OTF-Messer f\u00fcr alle, die etwas Gro\u00dfes, aber leicht zu tragendes suchen. Die Jungs von Heretic Knives in Florida haben hier wirklich eine Volltrefferleistung vollbracht. Hochwertiger Elmax-Stahl, glatte Doppelwirkung, Glasbrecherspitze, tiefer Taschenclip und Fangriemen\u00f6se. Die Mechanik liegt gut in der Hand, ohne zu schwer oder zu weich zu sein. Manticore ist in verschiedenen Stilen und Ausf\u00fchrungen erh\u00e4ltlich. Bei diesem Manticore handelt es sich um eine Sonderedition. Die Tantoklinge hat ein schwarzes zweifarbiges Finish und besteht aus Elmax-Stahl. Der Griff besteht aus einem schwarzen Aluminiumgriff mit Jade G-10-R\u00fcckenkappen. Gesamtl\u00e4nge: 23 cm. Klingenl\u00e4nge: 9,25 cm. Klingenmaterial: ELMAX. Klingenstil: Tanto. Finish: Battleweard         <\/p>\n","protected":false},"excerpt":{"rendered":"<p>Alle unsere Messer werden in den USA hergestellt und das wird auch so bleiben. Wenn Sie eines unserer Messer kaufen, k\u00f6nnen Sie darauf vertrauen, dass Ihr Werkzeug von einem amerikanischen Unternehmen unterst\u00fctzt wird. Unsere Messer werden in kleinen Mengen hergestellt, um sicherzustellen, dass Sie ein Qualit\u00e4tsmesser erhalten, das nicht die Aufmerksamkeit erh\u00e4lt, die andere massenproduzierte Messer nicht erhalten.  <strong>Kostenloser Transport.<\/strong><\/p>\n","protected":false},"featured_media":357285,"comment_status":"open","ping_status":"closed","template":"","meta":[],"pwb-brand":[3665],"product_brand":[],"product_cat":[3285,3343],"product_tag":[],"class_list":{"0":"post-357281","1":"product","2":"type-product","3":"status-publish","4":"has-post-thumbnail","6":"pwb-brand-ketzermesser","7":"product_cat-messer","8":"product_cat-schiesmesser","10":"first","11":"instock","12":"taxable","13":"shipping-taxable","14":"purchasable","15":"product-type-simple"},"brands":[{"id":3665,"name":"Ketzermesser","slug":"ketzermesser"}],"_links":{"self":[{"href":"https:\/\/www.moskito.cz\/de\/wp-json\/wp\/v2\/product\/357281","targetHints":{"allow":["GET"]}}],"collection":[{"href":"https:\/\/www.moskito.cz\/de\/wp-json\/wp\/v2\/product"}],"about":[{"href":"https:\/\/www.moskito.cz\/de\/wp-json\/wp\/v2\/types\/product"}],"replies":[{"embeddable":true,"href":"https:\/\/www.moskito.cz\/de\/wp-json\/wp\/v2\/comments?post=357281"}],"wp:featuredmedia":[{"embeddable":true,"href":"https:\/\/www.moskito.cz\/de\/wp-json\/wp\/v2\/media\/357285"}],"wp:attachment":[{"href":"https:\/\/www.moskito.cz\/de\/wp-json\/wp\/v2\/media?parent=357281"}],"wp:term":[{"taxonomy":"pwb-brand","embeddable":true,"href":"https:\/\/www.moskito.cz\/de\/wp-json\/wp\/v2\/pwb-brand?post=357281"},{"taxonomy":"product_brand","embeddable":true,"href":"https:\/\/www.moskito.cz\/de\/wp-json\/wp\/v2\/product_brand?post=357281"},{"taxonomy":"product_cat","embeddable":true,"href":"https:\/\/www.moskito.cz\/de\/wp-json\/wp\/v2\/product_cat?post=357281"},{"taxonomy":"product_tag","embeddable":true,"href":"https:\/\/www.moskito.cz\/de\/wp-json\/wp\/v2\/product_tag?post=357281"}],"curies":[{"name":"wp","href":"https:\/\/api.w.org\/{rel}","templated":true}]}}