{"id":358269,"date":"2021-04-26T21:23:35","date_gmt":"2024-09-07T14:46:40","guid":{"rendered":"https:\/\/www.moskito.cz\/produkt\/festes-messer-extrema-ratio-ks\/"},"modified":"2025-07-11T07:54:43","modified_gmt":"2025-07-11T06:54:43","slug":"festes-messer-extrema-ratio-ks","status":"publish","type":"product","link":"https:\/\/www.moskito.cz\/de\/produkt\/festes-messer-extrema-ratio-ks\/","title":{"rendered":"Festes Messer Extrema Ratio KS"},"content":{"rendered":"<p>Festes Messer <strong>Extrema Ratio<\/strong> KS. Es gibt einen Grund, warum es ein Klassiker ist. Ber\u00fchmt geworden durch die Gurkha-Regimenter, die unter der britischen Krone dienten, ist das \u201eKukri\u201c eine nepalesische Universalklinge, die von den sichelf\u00f6rmigen Schwertern des antiken Griechenlands abgeleitet ist. Letztendlich handelt es sich um eine Machete mit einer sehr schweren vorderen Klinge, die es erm\u00f6glicht, als Axt zu fungieren und gleichzeitig die Vielseitigkeit einer langen Klinge beizubehalten. Extrema Ratio hat zwei solcher Instrumente entwickelt, unsere KS- und KH-Modelle, die alte und moderne Designkonzepte kombinieren. Beide verwenden Kombim\u00fchlen. Eine hohle, rasiermesser\u00e4hnliche Kante n\u00e4her am Griff sorgt f\u00fcr eine feine, scharfe Kante, ohne die Gesamtdicke des Klingenr\u00fcckens zu beeintr\u00e4chtigen (was eine hohe Haltbarkeit erfordert). Die Spitze der Klinge ist stattdessen flach und gut gebogen, um m\u00fchelos in Holz und Vegetation einzudringen. W\u00e4hrend \u00e4hnliche Werkzeuge normalerweise aus weicheren Stahllegierungen hergestellt werden, um Flexibilit\u00e4t und einfaches Honen zu gew\u00e4hrleisten, konnten wir mit B\u00d6HLER N690-Hartstahl die entsprechende Flexibilit\u00e4t erreichen, was zu einer bemerkenswert haltbaren Schneide f\u00fchrte. DATENBLATT Gewicht g.:502 Gewicht oz.: 17,7 Klingenl\u00e4nge (mm): 243 Klingenl\u00e4nge (Zoll): 9,6 Gesamtl\u00e4nge (mm): 395 Gesamtl\u00e4nge (Zoll): 15,6 Klingenst\u00e4rke (mm): 6,3 Klingenst\u00e4rke (Zoll). ): 0,25 Klingenmaterial: B\u00f6HLER N690 STEEL (58HRC) Klingenoberfl\u00e4che: HEATING MIL-C-13924 Hauptgitter: RAZOR \/ FLAT Griffmaterial: FORPRENE   <\/p>\n<pre id=\"tw-target-text\" class=\"tw-data-text tw-text-large XcVN5d tw-ta\" dir=\"ltr\" data-placeholder=\"P\u0159eklad\"><span class=\"Y2IQFc\" lang=\"cs\"> <\/span><\/pre>\n","protected":false},"excerpt":{"rendered":"<p><strong>Extrema Ratio mit Sitz in Prato, Italien,<\/strong> entwirft und fertigt seit 1997 leistungsstarke Kampf-, Milit\u00e4r-, K\u00fcchen-, Jagd- und taktische Messer und genie\u00dft einen Ruf f\u00fcr \u00fcberlegene Qualit\u00e4t, die in der Milit\u00e4r- und taktischen Messerbranche ihresgleichen sucht. <strong>Kostenloser Versand.<\/strong><\/p>\n","protected":false},"featured_media":358271,"comment_status":"open","ping_status":"closed","template":"","meta":[],"pwb-brand":[3539],"product_brand":[],"product_cat":[3285,3287],"product_tag":[3669],"class_list":{"0":"post-358269","1":"product","2":"type-product","3":"status-publish","4":"has-post-thumbnail","6":"pwb-brand-extrema-verhaltnis","7":"product_cat-messer","8":"product_cat-solide-messer","9":"product_tag-b2b-de","11":"first","12":"instock","13":"taxable","14":"shipping-taxable","15":"purchasable","16":"product-type-simple"},"brands":[{"id":3539,"name":"Extrema-Verh\u00e4ltnis","slug":"extrema-verhaltnis"}],"_links":{"self":[{"href":"https:\/\/www.moskito.cz\/de\/wp-json\/wp\/v2\/product\/358269","targetHints":{"allow":["GET"]}}],"collection":[{"href":"https:\/\/www.moskito.cz\/de\/wp-json\/wp\/v2\/product"}],"about":[{"href":"https:\/\/www.moskito.cz\/de\/wp-json\/wp\/v2\/types\/product"}],"replies":[{"embeddable":true,"href":"https:\/\/www.moskito.cz\/de\/wp-json\/wp\/v2\/comments?post=358269"}],"wp:featuredmedia":[{"embeddable":true,"href":"https:\/\/www.moskito.cz\/de\/wp-json\/wp\/v2\/media\/358271"}],"wp:attachment":[{"href":"https:\/\/www.moskito.cz\/de\/wp-json\/wp\/v2\/media?parent=358269"}],"wp:term":[{"taxonomy":"pwb-brand","embeddable":true,"href":"https:\/\/www.moskito.cz\/de\/wp-json\/wp\/v2\/pwb-brand?post=358269"},{"taxonomy":"product_brand","embeddable":true,"href":"https:\/\/www.moskito.cz\/de\/wp-json\/wp\/v2\/product_brand?post=358269"},{"taxonomy":"product_cat","embeddable":true,"href":"https:\/\/www.moskito.cz\/de\/wp-json\/wp\/v2\/product_cat?post=358269"},{"taxonomy":"product_tag","embeddable":true,"href":"https:\/\/www.moskito.cz\/de\/wp-json\/wp\/v2\/product_tag?post=358269"}],"curies":[{"name":"wp","href":"https:\/\/api.w.org\/{rel}","templated":true}]}}