{"id":358358,"date":"2021-07-14T16:27:22","date_gmt":"2024-09-07T15:45:34","guid":{"rendered":"https:\/\/www.moskito.cz\/produkt\/feststehendes-messer-extrema-ratio-cn1-operativo\/"},"modified":"2025-05-07T11:23:47","modified_gmt":"2025-05-07T10:23:47","slug":"feststehendes-messer-extrema-ratio-cn1-operativo","status":"publish","type":"product","link":"https:\/\/www.moskito.cz\/de\/produkt\/feststehendes-messer-extrema-ratio-cn1-operativo\/","title":{"rendered":"Feststehendes Messer Extrema Ratio CN1 OPERATIVO"},"content":{"rendered":"<p>Feststehendes Messer <strong>Extrema Ratio<\/strong> CN1 OPERATIVO. Der CN1 ist eine zeitgen\u00f6ssische Interpretation eines ber\u00fchmten Dolches aus einer sehr kontroversen Zeit der italienischen Geschichte. Ein Dolch, den wir nicht \u00fcbersehen konnten, nicht weil wir die Ideologie der Zeit wiederbeleben wollten, sondern wegen seiner Originalit\u00e4t, breiten Verwendung und historischen Bedeutung als Waffendesign. Dieses Messer hat eine doppelseitige Klinge. Es wird wie urspr\u00fcnglich entworfen geliefert, wobei die k\u00fcrzere falsche Kante nach unten zeigt. Diese Klingenkonfiguration kann jedoch f\u00fcr eine effizientere Verwendung im tats\u00e4chlichen Gebrauch umgekehrt werden. Ein Geh\u00e4use der dritten Generation ist im Lieferumfang enthalten. Gewicht g.: 296 Finish: MIL-C-13924 Klingenl\u00e4nge (mm): 193 Klingenl\u00e4nge (Zoll): 7,6 Gesamtl\u00e4nge (mm): 311 Gesamtl\u00e4nge (Zoll): 12,2 Klingenst\u00e4rke (mm): 6,3 Klingenst\u00e4rke ( Zoll): 0,25 Klingenmaterial: B\u00d6HLER N690 STAHL (58HRC) Klingenoberfl\u00e4che: MIL-C-13924   &nbsp;<\/p>\n","protected":false},"excerpt":{"rendered":"<p><strong>Extrema Ratio mit Sitz in Prato, Italien,<\/strong> entwirft und fertigt seit 1997 leistungsstarke Kampf-, Milit\u00e4r-, K\u00fcchen-, Jagd- und taktische Messer und genie\u00dft einen Ruf f\u00fcr \u00fcberlegene Qualit\u00e4t, die in der Milit\u00e4r- und taktischen Messerbranche ihresgleichen sucht. <strong>Kostenloser Versand.<\/strong><\/p>\n","protected":false},"featured_media":358360,"comment_status":"open","ping_status":"closed","template":"","meta":[],"pwb-brand":[3539],"product_brand":[],"product_cat":[3285,3287],"product_tag":[3669],"class_list":{"0":"post-358358","1":"product","2":"type-product","3":"status-publish","4":"has-post-thumbnail","6":"pwb-brand-extrema-verhaltnis","7":"product_cat-messer","8":"product_cat-solide-messer","9":"product_tag-b2b-de","11":"first","12":"outofstock","13":"taxable","14":"shipping-taxable","15":"purchasable","16":"product-type-simple"},"brands":[{"id":3539,"name":"Extrema-Verh\u00e4ltnis","slug":"extrema-verhaltnis"}],"_links":{"self":[{"href":"https:\/\/www.moskito.cz\/de\/wp-json\/wp\/v2\/product\/358358","targetHints":{"allow":["GET"]}}],"collection":[{"href":"https:\/\/www.moskito.cz\/de\/wp-json\/wp\/v2\/product"}],"about":[{"href":"https:\/\/www.moskito.cz\/de\/wp-json\/wp\/v2\/types\/product"}],"replies":[{"embeddable":true,"href":"https:\/\/www.moskito.cz\/de\/wp-json\/wp\/v2\/comments?post=358358"}],"wp:featuredmedia":[{"embeddable":true,"href":"https:\/\/www.moskito.cz\/de\/wp-json\/wp\/v2\/media\/358360"}],"wp:attachment":[{"href":"https:\/\/www.moskito.cz\/de\/wp-json\/wp\/v2\/media?parent=358358"}],"wp:term":[{"taxonomy":"pwb-brand","embeddable":true,"href":"https:\/\/www.moskito.cz\/de\/wp-json\/wp\/v2\/pwb-brand?post=358358"},{"taxonomy":"product_brand","embeddable":true,"href":"https:\/\/www.moskito.cz\/de\/wp-json\/wp\/v2\/product_brand?post=358358"},{"taxonomy":"product_cat","embeddable":true,"href":"https:\/\/www.moskito.cz\/de\/wp-json\/wp\/v2\/product_cat?post=358358"},{"taxonomy":"product_tag","embeddable":true,"href":"https:\/\/www.moskito.cz\/de\/wp-json\/wp\/v2\/product_tag?post=358358"}],"curies":[{"name":"wp","href":"https:\/\/api.w.org\/{rel}","templated":true}]}}