{"id":358380,"date":"2022-09-18T20:32:06","date_gmt":"2024-09-07T15:45:43","guid":{"rendered":"https:\/\/www.moskito.cz\/produkt\/feststehendes-messer-extrema-ratio-fulcrum-s-desert-warfare\/"},"modified":"2025-05-07T11:23:48","modified_gmt":"2025-05-07T10:23:48","slug":"feststehendes-messer-extrema-ratio-fulcrum-s-desert-warfare","status":"publish","type":"product","link":"https:\/\/www.moskito.cz\/de\/produkt\/feststehendes-messer-extrema-ratio-fulcrum-s-desert-warfare\/","title":{"rendered":"Feststehendes Messer Extrema Ratio FULCRUM S DESERT WARFARE"},"content":{"rendered":"<p>Feststehendes Messer <strong>Extrema Ratio<\/strong> FULCRUM S DESERT WARFARE. FULCRUM ist ein Meilenstein unter den Mehrzweckmessern. Es wird in gro\u00dfem Umfang in Afghanistan als Standardausr\u00fcstung der italienischen Missionskomponente \u201eNibbio\u201c eingesetzt und ist Teil eines experimentellen Projekts zur Erneuerung einzelner Ausr\u00fcstungen des Alpentruppenkommandos. Zur Vorbereitung dieser wichtigen Mission koordinierte das Alpentruppenkommando ein Team von Unternehmen bei der Erstellung kompletter und restaurierter Einzelversuchsger\u00e4te. Extrema Ratio ist das Unternehmen, das vom Alpenkommando ausgew\u00e4hlt und kontaktiert wurde, um ein Mehrzweckwerkzeug f\u00fcr die Linieninfanterie zu entwickeln, ein Messer, das in allen Breitengraden eingesetzt werden kann und jede Art von Problem erfolgreich l\u00f6st, das mit spezialisierterer Ausr\u00fcstung nicht gel\u00f6st werden kann . . Der Erfolg war so gro\u00df, dass diese Mehrzweckfunktion die Entwicklung eines Fulcrum-Bajonetts mit den gleichen Merkmalen ausl\u00f6ste, das jedoch an einem Dienstgewehr befestigt werden konnte. Das FULCRUM ist ein \u00e4u\u00dferst robustes und vielseitiges Messer. Die Klinge widersteht einem Bruch von mehr als 150 kg, die Spitze ist sehr stark und das Profil erm\u00f6glicht ein langes Arbeiten mit dem Messer, ohne dass die Sch\u00e4rfe des letzten Abschnitts beeintr\u00e4chtigt wird. Dank des fortgeschrittenen Schwerpunkts und Gewichts des Schildes ist es f\u00fcr schwere Feldarbeiten geeignet. Erh\u00e4ltlich in den Versionen FULCRUM EI, FULCRUM BLACK und FULCRUM DESERT WARFARE. Die Spitze ist sehr stark und das Profil erm\u00f6glicht ein langes Arbeiten mit dem Messer, ohne dass die Sch\u00e4rfe des letzten Abschnitts beeintr\u00e4chtigt wird. Dank des fortgeschrittenen Schwerpunkts und Gewichts des Schildes ist es f\u00fcr schwere Feldarbeiten geeignet. Erh\u00e4ltlich in den Versionen FULCRUM EI, FULCRUM BLACK und FULCRUM DESERT WARFARE. Die Spitze ist sehr stark und das Profil erm\u00f6glicht ein langes Arbeiten mit dem Messer, ohne dass die Sch\u00e4rfe des letzten Abschnitts beeintr\u00e4chtigt wird. Dank des fortgeschrittenen Schwerpunkts und Gewichts des Schildes ist es f\u00fcr schwere Feldarbeiten geeignet. Erh\u00e4ltlich in den Versionen FULCRUM EI, FULCRUM BLACK und FULCRUM DESERT WARFARE. Eine k\u00fcrzere Version des FULCRUM mit einer 15 cm langen Klinge. Gleiche Merkmale wie FULCRUM, au\u00dfer dass die Masse geringer ist und sich bei harter Arbeit bemerkbar macht. Verf\u00fcgbare Versionen: FULCRUM S BLACK, FULCRUM S DESERT WARFARE. G GEWICHT: 304 UNZEN GEWICHT: 10,7 KLINGENL\u00c4NGE (MM): 150 KLINGENL\u00c4NGE (IN): 5,9 GESAMTL\u00c4NGE (MM): 280 GESAMTL\u00c4NGE (IN): 11 KLINGENDICKE (MM): 6,3 DICKE KLINGE (IN): 0,25 KLINGENMATERIAL: B\u00d6HLER N690 STAHL (58HRC) KLINGENFINISH: DESERT WARFARE HAUPTGITTER: FLACH TEILZ\u00c4HNE (MM): 40 TEILZ\u00c4HNE (IN): 1,6 GRIFFMATERIAL: FORPRENE       &nbsp;<\/p>\n","protected":false},"excerpt":{"rendered":"<p><strong>Extrema Ratio mit Sitz in Prato, Italien,<\/strong> entwirft und produziert seit 1997 leistungsstarke Kampf-, Milit\u00e4r-, K\u00fcchen-, Jagd- und taktische Messer und genie\u00dft einen Ruf f\u00fcr \u00fcberlegene Qualit\u00e4t, die in der Milit\u00e4r- und taktischen Messerbranche ihresgleichen sucht. <strong>Kostenloser Transport<\/strong> .<\/p>\n","protected":false},"featured_media":358382,"comment_status":"open","ping_status":"closed","template":"","meta":[],"pwb-brand":[3539],"product_brand":[],"product_cat":[3285,3287],"product_tag":[3669],"class_list":{"0":"post-358380","1":"product","2":"type-product","3":"status-publish","4":"has-post-thumbnail","6":"pwb-brand-extrema-verhaltnis","7":"product_cat-messer","8":"product_cat-solide-messer","9":"product_tag-b2b-de","11":"first","12":"instock","13":"taxable","14":"shipping-taxable","15":"purchasable","16":"product-type-simple"},"brands":[{"id":3539,"name":"Extrema-Verh\u00e4ltnis","slug":"extrema-verhaltnis"}],"_links":{"self":[{"href":"https:\/\/www.moskito.cz\/de\/wp-json\/wp\/v2\/product\/358380","targetHints":{"allow":["GET"]}}],"collection":[{"href":"https:\/\/www.moskito.cz\/de\/wp-json\/wp\/v2\/product"}],"about":[{"href":"https:\/\/www.moskito.cz\/de\/wp-json\/wp\/v2\/types\/product"}],"replies":[{"embeddable":true,"href":"https:\/\/www.moskito.cz\/de\/wp-json\/wp\/v2\/comments?post=358380"}],"wp:featuredmedia":[{"embeddable":true,"href":"https:\/\/www.moskito.cz\/de\/wp-json\/wp\/v2\/media\/358382"}],"wp:attachment":[{"href":"https:\/\/www.moskito.cz\/de\/wp-json\/wp\/v2\/media?parent=358380"}],"wp:term":[{"taxonomy":"pwb-brand","embeddable":true,"href":"https:\/\/www.moskito.cz\/de\/wp-json\/wp\/v2\/pwb-brand?post=358380"},{"taxonomy":"product_brand","embeddable":true,"href":"https:\/\/www.moskito.cz\/de\/wp-json\/wp\/v2\/product_brand?post=358380"},{"taxonomy":"product_cat","embeddable":true,"href":"https:\/\/www.moskito.cz\/de\/wp-json\/wp\/v2\/product_cat?post=358380"},{"taxonomy":"product_tag","embeddable":true,"href":"https:\/\/www.moskito.cz\/de\/wp-json\/wp\/v2\/product_tag?post=358380"}],"curies":[{"name":"wp","href":"https:\/\/api.w.org\/{rel}","templated":true}]}}