{"id":358391,"date":"2021-04-27T20:25:35","date_gmt":"2024-09-07T15:55:27","guid":{"rendered":"https:\/\/www.moskito.cz\/produkt\/feststehendes-messer-extrema-ratio-ontos-schwarz-kein-kit\/"},"modified":"2025-07-11T07:54:46","modified_gmt":"2025-07-11T06:54:46","slug":"feststehendes-messer-extrema-ratio-ontos-schwarz-kein-kit","status":"publish","type":"product","link":"https:\/\/www.moskito.cz\/de\/produkt\/feststehendes-messer-extrema-ratio-ontos-schwarz-kein-kit\/","title":{"rendered":"Feststehendes Messer Extrema Ratio ONTOS SCHWARZ KEIN KIT"},"content":{"rendered":"<p>Feststehendes Messer <strong>Extrema Ratio<\/strong> ONTOS SCHWARZ KEIN KIT. Die wachsende Nachfrage unserer Kunden nach Profis \u00fcberzeugte Extrema Ratio, ein Survival-Tool f\u00fcr alle Jahreszeiten zu entwickeln. ONTOS (griechisch f\u00fcr \u201eDing\u201c) ist ein reines Feldmesser, langlebig und trotz seiner kompakten Gr\u00f6\u00dfe schwer. Das gezahnte Segment auf der R\u00fcckseite der Klinge ist als Sicherung gedacht, die nie ohne einsatzbereite scharfe Kante gefangen werden kann. Eine MOLLE-kompatible Nylon-Oberschenkeljacke bleibt auch im Falle eines R\u00fcckzugs an, wenn der Soldat den Gro\u00dfteil seiner sperrigen Prim\u00e4rausr\u00fcstung ablegt. Ein Survival-Kit kann separat erworben werden, welches an der Messerscheide befestigt werden kann. Verf\u00fcgbare Versionen: ONTOS BLACK, ONTOS GREEN. TECHNISCHES BLATT Gewicht g.:411 Gewicht oz.: 14,5 Klingenl\u00e4nge (mm): 168 Klingenl\u00e4nge (Zoll): 6,6 Gesamtl\u00e4nge (mm): 299 Gesamtl\u00e4nge (Zoll): 11,8 Klingenst\u00e4rke (mm): 6,3 Klingenst\u00e4rke ( Zoll): 0,25 Klingenmaterial: B\u00d6HLER N690 STAHL (58HRC) Klingenoberfl\u00e4che: HEATING MIL-C-13924 Hauptgitter: FLACH Verzahnungen (Zoll): 1,6 Verzahnungen (mm): 40 Griffmaterial: FORPRENE <\/p>\n","protected":false},"excerpt":{"rendered":"<p><strong>Extrema Ratio mit Sitz in Prato, Italien,<\/strong> entwirft und fertigt seit 1997 leistungsstarke Kampf-, Milit\u00e4r-, K\u00fcchen-, Jagd- und taktische Messer und genie\u00dft einen Ruf f\u00fcr \u00fcberlegene Qualit\u00e4t, die in der Milit\u00e4r- und taktischen Messerbranche ihresgleichen sucht. <strong>Kostenloser Versand.<\/strong><\/p>\n","protected":false},"featured_media":358393,"comment_status":"open","ping_status":"closed","template":"","meta":[],"pwb-brand":[3539],"product_brand":[],"product_cat":[3285,3287],"product_tag":[3669],"class_list":{"0":"post-358391","1":"product","2":"type-product","3":"status-publish","4":"has-post-thumbnail","6":"pwb-brand-extrema-verhaltnis","7":"product_cat-messer","8":"product_cat-solide-messer","9":"product_tag-b2b-de","11":"first","12":"instock","13":"taxable","14":"shipping-taxable","15":"purchasable","16":"product-type-simple"},"brands":[{"id":3539,"name":"Extrema-Verh\u00e4ltnis","slug":"extrema-verhaltnis"}],"_links":{"self":[{"href":"https:\/\/www.moskito.cz\/de\/wp-json\/wp\/v2\/product\/358391","targetHints":{"allow":["GET"]}}],"collection":[{"href":"https:\/\/www.moskito.cz\/de\/wp-json\/wp\/v2\/product"}],"about":[{"href":"https:\/\/www.moskito.cz\/de\/wp-json\/wp\/v2\/types\/product"}],"replies":[{"embeddable":true,"href":"https:\/\/www.moskito.cz\/de\/wp-json\/wp\/v2\/comments?post=358391"}],"wp:featuredmedia":[{"embeddable":true,"href":"https:\/\/www.moskito.cz\/de\/wp-json\/wp\/v2\/media\/358393"}],"wp:attachment":[{"href":"https:\/\/www.moskito.cz\/de\/wp-json\/wp\/v2\/media?parent=358391"}],"wp:term":[{"taxonomy":"pwb-brand","embeddable":true,"href":"https:\/\/www.moskito.cz\/de\/wp-json\/wp\/v2\/pwb-brand?post=358391"},{"taxonomy":"product_brand","embeddable":true,"href":"https:\/\/www.moskito.cz\/de\/wp-json\/wp\/v2\/product_brand?post=358391"},{"taxonomy":"product_cat","embeddable":true,"href":"https:\/\/www.moskito.cz\/de\/wp-json\/wp\/v2\/product_cat?post=358391"},{"taxonomy":"product_tag","embeddable":true,"href":"https:\/\/www.moskito.cz\/de\/wp-json\/wp\/v2\/product_tag?post=358391"}],"curies":[{"name":"wp","href":"https:\/\/api.w.org\/{rel}","templated":true}]}}