{"id":358411,"date":"2022-07-10T10:29:05","date_gmt":"2024-09-07T15:55:30","guid":{"rendered":"https:\/\/www.moskito.cz\/produkt\/feststehendes-messer-extrema-ratio-ontos-green-kein-kit\/"},"modified":"2025-05-07T11:23:49","modified_gmt":"2025-05-07T10:23:49","slug":"feststehendes-messer-extrema-ratio-ontos-green-kein-kit","status":"publish","type":"product","link":"https:\/\/www.moskito.cz\/de\/produkt\/feststehendes-messer-extrema-ratio-ontos-green-kein-kit\/","title":{"rendered":"Feststehendes Messer Extrema Ratio ONTOS GREEN KEIN KIT"},"content":{"rendered":"<p>Feststehendes Messer <strong>Extrema Ratio<\/strong> ONTOS GREEN NO KIT Die wachsende Nachfrage von Profis unter unseren Kunden \u00fcberzeugte Extrema Ratio, ein \u00dcberlebenswerkzeug f\u00fcr alle Jahreszeiten zu entwickeln. ONTOS (\u201eDing\u201c auf Griechisch) ist ein reines Feldmesser, trotz seiner kompakten Gr\u00f6\u00dfe robust und schwer. Das gezahnte Segment auf der R\u00fcckseite der Klinge ist als St\u00fctzelement gedacht, das ohne scharfe Kante beim Gebrauch niemals h\u00e4ngen bleibt. Ein MOLLE-kompatibles Nylon-Oberschenkelholster bleibt auch im Falle eines R\u00fcckzugs an, bei dem der Soldat den Gro\u00dfteil seiner sperrigen Grundausr\u00fcstung fallen lassen w\u00fcrde. Zur Befestigung an der Messerscheide kann separat ein Survival-Kit erworben werden. Verf\u00fcgbare Versionen: ONTOS BLACK, ONTOS GREEN. G. GEWICHT: 411 OZ. GEWICHT: 14,5 KLINGENL\u00c4NGE (MM): 168 KLINGENL\u00c4NGE (IN): 6,6 GESAMTL\u00c4NGE (MM): 299 GESAMTL\u00c4NGE (H): 11,8 KLINGENDICKE (MM): 6,3 KLINGENDICKE (IN) : 0,25 KLINGENMATERIAL: B\u00d6HLER N690 STAHL (58HRC) KLINGENFINISH: LAYING MIL-C-13924 HAUPTGITTER: FLACH TEILZ\u00c4HNE (MM): 40 TEILZ\u00c4HNE (IN): 1, 6 GRIFFMATERIAL: FORPRENE <\/p>\n","protected":false},"excerpt":{"rendered":"<p><strong>Extrema Ratio mit Sitz in Prato, Italien,<\/strong> entwirft und produziert seit 1997 leistungsstarke Kampf-, Milit\u00e4r-, K\u00fcchen-, Jagd- und taktische Messer und genie\u00dft einen Ruf f\u00fcr \u00fcberlegene Qualit\u00e4t, die in der Milit\u00e4r- und taktischen Messerbranche ihresgleichen sucht. <strong>Kostenloser Transport<\/strong> .<\/p>\n","protected":false},"featured_media":358412,"comment_status":"open","ping_status":"closed","template":"","meta":[],"pwb-brand":[3539],"product_brand":[],"product_cat":[3285,3287],"product_tag":[3669],"class_list":{"0":"post-358411","1":"product","2":"type-product","3":"status-publish","4":"has-post-thumbnail","6":"pwb-brand-extrema-verhaltnis","7":"product_cat-messer","8":"product_cat-solide-messer","9":"product_tag-b2b-de","11":"first","12":"instock","13":"taxable","14":"shipping-taxable","15":"purchasable","16":"product-type-simple"},"brands":[{"id":3539,"name":"Extrema-Verh\u00e4ltnis","slug":"extrema-verhaltnis"}],"_links":{"self":[{"href":"https:\/\/www.moskito.cz\/de\/wp-json\/wp\/v2\/product\/358411","targetHints":{"allow":["GET"]}}],"collection":[{"href":"https:\/\/www.moskito.cz\/de\/wp-json\/wp\/v2\/product"}],"about":[{"href":"https:\/\/www.moskito.cz\/de\/wp-json\/wp\/v2\/types\/product"}],"replies":[{"embeddable":true,"href":"https:\/\/www.moskito.cz\/de\/wp-json\/wp\/v2\/comments?post=358411"}],"wp:featuredmedia":[{"embeddable":true,"href":"https:\/\/www.moskito.cz\/de\/wp-json\/wp\/v2\/media\/358412"}],"wp:attachment":[{"href":"https:\/\/www.moskito.cz\/de\/wp-json\/wp\/v2\/media?parent=358411"}],"wp:term":[{"taxonomy":"pwb-brand","embeddable":true,"href":"https:\/\/www.moskito.cz\/de\/wp-json\/wp\/v2\/pwb-brand?post=358411"},{"taxonomy":"product_brand","embeddable":true,"href":"https:\/\/www.moskito.cz\/de\/wp-json\/wp\/v2\/product_brand?post=358411"},{"taxonomy":"product_cat","embeddable":true,"href":"https:\/\/www.moskito.cz\/de\/wp-json\/wp\/v2\/product_cat?post=358411"},{"taxonomy":"product_tag","embeddable":true,"href":"https:\/\/www.moskito.cz\/de\/wp-json\/wp\/v2\/product_tag?post=358411"}],"curies":[{"name":"wp","href":"https:\/\/api.w.org\/{rel}","templated":true}]}}