{"id":358508,"date":"2024-09-10T10:45:50","date_gmt":"2024-09-10T09:46:35","guid":{"rendered":"https:\/\/www.moskito.cz\/produkt\/multitool-leatherman-sidekick\/"},"modified":"2025-05-07T11:23:51","modified_gmt":"2025-05-07T10:23:51","slug":"multitool-leatherman-sidekick","status":"publish","type":"product","link":"https:\/\/www.moskito.cz\/de\/produkt\/multitool-leatherman-sidekick\/","title":{"rendered":"Multitool Leatherman SIDEKICK"},"content":{"rendered":"<p>Multitool <strong>Leatherman<\/strong> SIDEKICK. <strong>Leatherman SIDEKICK<\/strong> ist ein weiteres Beispiel f\u00fcr die Kombination von attraktivem Design mit hoher Funktionalit\u00e4t der Marke Leatherman. Das Vierzehn-Werkzeug-Multitool ist mit einer Zange mit ergonomisch geformtem Griff und Federmechanismus ausgestattet, die das Arbeiten auch unter schwierigen Bedingungen erleichtert. Die externen Werkzeuge \u2013 Messer und S\u00e4ge \u2013 lassen sich bequem mit einer Hand \u00f6ffnen. Ein Messer mit Wellenschliff, ein Feilen\u00f6ffner und ein Satz Schraubendreher komplettieren das Werkzeug im Inneren. Das <strong>Leatherman SIDEKICK<\/strong> Multitool wird besonders von Monteuren (aber auch Kletterern) gesch\u00e4tzt, die auch unter schwierigen Bedingungen immer grundlegende Werkzeuge zur Hand haben m\u00f6chten. Das Paket enth\u00e4lt: Multitool, schwarzes Nylonetui, abnehmbarer Clip f\u00fcr Tasche oder G\u00fcrtel, 100 % original Aufkleber, Anleitung. Parameter: Klingenl\u00e4nge: 6,6 cm L\u00e4nge des geschlossenen Werkzeugs: 9,7 cm Gewicht: 198,4 g https:\/\/www.youtube.com\/shorts\/E7JckCUsyps       &nbsp;<\/p>\n","protected":false},"excerpt":{"rendered":"<p><strong>Multifunktionales Taschenwerkzeug mit federbelasteter Zange, S\u00e4ge, zwei Messerklingen, \u00d6ffner und weiteren n\u00fctzlichen Werkzeugen.<\/strong><\/p>\n","protected":false},"featured_media":358475,"comment_status":"open","ping_status":"closed","template":"","meta":[],"pwb-brand":[3482],"product_brand":[],"product_cat":[3340],"product_tag":[],"class_list":{"0":"post-358508","1":"product","2":"type-product","3":"status-publish","4":"has-post-thumbnail","6":"pwb-brand-ledermann","7":"product_cat-multi-tool-de","9":"first","10":"instock","11":"taxable","12":"shipping-taxable","13":"purchasable","14":"product-type-simple"},"brands":[{"id":3482,"name":"Ledermann","slug":"ledermann"}],"_links":{"self":[{"href":"https:\/\/www.moskito.cz\/de\/wp-json\/wp\/v2\/product\/358508","targetHints":{"allow":["GET"]}}],"collection":[{"href":"https:\/\/www.moskito.cz\/de\/wp-json\/wp\/v2\/product"}],"about":[{"href":"https:\/\/www.moskito.cz\/de\/wp-json\/wp\/v2\/types\/product"}],"replies":[{"embeddable":true,"href":"https:\/\/www.moskito.cz\/de\/wp-json\/wp\/v2\/comments?post=358508"}],"wp:featuredmedia":[{"embeddable":true,"href":"https:\/\/www.moskito.cz\/de\/wp-json\/wp\/v2\/media\/358475"}],"wp:attachment":[{"href":"https:\/\/www.moskito.cz\/de\/wp-json\/wp\/v2\/media?parent=358508"}],"wp:term":[{"taxonomy":"pwb-brand","embeddable":true,"href":"https:\/\/www.moskito.cz\/de\/wp-json\/wp\/v2\/pwb-brand?post=358508"},{"taxonomy":"product_brand","embeddable":true,"href":"https:\/\/www.moskito.cz\/de\/wp-json\/wp\/v2\/product_brand?post=358508"},{"taxonomy":"product_cat","embeddable":true,"href":"https:\/\/www.moskito.cz\/de\/wp-json\/wp\/v2\/product_cat?post=358508"},{"taxonomy":"product_tag","embeddable":true,"href":"https:\/\/www.moskito.cz\/de\/wp-json\/wp\/v2\/product_tag?post=358508"}],"curies":[{"name":"wp","href":"https:\/\/api.w.org\/{rel}","templated":true}]}}