{"id":358552,"date":"2024-09-10T13:55:27","date_gmt":"2024-09-10T12:55:27","guid":{"rendered":"https:\/\/www.moskito.cz\/produkt\/multitool-leatherman-charge-plus-schwarz\/"},"modified":"2025-05-07T11:23:52","modified_gmt":"2025-05-07T10:23:52","slug":"multitool-leatherman-charge-plus-schwarz","status":"publish","type":"product","link":"https:\/\/www.moskito.cz\/de\/produkt\/multitool-leatherman-charge-plus-schwarz\/","title":{"rendered":"Multitool Leatherman Charge Plus Schwarz"},"content":{"rendered":"<p>Multitool <strong>Leatherman<\/strong> Charge Plus Schwarz. <strong>Leatherman Charge+ black<\/strong> hat eine mattgrau-schwarze Oberfl\u00e4che und ist nicht nur wegen der 19 Funktionswerkzeuge (darunter Messer, eine S\u00e4ge, ein Schneidhaken, eine Feile, Schraubendreher oder \u00d6ffner) eines der beliebtesten Multitools, sondern auch wegen die hochwertigen Materialien, aus denen es gefertigt ist. Das mit Plus gekennzeichnete Werkzeug wurde neu um austauschbare Zangenklingen erweitert, wodurch das Multitool auch nach vielen Jahren harter Nutzung wie neu bleibt. Die Schere schneidet alles durch, die Hackmesser bestehen aus haltbarem Material und sind austauschbar, und die Messerklinge besteht aus starkem, korrosionsbest\u00e4ndigem 154CM-Stahl (154CM ist eine Edelstahlsorte, die in den USA von Crucible Materials entwickelt und hergestellt wird). Corporation.) Brauchen Sie eine zus\u00e4tzliche Hand? Kein Problem. Jedes Werkzeug l\u00e4sst sich mit nur einer Hand \u00f6ffnen und verriegeln. Enth\u00e4lt einen abnehmbaren Taschenclip. PARAMETER: Klingenl\u00e4nge: 7,37 cm L\u00e4nge des geschlossenen Werkzeugs: 10 cm Gewicht: 235 g WERKZEUGE: 01 Spitzzange 02 Normale Zange 03 Premium austauschbarer Drahtschneider 04 Premium harter Drahtschneider austauschbar 05 Elektrische Crimpzange 06 Abisolierzange 07 Messer 154 cm 08 Messer gezahnt 420HC 09 S\u00e4ge 10 Federschere 11 Schneidhaken 12 Lineal (8 Zoll | 19 cm) 13 Dosen\u00f6ffner 14 Flaschen\u00f6ffner 15 Holz-\/Metallfeile 16 Diamantoberfl\u00e4chenfeile 17 Gro\u00dfer Bohrer 18 Kleiner Bohrer 19 Mittlerer Schraubendreher        &nbsp;  PAKET ENTH\u00c4LT: Multitool-Nylon-Mittelkoffer mit 4 Taschen, abnehmbarer Taschenclip-Karabinerring, Satz zus\u00e4tzlicher Bits: Kreuzbit PZ1 und PZ2, Inbus 1,5 mm, 2 mm, 2,5 mm, 3 mm, 4 mm, 5 mm Torx 10, 15, 20, 25 Flachbit 1\/8 und 3\/32 Aufkleber 100 % Originalanleitung<\/p>\n","protected":false},"excerpt":{"rendered":"<p><strong>Auf das Werkzeug gibt es eine Garantie von 25 Jahren, sodass Ihr Leatherman Ihnen fast ein Leben lang gute Dienste leisten wird. Das Werkzeug wird mit einem Nylonetui mit vier F\u00e4chern, einem Stahlclip und einer \u00d6se zum Aufh\u00e4ngen sowie einem Kunststoffmagazin mit sieben Bits geliefert. <\/strong><\/p>\n<p><strong>Kostenloser Transport.<\/strong><\/p>\n","protected":false},"featured_media":358525,"comment_status":"open","ping_status":"closed","template":"","meta":[],"pwb-brand":[3482],"product_brand":[],"product_cat":[3340],"product_tag":[],"class_list":{"0":"post-358552","1":"product","2":"type-product","3":"status-publish","4":"has-post-thumbnail","6":"pwb-brand-ledermann","7":"product_cat-multi-tool-de","9":"first","10":"instock","11":"taxable","12":"shipping-taxable","13":"purchasable","14":"product-type-simple"},"brands":[{"id":3482,"name":"Ledermann","slug":"ledermann"}],"_links":{"self":[{"href":"https:\/\/www.moskito.cz\/de\/wp-json\/wp\/v2\/product\/358552","targetHints":{"allow":["GET"]}}],"collection":[{"href":"https:\/\/www.moskito.cz\/de\/wp-json\/wp\/v2\/product"}],"about":[{"href":"https:\/\/www.moskito.cz\/de\/wp-json\/wp\/v2\/types\/product"}],"replies":[{"embeddable":true,"href":"https:\/\/www.moskito.cz\/de\/wp-json\/wp\/v2\/comments?post=358552"}],"wp:featuredmedia":[{"embeddable":true,"href":"https:\/\/www.moskito.cz\/de\/wp-json\/wp\/v2\/media\/358525"}],"wp:attachment":[{"href":"https:\/\/www.moskito.cz\/de\/wp-json\/wp\/v2\/media?parent=358552"}],"wp:term":[{"taxonomy":"pwb-brand","embeddable":true,"href":"https:\/\/www.moskito.cz\/de\/wp-json\/wp\/v2\/pwb-brand?post=358552"},{"taxonomy":"product_brand","embeddable":true,"href":"https:\/\/www.moskito.cz\/de\/wp-json\/wp\/v2\/product_brand?post=358552"},{"taxonomy":"product_cat","embeddable":true,"href":"https:\/\/www.moskito.cz\/de\/wp-json\/wp\/v2\/product_cat?post=358552"},{"taxonomy":"product_tag","embeddable":true,"href":"https:\/\/www.moskito.cz\/de\/wp-json\/wp\/v2\/product_tag?post=358552"}],"curies":[{"name":"wp","href":"https:\/\/api.w.org\/{rel}","templated":true}]}}