{"id":358585,"date":"2024-09-10T14:25:44","date_gmt":"2024-09-10T13:25:44","guid":{"rendered":"https:\/\/www.moskito.cz\/produkt\/multitool-leatherman-rebar-coyote-tan\/"},"modified":"2025-05-07T11:23:54","modified_gmt":"2025-05-07T10:23:54","slug":"multitool-leatherman-rebar-coyote-tan","status":"publish","type":"product","link":"https:\/\/www.moskito.cz\/de\/produkt\/multitool-leatherman-rebar-coyote-tan\/","title":{"rendered":"Multitool Leatherman Rebar Coyote Tan"},"content":{"rendered":"<p>Multitool <strong>Leatherman<\/strong> Rebar Coyote Tan. Das Design des <strong>REBAR-<\/strong> Multitools orientiert sich an der Tradition der Marke Leatherman. Die Basis bildet eine schlanke, aber sehr stabile Multifunktionszange mit auswechselbaren Hackmessern. Die universelle Ausstattung umfasst alle wichtigen Grundwerkzeuge und wird jeden zufriedenstellen: vom Heimwerker \u00fcber den professionellen Installateur bis hin zum Wanderer und Touristen. Jedes der siebzehn Funktionswerkzeuge ist mit einer Sicherung gegen versehentliches Zusammenklappen ausgestattet. Das Leatherman REBAR Multitool enth\u00e4lt neben der traditionellen Kombizange zwei Messer mit gerader und gezahnter Klinge aus 420HC-Edelstahl, eine S\u00e4ge, eine Ahle, ein Set Dosen- und Flaschen\u00f6ffner, Feilen f\u00fcr Metall und Holz sowie ein Set von Schraubenziehern. Kurzum: Bei 190 Gramm Stahl findet jeder etwas f\u00fcr sich. Erh\u00e4ltlich in Schwarz, Silber oder TAN. Im Lieferumfang enthalten: Multitool, NYLON BLACK MEDIUM-Koffer, 100 % Originalaufkleber, Anleitung Parameter Klingenl\u00e4nge: 7,36 cm L\u00e4nge des geschlossenen Werkzeugs: 10,16 cm Gewicht: 189,94 g https:\/\/www.youtube.com\/shorts\/VZa0w2dmy6k    &nbsp;<\/p>\n","protected":false},"excerpt":{"rendered":"<p><strong>Das Design des REBAR-Multitools orientiert sich an der Tradition der Marke Leatherman. Die Basis bildet eine schlanke, aber sehr stabile Multifunktionszange mit auswechselbaren Hackmessern. Die universelle Ausstattung umfasst alle wichtigen Grundwerkzeuge und wird jeden zufriedenstellen: vom Heimwerker \u00fcber den professionellen Installateur bis hin zum Wanderer und Touristen.  <\/strong><\/p>\n","protected":false},"featured_media":358557,"comment_status":"open","ping_status":"closed","template":"","meta":[],"pwb-brand":[3482],"product_brand":[],"product_cat":[3340],"product_tag":[],"class_list":{"0":"post-358585","1":"product","2":"type-product","3":"status-publish","4":"has-post-thumbnail","6":"pwb-brand-ledermann","7":"product_cat-multi-tool-de","9":"first","10":"instock","11":"taxable","12":"shipping-taxable","13":"purchasable","14":"product-type-simple"},"brands":[{"id":3482,"name":"Ledermann","slug":"ledermann"}],"_links":{"self":[{"href":"https:\/\/www.moskito.cz\/de\/wp-json\/wp\/v2\/product\/358585","targetHints":{"allow":["GET"]}}],"collection":[{"href":"https:\/\/www.moskito.cz\/de\/wp-json\/wp\/v2\/product"}],"about":[{"href":"https:\/\/www.moskito.cz\/de\/wp-json\/wp\/v2\/types\/product"}],"replies":[{"embeddable":true,"href":"https:\/\/www.moskito.cz\/de\/wp-json\/wp\/v2\/comments?post=358585"}],"wp:featuredmedia":[{"embeddable":true,"href":"https:\/\/www.moskito.cz\/de\/wp-json\/wp\/v2\/media\/358557"}],"wp:attachment":[{"href":"https:\/\/www.moskito.cz\/de\/wp-json\/wp\/v2\/media?parent=358585"}],"wp:term":[{"taxonomy":"pwb-brand","embeddable":true,"href":"https:\/\/www.moskito.cz\/de\/wp-json\/wp\/v2\/pwb-brand?post=358585"},{"taxonomy":"product_brand","embeddable":true,"href":"https:\/\/www.moskito.cz\/de\/wp-json\/wp\/v2\/product_brand?post=358585"},{"taxonomy":"product_cat","embeddable":true,"href":"https:\/\/www.moskito.cz\/de\/wp-json\/wp\/v2\/product_cat?post=358585"},{"taxonomy":"product_tag","embeddable":true,"href":"https:\/\/www.moskito.cz\/de\/wp-json\/wp\/v2\/product_tag?post=358585"}],"curies":[{"name":"wp","href":"https:\/\/api.w.org\/{rel}","templated":true}]}}