{"id":358641,"date":"2023-04-22T12:56:03","date_gmt":"2023-04-22T11:56:03","guid":{"rendered":"https:\/\/www.moskito.cz\/produkt\/multitool-leatherman-surge-schwarz\/"},"modified":"2025-05-07T11:23:54","modified_gmt":"2025-05-07T10:23:54","slug":"multitool-leatherman-surge-schwarz","status":"publish","type":"product","link":"https:\/\/www.moskito.cz\/de\/produkt\/multitool-leatherman-surge-schwarz\/","title":{"rendered":"Multitool Leatherman Surge Schwarz"},"content":{"rendered":"<p>Multitool <strong>Leatherman<\/strong> Surge Black Die Leatherman Surge Black Zange ist ein n\u00fctzlicher Helfer f\u00fcr jeden Heimwerker, in dessen robustem Stahlgeh\u00e4use sich insgesamt 21 Werkzeuge verbergen. Dank seiner unauff\u00e4lligen Abmessungen k\u00f6nnen Sie es immer in der Tasche oder im Auto, im Kofferraum eines Motorrads, in der Werkstatt oder nicht zuletzt auch in der Natur dabei haben. In diesem Multitool finden Sie neben der klassischen Multifunktionszange auch einen Flaschen- und Dosen\u00f6ffner, einen Satz Schraubendreher, eine Ahle mit Loch, zwei Messer aus Premiumstahl 420HC, eine S\u00e4ge mit Doppelz\u00e4hnen, die k\u00f6nnen Sie gegen eine Feile mit Diamantbeschichtung eintauschen. Auch eine scharfe Schere mit Federmechanismus ist sicher praktisch. Kurz gesagt, Sie finden hier alles, was Sie f\u00fcr verschiedene Aktivit\u00e4ten ben\u00f6tigen. Leatherman gew\u00e4hrt auf seine Produkte eine Garantie von 25 Jahren, was die Qualit\u00e4t der Produkte dieser Marke beweist. Werkzeuge: Spitzzange, Kombizange, Weichdraht-Crimpzange \u2013 austauschbare Hartdraht-Crimpzange, austauschbare Crimpzange, Crimpzange \u2013 Drahtkabel-Abisolierklinge am \u00d6ffner, gerades Messer aus 420HC-Stahl, gezahntes Messer aus 420HC-Stahl, S\u00e4ge, Federschere, Ahlenlineal (8 Zoll\/19 cm) \u00d6ffner Flaschen\u00f6ffner Holz- und Metallfeile Diamantbeschichtete Feile Austauschbare S\u00e4ge \u2013 Bosch Gro\u00dfer Bit-Adapter Gro\u00dfer flacher Schraubendreher Kleiner flacher Schraubendreher      <\/p>\n","protected":false},"excerpt":{"rendered":"<p>Das Leatherman Surge ist eines unserer beiden gr\u00f6\u00dften Multitools. Das Design umfasst die gr\u00f6\u00dfte Zange von Leatherman, die l\u00e4ngsten Klingen und benutzerfreundliche Werkzeugverriegelungen. <\/p>\n","protected":false},"featured_media":358642,"comment_status":"open","ping_status":"closed","template":"","meta":[],"pwb-brand":[3482],"product_brand":[],"product_cat":[3340],"product_tag":[],"class_list":{"0":"post-358641","1":"product","2":"type-product","3":"status-publish","4":"has-post-thumbnail","6":"pwb-brand-ledermann","7":"product_cat-multi-tool-de","9":"first","10":"instock","11":"taxable","12":"shipping-taxable","13":"purchasable","14":"product-type-simple"},"brands":[{"id":3482,"name":"Ledermann","slug":"ledermann"}],"_links":{"self":[{"href":"https:\/\/www.moskito.cz\/de\/wp-json\/wp\/v2\/product\/358641","targetHints":{"allow":["GET"]}}],"collection":[{"href":"https:\/\/www.moskito.cz\/de\/wp-json\/wp\/v2\/product"}],"about":[{"href":"https:\/\/www.moskito.cz\/de\/wp-json\/wp\/v2\/types\/product"}],"replies":[{"embeddable":true,"href":"https:\/\/www.moskito.cz\/de\/wp-json\/wp\/v2\/comments?post=358641"}],"wp:featuredmedia":[{"embeddable":true,"href":"https:\/\/www.moskito.cz\/de\/wp-json\/wp\/v2\/media\/358642"}],"wp:attachment":[{"href":"https:\/\/www.moskito.cz\/de\/wp-json\/wp\/v2\/media?parent=358641"}],"wp:term":[{"taxonomy":"pwb-brand","embeddable":true,"href":"https:\/\/www.moskito.cz\/de\/wp-json\/wp\/v2\/pwb-brand?post=358641"},{"taxonomy":"product_brand","embeddable":true,"href":"https:\/\/www.moskito.cz\/de\/wp-json\/wp\/v2\/product_brand?post=358641"},{"taxonomy":"product_cat","embeddable":true,"href":"https:\/\/www.moskito.cz\/de\/wp-json\/wp\/v2\/product_cat?post=358641"},{"taxonomy":"product_tag","embeddable":true,"href":"https:\/\/www.moskito.cz\/de\/wp-json\/wp\/v2\/product_tag?post=358641"}],"curies":[{"name":"wp","href":"https:\/\/api.w.org\/{rel}","templated":true}]}}