{"id":358698,"date":"2024-09-10T14:38:58","date_gmt":"2024-09-10T14:40:40","guid":{"rendered":"https:\/\/www.moskito.cz\/produkt\/multitool-leatherman-curl\/"},"modified":"2025-05-07T11:23:56","modified_gmt":"2025-05-07T10:23:56","slug":"multitool-leatherman-curl","status":"publish","type":"product","link":"https:\/\/www.moskito.cz\/de\/produkt\/multitool-leatherman-curl\/","title":{"rendered":"Multitool Leatherman CURL"},"content":{"rendered":"<p>Multitool <strong>Leatherman<\/strong> CURL. Kompakt und praktisch. Das ist das neue <strong>Leatherman CURL-<\/strong> Multitool. Es verf\u00fcgt \u00fcber f\u00fcnfzehn hochmoderne Werkzeuge (darunter eine ultrascharfe Messerklinge, die mit einer Hand bedient werden kann, eine federbelastete Schere und einen Bitaufsatz). Dennoch ist <strong>CURL<\/strong> sehr erschwinglich. Mit einem abnehmbaren Taschenclip oder einer Nylonh\u00fclle haben Sie es immer griffbereit. Lieferumfang: Nylonetui, abnehmbarer Clip. Parameter: Klingenl\u00e4nge: 7,37 cm L\u00e4nge des geschlossenen Werkzeugs: 10 cm Lieferumfang: Multitool-Nylonetui, abnehmbarer Clip-Aufkleber, 100 % Original und Anleitung. Werkzeuge: Zange mit Nadelspitze, Zange, Drahtschneidezange, Hartdrahtzange, Kabelabisolierklinge, Messer mit gerader Stahlklinge 420 HC Gro\u00dfer Bit-Adapter Federschere Diamantfeile Dosen\u00f6ffner Flaschen\u00f6ffner Ahle und \u00d6se Lineal (10 cm) Holz- und Metallfeile Mittlerer Schraubendreher       <\/p>\n","protected":false},"excerpt":{"rendered":"<p><strong>Das Leatherman Curl Multitool verf\u00fcgt \u00fcber f\u00fcnfzehn hochmoderne Werkzeuge (darunter eine ultrascharfe Messerklinge, die mit einer Hand bedient werden kann, eine federbelastete Schere und einen Bitaufsatz).<\/strong><\/p>\n","protected":false},"featured_media":358590,"comment_status":"open","ping_status":"closed","template":"","meta":[],"pwb-brand":[3482],"product_brand":[],"product_cat":[3340],"product_tag":[],"class_list":{"0":"post-358698","1":"product","2":"type-product","3":"status-publish","4":"has-post-thumbnail","6":"pwb-brand-ledermann","7":"product_cat-multi-tool-de","9":"first","10":"instock","11":"taxable","12":"shipping-taxable","13":"purchasable","14":"product-type-simple"},"brands":[{"id":3482,"name":"Ledermann","slug":"ledermann"}],"_links":{"self":[{"href":"https:\/\/www.moskito.cz\/de\/wp-json\/wp\/v2\/product\/358698","targetHints":{"allow":["GET"]}}],"collection":[{"href":"https:\/\/www.moskito.cz\/de\/wp-json\/wp\/v2\/product"}],"about":[{"href":"https:\/\/www.moskito.cz\/de\/wp-json\/wp\/v2\/types\/product"}],"replies":[{"embeddable":true,"href":"https:\/\/www.moskito.cz\/de\/wp-json\/wp\/v2\/comments?post=358698"}],"wp:featuredmedia":[{"embeddable":true,"href":"https:\/\/www.moskito.cz\/de\/wp-json\/wp\/v2\/media\/358590"}],"wp:attachment":[{"href":"https:\/\/www.moskito.cz\/de\/wp-json\/wp\/v2\/media?parent=358698"}],"wp:term":[{"taxonomy":"pwb-brand","embeddable":true,"href":"https:\/\/www.moskito.cz\/de\/wp-json\/wp\/v2\/pwb-brand?post=358698"},{"taxonomy":"product_brand","embeddable":true,"href":"https:\/\/www.moskito.cz\/de\/wp-json\/wp\/v2\/product_brand?post=358698"},{"taxonomy":"product_cat","embeddable":true,"href":"https:\/\/www.moskito.cz\/de\/wp-json\/wp\/v2\/product_cat?post=358698"},{"taxonomy":"product_tag","embeddable":true,"href":"https:\/\/www.moskito.cz\/de\/wp-json\/wp\/v2\/product_tag?post=358698"}],"curies":[{"name":"wp","href":"https:\/\/api.w.org\/{rel}","templated":true}]}}