{"id":358809,"date":"2024-09-11T10:35:26","date_gmt":"2024-09-11T09:35:26","guid":{"rendered":"https:\/\/www.moskito.cz\/produkt\/multitool-leatherman-signal-2\/"},"modified":"2025-05-07T11:23:58","modified_gmt":"2025-05-07T10:23:58","slug":"multitool-leatherman-signal-2","status":"publish","type":"product","link":"https:\/\/www.moskito.cz\/de\/produkt\/multitool-leatherman-signal-2\/","title":{"rendered":"Multitool Leatherman SIGNAL"},"content":{"rendered":"<p>Multitool <strong>Leatherman<\/strong> SIGNAL. Es ist nicht schwer, in eine Situation zu geraten, in der buchst\u00e4blich das Leben auf dem Spiel steht. Verlieren Sie sich einfach im Wald, verlieren Sie sich \u00fcberall in der Natur. Zu diesem Zeitpunkt sind wir f\u00fcr jede Hilfe dankbar. <strong>Ledermann SIGNAL<\/strong> bringt genau neunzehn davon mit. Zu den neunzehn Werkzeugen des neuen SIGNAL Outdoor-Specials, die Ihnen nicht nur im Notfall weiterhelfen, geh\u00f6ren ein Feuerstein mit Diamantausl\u00f6ser, mit dessen Hilfe Sie ganz einfach ein Feuer entfachen k\u00f6nnen, eine Signalpfeife zur Kommunikation mit dem Umgebung, einen Karabiner zum Aufh\u00e4ngen, aber auch ein Messer mit kombinierter Klinge, einen Hammer, eine Ahle, einen Satz \u00d6ffner und Schraubendreher und nat\u00fcrlich eine traditionelle Multifunktionszange. Hinter dem attraktiven gelb-schwarzen K\u00f6rper verbirgt sich ein m\u00f6glicher Lebensretter, der Sie nicht mehr \u00fcberraschen sollte. Das Paket enth\u00e4lt: Multitool, NYLON LARGE-Koffer, 100 % Originalaufkleber, Anleitung. Parameter: Gewicht: 212,6 g L\u00e4nge des geschlossenen Werkzeugs: 11,43 cm Klingenl\u00e4nge: 6,93 cm https:\/\/www.youtube.com\/watch?v=WwJdQJJPVmU          &nbsp;<\/p>\n","protected":false},"excerpt":{"rendered":"<div class=\"elementor-element elementor-element-bbb542b elementor-widget elementor-widget-woocommerce-product-short-description\" data-id=\"bbb542b\" data-element_type=\"widget\" data-widget_type=\"woocommerce-product-short-description.default\">\n<div class=\"elementor-widget-container\">\n<div class=\"woocommerce-product-details__short-description\">\n<div class=\"elementor-element elementor-element-bbb542b elementor-widget elementor-widget-woocommerce-product-short-description\" data-id=\"bbb542b\" data-element_type=\"widget\" data-widget_type=\"woocommerce-product-short-description.default\">\n<div class=\"elementor-widget-container\">\n<div class=\"woocommerce-product-details__short-description\">\n<p><strong>Das Signal-Multitool von Leatherman ist die ideale Wahl f\u00fcr jede Situation, egal ob Sie sich im Wald verlaufen oder in die Berge aufbrechen. In einem kompakten Edelstahlgeh\u00e4use stecken insgesamt 19 Werkzeuge, die Ihnen jede Situation erleichtern. <\/strong><\/p>\n<p><strong>Kostenloser Transport.<\/strong><\/p>\n<\/div>\n<\/div>\n<\/div>\n<\/div>\n<\/div>\n<\/div>\n","protected":false},"featured_media":358750,"comment_status":"open","ping_status":"closed","template":"","meta":[],"pwb-brand":[3482],"product_brand":[],"product_cat":[3340],"product_tag":[],"class_list":{"0":"post-358809","1":"product","2":"type-product","3":"status-publish","4":"has-post-thumbnail","6":"pwb-brand-ledermann","7":"product_cat-multi-tool-de","9":"first","10":"instock","11":"taxable","12":"shipping-taxable","13":"purchasable","14":"product-type-simple"},"brands":[{"id":3482,"name":"Ledermann","slug":"ledermann"}],"_links":{"self":[{"href":"https:\/\/www.moskito.cz\/de\/wp-json\/wp\/v2\/product\/358809","targetHints":{"allow":["GET"]}}],"collection":[{"href":"https:\/\/www.moskito.cz\/de\/wp-json\/wp\/v2\/product"}],"about":[{"href":"https:\/\/www.moskito.cz\/de\/wp-json\/wp\/v2\/types\/product"}],"replies":[{"embeddable":true,"href":"https:\/\/www.moskito.cz\/de\/wp-json\/wp\/v2\/comments?post=358809"}],"wp:featuredmedia":[{"embeddable":true,"href":"https:\/\/www.moskito.cz\/de\/wp-json\/wp\/v2\/media\/358750"}],"wp:attachment":[{"href":"https:\/\/www.moskito.cz\/de\/wp-json\/wp\/v2\/media?parent=358809"}],"wp:term":[{"taxonomy":"pwb-brand","embeddable":true,"href":"https:\/\/www.moskito.cz\/de\/wp-json\/wp\/v2\/pwb-brand?post=358809"},{"taxonomy":"product_brand","embeddable":true,"href":"https:\/\/www.moskito.cz\/de\/wp-json\/wp\/v2\/product_brand?post=358809"},{"taxonomy":"product_cat","embeddable":true,"href":"https:\/\/www.moskito.cz\/de\/wp-json\/wp\/v2\/product_cat?post=358809"},{"taxonomy":"product_tag","embeddable":true,"href":"https:\/\/www.moskito.cz\/de\/wp-json\/wp\/v2\/product_tag?post=358809"}],"curies":[{"name":"wp","href":"https:\/\/api.w.org\/{rel}","templated":true}]}}