{"id":359021,"date":"2024-09-11T10:56:10","date_gmt":"2024-09-11T12:15:24","guid":{"rendered":"https:\/\/www.moskito.cz\/produkt\/multitool-leatherman-mut-eod\/"},"modified":"2025-05-07T11:24:02","modified_gmt":"2025-05-07T10:24:02","slug":"multitool-leatherman-mut-eod","status":"publish","type":"product","link":"https:\/\/www.moskito.cz\/de\/produkt\/multitool-leatherman-mut-eod\/","title":{"rendered":"Multitool Leatherman MUT EOD"},"content":{"rendered":"<p>Multitool <strong>Leatherman<\/strong> MUT EOD. <strong>Das taktische Armee-Multitool MUT EOD von Leatherman<\/strong> ist nicht nur f\u00fcr Berufssoldaten, sondern auch f\u00fcr Polizisten, Sch\u00fctzen und J\u00e4ger gedacht. Dank des speziell geformten Stahlgriffs l\u00e4sst es sich hervorragend mit Handschuhen bedienen und einige Werkzeuge lassen sich problemlos mit dem Finger einer Hand \u00f6ffnen. Die Spitze des Kombimessers ist abgeschr\u00e4gt, um das Schneiden von Fleisch oder das H\u00e4uten zu erleichtern. Die S\u00e4ge verf\u00fcgt \u00fcber gesch\u00e4rfte Z\u00e4hne in zwei Reihen und schneidet perfekt Holz, Kunststoff, Gummi und andere Materialien. Die Zange verf\u00fcgt \u00fcber speziell schmale Backen f\u00fcr die heikle Arbeit mit Sprengstoffen und enth\u00e4lt einen Spezialkopf zum Ausl\u00f6sen der Z\u00fcnder. Auswechselbare Klingen schneiden durch Stahlseile und Stacheldraht. Im Griff ist ein praktischer Hammer enthalten. Jeder Sch\u00fctze wird ein Werkzeug zum L\u00f6sen einer verklemmten Patrone und einen Kohleschaber zu sch\u00e4tzen wissen. Heeresspezialisten werden den Schlag dann f\u00fcr Plastiksprengstoff einsetzen. Adapter f\u00fcr unterschiedliche Schraubendrehertypen sind selbstverst\u00e4ndlich. Damit Waffen (nicht nur Schusswaffen) zu unseren zuverl\u00e4ssigen Helfern werden, m\u00fcssen wir sie gut pflegen. Daher sollte der Leatherman MUT EOD in der Ausr\u00fcstung eines jeden Sch\u00fctzen nicht fehlen. Das Paket beinhaltet: Multitool, NYLON MOLLE XL SCHWARZes Holster, MUT-SCHL\u00dcSSEL, Bits: Kreuzschlitz-Bit Nr. 1-2 und flach 3\/16&#8243;, Kreuzschlitz-Bit Nr. 2 und flach \u00bc&#8220;, Torx Nr. 15 und Sechskant 7\/64&#8243;, abnehmbares Titan Clip f\u00fcr Tasche oder G\u00fcrtel, Schl\u00fcssel zum Einstellen und Einstellen des Visiers der Waffe 3\/8&#8243;, Aufkleber 100% original, Anleitung Parameter: Klingenl\u00e4nge: 7,6 cm L\u00e4nge des geschlossenen Werkzeugs: 12,7 cm Gewicht: 317,5 g https:\/\/www .youtube.com\/watch?v=5W_v3GoNiL8 https:\/\/www.youtube.com\/watch?v=ytNrMeNaRL8               &nbsp;<\/p>\n","protected":false},"excerpt":{"rendered":"<p><strong>Wir sind stolz darauf, hinter jedem Produkt zu stehen, das unsere Fabrik in Portland, Oregon, verl\u00e4sst. Deshalb bieten wir unsere 25-j\u00e4hrige Garantie, damit Sie sicher sein k\u00f6nnen, dass Ihr Leatherman ein Leben lang h\u00e4lt. <\/strong><\/p>\n<p><strong>Kostenloser Transport.<\/strong><\/p>\n","protected":false},"featured_media":358816,"comment_status":"open","ping_status":"closed","template":"","meta":[],"pwb-brand":[3482],"product_brand":[],"product_cat":[3340],"product_tag":[],"class_list":{"0":"post-359021","1":"product","2":"type-product","3":"status-publish","4":"has-post-thumbnail","6":"pwb-brand-ledermann","7":"product_cat-multi-tool-de","9":"first","10":"outofstock","11":"taxable","12":"shipping-taxable","13":"purchasable","14":"product-type-simple"},"brands":[{"id":3482,"name":"Ledermann","slug":"ledermann"}],"_links":{"self":[{"href":"https:\/\/www.moskito.cz\/de\/wp-json\/wp\/v2\/product\/359021","targetHints":{"allow":["GET"]}}],"collection":[{"href":"https:\/\/www.moskito.cz\/de\/wp-json\/wp\/v2\/product"}],"about":[{"href":"https:\/\/www.moskito.cz\/de\/wp-json\/wp\/v2\/types\/product"}],"replies":[{"embeddable":true,"href":"https:\/\/www.moskito.cz\/de\/wp-json\/wp\/v2\/comments?post=359021"}],"wp:featuredmedia":[{"embeddable":true,"href":"https:\/\/www.moskito.cz\/de\/wp-json\/wp\/v2\/media\/358816"}],"wp:attachment":[{"href":"https:\/\/www.moskito.cz\/de\/wp-json\/wp\/v2\/media?parent=359021"}],"wp:term":[{"taxonomy":"pwb-brand","embeddable":true,"href":"https:\/\/www.moskito.cz\/de\/wp-json\/wp\/v2\/pwb-brand?post=359021"},{"taxonomy":"product_brand","embeddable":true,"href":"https:\/\/www.moskito.cz\/de\/wp-json\/wp\/v2\/product_brand?post=359021"},{"taxonomy":"product_cat","embeddable":true,"href":"https:\/\/www.moskito.cz\/de\/wp-json\/wp\/v2\/product_cat?post=359021"},{"taxonomy":"product_tag","embeddable":true,"href":"https:\/\/www.moskito.cz\/de\/wp-json\/wp\/v2\/product_tag?post=359021"}],"curies":[{"name":"wp","href":"https:\/\/api.w.org\/{rel}","templated":true}]}}