{"id":359407,"date":"2024-09-11T14:01:05","date_gmt":"2024-09-11T14:14:57","guid":{"rendered":"https:\/\/www.moskito.cz\/produkt\/multitool-leatherman-skeletool-cx-paradise\/"},"modified":"2025-05-07T11:24:06","modified_gmt":"2025-05-07T10:24:06","slug":"multitool-leatherman-skeletool-cx-paradise","status":"publish","type":"product","link":"https:\/\/www.moskito.cz\/de\/produkt\/multitool-leatherman-skeletool-cx-paradise\/","title":{"rendered":"Multitool Leatherman Skeletool CX Paradise"},"content":{"rendered":"<p>Multitool <strong>Leatherman<\/strong> SKELETOOL CX PARADISE. <strong>Der Leatherman SKELETOOL CX<\/strong> hat alle grundlegenden Eigenschaften von seinem \u00e4lteren Bruder geerbt \u2013 attraktives Design, extreme Haltbarkeit und ein elegantes Geh\u00e4use mit Reliefl\u00f6chern. Mit nur 142 Gramm ist es eines der leichtesten Instrumente seiner Klasse. Dar\u00fcber hinaus hat <strong>SKELETOOL CX<\/strong> die Klinge des Messers mit glatter Kante perfektioniert, die aus noch hochwertigem 154CM-Stahl besteht. In dem scheinbar einfachen Multitool finden Sie alles, was Sie auf Ausfl\u00fcgen auf dem Land oder in der Stadt brauchen: Neben dem Messer finden Sie auch eine Zange, einen Dosen\u00f6ffner, einen Karabiner und einen Satz Bit-Schraubendreher. Insgesamt sieben funktionale Werkzeuge in einer leichten Kompaktdose im noch attraktiveren silber-schwarzen Design haben Sie immer griffbereit und sp\u00fcren das Gewicht weder am G\u00fcrtel noch im Rucksack. So wird es zu Ihrem unverzichtbaren Partner auf jeder Reise. Im Lieferumfang enthalten: Multitool, Bits: Kreuz Nr. 1 und Nr. 2, flach 1,4 und 3\/16, abnehmbarer G\u00fcrtelclip, Aufkleber 100 % original, Anleitung. Parameter: Klingenl\u00e4nge: 6,6 cm L\u00e4nge des geschlossenen Werkzeugs: 10 cm Gewicht: 142 g https:\/\/www.youtube.com\/watch?v=VUQu0ERufz8         &nbsp;<\/p>\n","protected":false},"excerpt":{"rendered":"<div id=\"tw-target-text-container\" class=\"tw-ta-container F0azHf tw-nfl\" tabindex=\"0\">\n<p><strong>Wir sind stolz darauf, hinter jedem Produkt zu stehen, das unsere Fabrik in Portland, Oregon, verl\u00e4sst. Deshalb bieten wir unsere 25-j\u00e4hrige Garantie, damit Sie sicher sein k\u00f6nnen, dass Ihr Leatherman ein Leben lang h\u00e4lt. <\/strong><\/p>\n<p>&nbsp;<\/p>\n<pre id=\"tw-target-text\" class=\"tw-data-text tw-text-large tw-ta\" dir=\"ltr\" data-placeholder=\"P\u0159eklad\" aria-label=\"P\u0159elo\u017een\u00fd text\" data-ved=\"2ahUKEwjohPmwyLqIAxXLgv0HHQnQCWQQ3ewLegQICBAT\"><span class=\"Y2IQFc\" lang=\"cs\"> <\/span><\/pre>\n<\/div>\n<div id=\"tw-target-rmn-container\" class=\"tw-target-rmn tw-ta-container F0azHf tw-nfl\">\n<pre id=\"tw-target-rmn\" class=\"tw-data-placeholder tw-text-small tw-ta\" dir=\"ltr\" data-placeholder=\"\"><\/pre>\n<\/div>\n","protected":false},"featured_media":359187,"comment_status":"open","ping_status":"closed","template":"","meta":[],"pwb-brand":[3482],"product_brand":[],"product_cat":[3340],"product_tag":[],"class_list":{"0":"post-359407","1":"product","2":"type-product","3":"status-publish","4":"has-post-thumbnail","6":"pwb-brand-ledermann","7":"product_cat-multi-tool-de","9":"first","10":"instock","11":"taxable","12":"shipping-taxable","13":"purchasable","14":"product-type-simple"},"brands":[{"id":3482,"name":"Ledermann","slug":"ledermann"}],"_links":{"self":[{"href":"https:\/\/www.moskito.cz\/de\/wp-json\/wp\/v2\/product\/359407","targetHints":{"allow":["GET"]}}],"collection":[{"href":"https:\/\/www.moskito.cz\/de\/wp-json\/wp\/v2\/product"}],"about":[{"href":"https:\/\/www.moskito.cz\/de\/wp-json\/wp\/v2\/types\/product"}],"replies":[{"embeddable":true,"href":"https:\/\/www.moskito.cz\/de\/wp-json\/wp\/v2\/comments?post=359407"}],"wp:featuredmedia":[{"embeddable":true,"href":"https:\/\/www.moskito.cz\/de\/wp-json\/wp\/v2\/media\/359187"}],"wp:attachment":[{"href":"https:\/\/www.moskito.cz\/de\/wp-json\/wp\/v2\/media?parent=359407"}],"wp:term":[{"taxonomy":"pwb-brand","embeddable":true,"href":"https:\/\/www.moskito.cz\/de\/wp-json\/wp\/v2\/pwb-brand?post=359407"},{"taxonomy":"product_brand","embeddable":true,"href":"https:\/\/www.moskito.cz\/de\/wp-json\/wp\/v2\/product_brand?post=359407"},{"taxonomy":"product_cat","embeddable":true,"href":"https:\/\/www.moskito.cz\/de\/wp-json\/wp\/v2\/product_cat?post=359407"},{"taxonomy":"product_tag","embeddable":true,"href":"https:\/\/www.moskito.cz\/de\/wp-json\/wp\/v2\/product_tag?post=359407"}],"curies":[{"name":"wp","href":"https:\/\/api.w.org\/{rel}","templated":true}]}}