{"id":359660,"date":"2023-07-03T22:15:35","date_gmt":"2024-09-17T18:36:03","guid":{"rendered":"https:\/\/www.moskito.cz\/produkt\/microtech-socom-elite-stonewashed-tanto-161a-11-schiessmesser\/"},"modified":"2025-05-07T11:24:11","modified_gmt":"2025-05-07T10:24:11","slug":"microtech-socom-elite-stonewashed-tanto-161a-11-schiessmesser","status":"publish","type":"product","link":"https:\/\/www.moskito.cz\/de\/produkt\/microtech-socom-elite-stonewashed-tanto-161a-11-schiessmesser\/","title":{"rendered":"Microtech Socom Elite Stonewashed Tanto 161A-11 Schie\u00dfmesser"},"content":{"rendered":"<p><strong>Microtech<\/strong> Socom Elite Stonewashed Tanto 161A-11 Schie\u00dfmesser <strong>Das Socom Elite<\/strong> setzt den h\u00f6chsten Standard f\u00fcr taktische\/Gebrauchsmesser. Seit der Gr\u00fcndung des urspr\u00fcnglichen Socom im Jahr 1996 ist das Unternehmen der Pionier der gesamten <strong>Microtech-<\/strong> Klappmesserpalette. Im Laufe der Jahre wurden zahlreiche Verbesserungen vorgenommen, um Socom besser an unterschiedliche Umgebungen anzupassen. Sowohl der automatische als auch der manuelle <strong>Socom<\/strong> verf\u00fcgen \u00fcber eine einzigartige Griffform, die sich Ihrer Hand anpasst. Sie wissen, dass Sie das beste Werkzeug auf dem Markt kaufen, egal f\u00fcr welche Klinge Sie sich entscheiden: Clip-Tip oder Tanto. Ein integrierter Glasbrecher an der Unterseite des Griffs und ein gro\u00dfer Noppen, der ein einfaches \u00d6ffnen mit einem Handschuh erm\u00f6glicht, verleihen ihm eine beeindruckende Optik. Die robuste Zuverl\u00e4ssigkeit von Socom macht es zur ersten Wahl f\u00fcr Spezialeinsatzkr\u00e4fte. Spezifikationen Klingenl\u00e4nge: 10,12 cm L\u00e4nge geschlossen: 12,65 cm Gesamtl\u00e4nge: 22,77 cm Stahl: M390 Klingenstil: Tanto Klingenschliff: Flach Klingenfinish: Stonewash Griffmaterial: Aluminium mit strukturierten Eins\u00e4tzen Verriegelungsmechanismus: Knopf Taschenclip: Edelstahl (klappbar, Rechtsh\u00e4nder) Gewicht: 5,6 Unzen. Designer: Tony Marfione. Hergestellt in den USA <\/p>\n","protected":false},"excerpt":{"rendered":"<p>Im Laufe der Jahre hat M <strong>icrotech\u00ae Knives<\/strong> Messer mit Leidenschaft und K\u00f6nnen geschaffen, um nahezu Kunstwerke zu schaffen, die den Gipfel der Funktionalit\u00e4t darstellen. Alle Teile werden in den USA hergestellt. <strong>F\u00fcr alle Microtech-Messer gilt eine lebenslange Garantie.<\/strong> <strong>Kostenloser Versand.<\/strong><\/p>\n<p>&nbsp;<\/p>\n","protected":false},"featured_media":359661,"comment_status":"open","ping_status":"closed","template":"","meta":[],"pwb-brand":[3278],"product_brand":[],"product_cat":[3285,3343],"product_tag":[3669],"class_list":{"0":"post-359660","1":"product","2":"type-product","3":"status-publish","4":"has-post-thumbnail","6":"pwb-brand-microtech-de","7":"product_cat-messer","8":"product_cat-schiesmesser","9":"product_tag-b2b-de","11":"first","12":"outofstock","13":"taxable","14":"shipping-taxable","15":"purchasable","16":"product-type-simple"},"brands":[{"id":3278,"name":"Microtech","slug":"microtech-de"}],"_links":{"self":[{"href":"https:\/\/www.moskito.cz\/de\/wp-json\/wp\/v2\/product\/359660","targetHints":{"allow":["GET"]}}],"collection":[{"href":"https:\/\/www.moskito.cz\/de\/wp-json\/wp\/v2\/product"}],"about":[{"href":"https:\/\/www.moskito.cz\/de\/wp-json\/wp\/v2\/types\/product"}],"replies":[{"embeddable":true,"href":"https:\/\/www.moskito.cz\/de\/wp-json\/wp\/v2\/comments?post=359660"}],"wp:featuredmedia":[{"embeddable":true,"href":"https:\/\/www.moskito.cz\/de\/wp-json\/wp\/v2\/media\/359661"}],"wp:attachment":[{"href":"https:\/\/www.moskito.cz\/de\/wp-json\/wp\/v2\/media?parent=359660"}],"wp:term":[{"taxonomy":"pwb-brand","embeddable":true,"href":"https:\/\/www.moskito.cz\/de\/wp-json\/wp\/v2\/pwb-brand?post=359660"},{"taxonomy":"product_brand","embeddable":true,"href":"https:\/\/www.moskito.cz\/de\/wp-json\/wp\/v2\/product_brand?post=359660"},{"taxonomy":"product_cat","embeddable":true,"href":"https:\/\/www.moskito.cz\/de\/wp-json\/wp\/v2\/product_cat?post=359660"},{"taxonomy":"product_tag","embeddable":true,"href":"https:\/\/www.moskito.cz\/de\/wp-json\/wp\/v2\/product_tag?post=359660"}],"curies":[{"name":"wp","href":"https:\/\/api.w.org\/{rel}","templated":true}]}}