{"id":359667,"date":"2020-02-11T11:40:08","date_gmt":"2024-09-17T18:36:32","guid":{"rendered":"https:\/\/www.moskito.cz\/produkt\/schiessmesser-microtech-socom-elite-160a-10-mr\/"},"modified":"2025-07-11T07:50:49","modified_gmt":"2025-07-11T06:50:49","slug":"schiessmesser-microtech-socom-elite-160a-10-mr","status":"publish","type":"product","link":"https:\/\/www.moskito.cz\/de\/produkt\/schiessmesser-microtech-socom-elite-160a-10-mr\/","title":{"rendered":"Schie\u00dfmesser Microtech Socom Elite 160A-10 MR"},"content":{"rendered":"<p>Schie\u00dfmesser <strong>Microtech Socom Elite<\/strong> 160A-10 MR.  <span lang=\"cs\">Im Laufe der Jahre hat <strong>Microtech\u00ae Knives<\/strong> Messer mit Leidenschaft und K\u00f6nnen gef\u00fcllt, um nahezu Kunstwerke zu schaffen, die den Gipfel der Funktionalit\u00e4t darstellen. Er verschiebt weiterhin die Grenzen und verbessert das, von dem er bereits wei\u00df, dass es funktioniert. Im Jahr 2020 hat sich Microtech\u00ae Knives zu einer f\u00fchrenden Messermarke entwickelt, die sich st\u00e4ndig weiterentwickelt und vorantreibt, indem sie die neueste Technologie, jahrhundertealte Prinzipien der Klingenherstellung und maximale Feldtests nutzt, damit sie bei der Qualit\u00e4t keine Kompromisse eingehen.  <\/span>  Dieses automatische Messer <strong>Microtech Socom Elite<\/strong> 161A-10 MR Schie\u00dfmesser hat einen Aluminiumgriff und eine matte Tanto-Klinge. Seit der Einf\u00fchrung des Originals <strong>Microtech\u00ae hat Socom<\/strong> den Standard f\u00fcr taktische Messer gesetzt. Sokom Elite baut auf diesem Design auf, um sich an verschiedene Umgebungen anzupassen. Sein Griff hat einen sportlichen Griff und eine einzigartige Form, sodass er jederzeit bequem und sicher in der Hand liegt. Gesamtl\u00e4nge: 22,5 cm Klingenl\u00e4nge: 10 cm Schneide: 9,37 cm Klingenbreite: 2,8 cm Klingenst\u00e4rke: 0,47 cm Klingenmaterial: Bohler M390 Eins\u00e4tze: Flach Griffl\u00e4nge: 12,5 cm Griffbreite: 3,42 Griffst\u00e4rke: 1,37 Material Griffe: Aluminium Gewicht: 4,58 Unzen. Benutzer: rechte Handtasche Clip: Tip-Down-Messertyp: Automatischer \u00d6ffner: Knopfverschlusstyp: Interlock-Verschluss Marke: Microtech Modell: Socom Elite Modellnummer: 161A-10 MR Herkunftsland: USA Beste Verwendung: Taktisch Im Laufe der Jahre hat <strong>Microtech \u00ae Knives<\/strong> hat mit Leidenschaft und K\u00f6nnen Kunstwerke geschaffen, die ein H\u00f6chstma\u00df an Funktionalit\u00e4t und Form bieten.  Wir verschieben weiterhin Grenzen und verbessern das, von dem wir bereits wissen, dass es funktioniert. Im Jahr 2020 hat sich <strong>Microtech\u00ae Knives<\/strong> zu einer f\u00fchrenden Besteckmarke entwickelt, die sich st\u00e4ndig weiterentwickelt und vorantreibt, indem sie die neueste Technologie, alte Klingenprinzipien und maximale Praxistests nutzt, um sicherzustellen, dass wir keine Kompromisse eingehen.  <\/p>\n<div class=\"description\">  Das Socom Elite setzt den h\u00f6chsten Standard f\u00fcr taktisches\/Gebrauchsbesteck. Seit der Einf\u00fchrung des urspr\u00fcnglichen Socom im Jahr 1996 ist es der Pionier der gesamten <strong>Microtech-<\/strong> Klappmesserlinie. Im Laufe der Jahre wurden zahlreiche Verbesserungen vorgenommen, um das Socom besser an unterschiedliche Umgebungen anzupassen. Sowohl die automatischen als auch die manuellen Socoms haben eine einzigartige Griffform, die sich Ihrer Hand anpasst. Sie wissen, dass Sie das beste Werkzeug auf dem Markt kaufen, egal f\u00fcr welche einzigartige Klinge Sie sich entscheiden: die Clip-Point- oder die Tanto-Klinge. Ein integrierter Glasbrecher in der Unterseite des Griffs und ein gro\u00dfer Noppen, der ein einfaches \u00d6ffnen mit einem Handschuh erm\u00f6glicht, tragen zu seiner beeindruckenden Statur bei. Die robuste Zuverl\u00e4ssigkeit des Socom macht ihn zur ersten Wahl f\u00fcr die Spezialeinsatzgemeinschaft.        <\/p>\n<div class=\"clearfix\"><\/div>\n<\/div>\n<div class=\"specifications\">\n<div class=\"features\"><\/div>\n<div class=\"specs\">\n<p><strong>Spezifikationen<\/strong><\/p>\n<ul>\n<li>Klingenl\u00e4nge: 4,05 Zoll<\/li>\n<li>Schneide: 3,75&#8243;<\/li>\n<li>Geschlossene L\u00e4nge: 5,06&#8243;<\/li>\n<li>Gesamtl\u00e4nge: 9,11&#8243;<\/li>\n<li><strong>Bitte beachten Sie, dass der Klingenstahl nicht angegeben werden kann, da er sich je nach Verf\u00fcgbarkeit \u00e4ndern kann (Informationen von Microtech).<\/strong><\/li>\n<li>Klingenstil: Tanto<\/li>\n<li>Klingenschliff: Flach<\/li>\n<li>Klingenfinish: Stonewash<\/li>\n<li>Griffmaterial: Aluminium mit strukturierten Eins\u00e4tzen<\/li>\n<li>Verriegelungsmechanismus: Druckknopf<\/li>\n<li>Taschenclip: Edelstahl (Tip-Down, rechte Trageweise)<\/li>\n<li>Gewicht: 5,6 Unzen.<\/li>\n<li>Designer: Tony Marfione<\/li>\n<li>Hergestellt in den USA<\/li>\n<\/ul>\n<\/div>\n<\/div>\n","protected":false},"excerpt":{"rendered":"<p>Im Laufe der Jahre hat <strong>Microtech\u00ae Knives<\/strong> Messer mit Leidenschaft und K\u00f6nnen gef\u00fcllt, um nahezu Kunstwerke zu schaffen, die den Gipfel der Funktionalit\u00e4t darstellen. Alle Teile werden in den USA hergestellt.  <strong>F\u00fcr alle Microtech-Messer gilt eine lebenslange Garantie.<\/strong><\/p>\n","protected":false},"featured_media":177561,"comment_status":"open","ping_status":"closed","template":"","meta":[],"pwb-brand":[3278],"product_brand":[],"product_cat":[3285,3343],"product_tag":[],"class_list":{"0":"post-359667","1":"product","2":"type-product","3":"status-publish","4":"has-post-thumbnail","6":"pwb-brand-microtech-de","7":"product_cat-messer","8":"product_cat-schiesmesser","10":"first","11":"outofstock","12":"taxable","13":"shipping-taxable","14":"purchasable","15":"product-type-simple"},"brands":[{"id":3278,"name":"Microtech","slug":"microtech-de"}],"_links":{"self":[{"href":"https:\/\/www.moskito.cz\/de\/wp-json\/wp\/v2\/product\/359667","targetHints":{"allow":["GET"]}}],"collection":[{"href":"https:\/\/www.moskito.cz\/de\/wp-json\/wp\/v2\/product"}],"about":[{"href":"https:\/\/www.moskito.cz\/de\/wp-json\/wp\/v2\/types\/product"}],"replies":[{"embeddable":true,"href":"https:\/\/www.moskito.cz\/de\/wp-json\/wp\/v2\/comments?post=359667"}],"wp:featuredmedia":[{"embeddable":true,"href":"https:\/\/www.moskito.cz\/de\/wp-json\/wp\/v2\/media\/177561"}],"wp:attachment":[{"href":"https:\/\/www.moskito.cz\/de\/wp-json\/wp\/v2\/media?parent=359667"}],"wp:term":[{"taxonomy":"pwb-brand","embeddable":true,"href":"https:\/\/www.moskito.cz\/de\/wp-json\/wp\/v2\/pwb-brand?post=359667"},{"taxonomy":"product_brand","embeddable":true,"href":"https:\/\/www.moskito.cz\/de\/wp-json\/wp\/v2\/product_brand?post=359667"},{"taxonomy":"product_cat","embeddable":true,"href":"https:\/\/www.moskito.cz\/de\/wp-json\/wp\/v2\/product_cat?post=359667"},{"taxonomy":"product_tag","embeddable":true,"href":"https:\/\/www.moskito.cz\/de\/wp-json\/wp\/v2\/product_tag?post=359667"}],"curies":[{"name":"wp","href":"https:\/\/api.w.org\/{rel}","templated":true}]}}