{"id":359717,"date":"2022-10-07T20:17:18","date_gmt":"2024-09-17T18:48:46","guid":{"rendered":"https:\/\/www.moskito.cz\/produkt\/schiessmesser-microtech-utx-85-stonewashed-233-10-tq\/"},"modified":"2025-05-07T11:24:14","modified_gmt":"2025-05-07T10:24:14","slug":"schiessmesser-microtech-utx-85-stonewashed-233-10-tq","status":"publish","type":"product","link":"https:\/\/www.moskito.cz\/de\/produkt\/schiessmesser-microtech-utx-85-stonewashed-233-10-tq\/","title":{"rendered":"Schie\u00dfmesser Microtech UTX-85 Stonewashed 233-10 TQ"},"content":{"rendered":"<p>Schie\u00dfmesser <strong>Microtech<\/strong> UTX-85 Stonewashed 233-10 TQ. Das UTX-85-Messer ist dem Ultratech nachempfunden, seine Gr\u00f6\u00dfe wurde jedoch um 85 % reduziert, sodass es die ideale Gr\u00f6\u00dfe zum Tragen hat. Der Griff ist so geformt, dass er gut in der Hand liegt. Gesamtl\u00e4nge: 18,75 cm Klingenl\u00e4nge: 7,81 cm Schnittkante: 7,17 cm Klingenst\u00e4rke: 0,32 cm Klingenmaterial: Bohler M390 Eins\u00e4tze: Flach Kantentyp: glatt Griffl\u00e4nge: 10,92 cm Griffst\u00e4rke: 1,17 cm Griffmaterial: Aluminium Gewicht: 3,5 kg 06 Unzen. Benutzer: rechte Handtasche Clip: Tip-Down-Messer Typ: Double-Action OTF Automatischer \u00d6ffner: Daumenschieber Marke: Microtech Modell: UTX-85 Herkunftsland: USA Beste Verwendung: Taktisch      &nbsp;<\/p>\n","protected":false},"excerpt":{"rendered":"<p>Im Laufe der Jahre hat <strong>Microtech\u00ae Knives<\/strong> Messer mit Leidenschaft und K\u00f6nnen gef\u00fcllt, um nahezu Kunstwerke zu schaffen, die den Gipfel der Funktionalit\u00e4t darstellen. Alle Teile werden in den USA hergestellt.  <strong>F\u00fcr alle Microtech-Messer gilt eine lebenslange Garantie.<\/strong><\/p>\n<p><strong>Kostenloser Transport.<\/strong><\/p>\n","protected":false},"featured_media":379964,"comment_status":"open","ping_status":"closed","template":"","meta":[],"pwb-brand":[3278],"product_brand":[],"product_cat":[3285,3343],"product_tag":[3669],"class_list":{"0":"post-359717","1":"product","2":"type-product","3":"status-publish","4":"has-post-thumbnail","6":"pwb-brand-microtech-de","7":"product_cat-messer","8":"product_cat-schiesmesser","9":"product_tag-b2b-de","11":"first","12":"instock","13":"taxable","14":"shipping-taxable","15":"purchasable","16":"product-type-simple"},"brands":[{"id":3278,"name":"Microtech","slug":"microtech-de"}],"_links":{"self":[{"href":"https:\/\/www.moskito.cz\/de\/wp-json\/wp\/v2\/product\/359717","targetHints":{"allow":["GET"]}}],"collection":[{"href":"https:\/\/www.moskito.cz\/de\/wp-json\/wp\/v2\/product"}],"about":[{"href":"https:\/\/www.moskito.cz\/de\/wp-json\/wp\/v2\/types\/product"}],"replies":[{"embeddable":true,"href":"https:\/\/www.moskito.cz\/de\/wp-json\/wp\/v2\/comments?post=359717"}],"wp:featuredmedia":[{"embeddable":true,"href":"https:\/\/www.moskito.cz\/de\/wp-json\/wp\/v2\/media\/379964"}],"wp:attachment":[{"href":"https:\/\/www.moskito.cz\/de\/wp-json\/wp\/v2\/media?parent=359717"}],"wp:term":[{"taxonomy":"pwb-brand","embeddable":true,"href":"https:\/\/www.moskito.cz\/de\/wp-json\/wp\/v2\/pwb-brand?post=359717"},{"taxonomy":"product_brand","embeddable":true,"href":"https:\/\/www.moskito.cz\/de\/wp-json\/wp\/v2\/product_brand?post=359717"},{"taxonomy":"product_cat","embeddable":true,"href":"https:\/\/www.moskito.cz\/de\/wp-json\/wp\/v2\/product_cat?post=359717"},{"taxonomy":"product_tag","embeddable":true,"href":"https:\/\/www.moskito.cz\/de\/wp-json\/wp\/v2\/product_tag?post=359717"}],"curies":[{"name":"wp","href":"https:\/\/api.w.org\/{rel}","templated":true}]}}