{"id":359742,"date":"2022-07-15T10:09:34","date_gmt":"2024-09-17T18:51:07","guid":{"rendered":"https:\/\/www.moskito.cz\/produkt\/schiessmesser-microtech-utx-85-tuerkis-233-4tq\/"},"modified":"2025-05-07T11:24:17","modified_gmt":"2025-05-07T10:24:17","slug":"schiessmesser-microtech-utx-85-tuerkis-233-4tq","status":"publish","type":"product","link":"https:\/\/www.moskito.cz\/de\/produkt\/schiessmesser-microtech-utx-85-tuerkis-233-4tq\/","title":{"rendered":"Schie\u00dfmesser Microtech UTX-85 T\u00fcrkis 233-4TQ"},"content":{"rendered":"<p>Schie\u00dfmesser <strong>Microtech<\/strong> UTX-85 T\u00fcrkis 233-4TQ Microtech hat das Modell UTX-85 aktualisiert und verbessert. Es verf\u00fcgt \u00fcber eine verbesserte Ergonomie, abgerundete Grifffl\u00e4chen und geriffelte Stellen an den Seiten f\u00fcr einen hervorragenden Halt. Der Ausl\u00f6seknopf wurde neu gestaltet, um den Oberfl\u00e4chenkontakt f\u00fcr einen effektiven Eingriff zu erh\u00f6hen, und der Glasbrecher verf\u00fcgt \u00fcber eine Kugelspitze, die in eine dreieckige Musterbasis eingelassen ist, um sein allt\u00e4gliches Tragemuster zu verbessern. Der UTX-85 basiert auf der Ultratech-Plattform und ist auf 85 % seiner L\u00e4nge reduziert. Das UTX-85 ist eine attraktive Wahl f\u00fcr diejenigen, die ein kleineres EDC-Messer bevorzugen und die leistungsstarke Frontbewegung und au\u00dfergew\u00f6hnliche Verarbeitungsqualit\u00e4t von Microtech sch\u00e4tzen. Dieses Modell verf\u00fcgt \u00fcber einen eloxierten 6061-T6-Aluminiumgriff mit dem Claw-Logo auf der Vorderseite. Passender Taschenclip und Glasbrecherspitze. Die Klinge verf\u00fcgt \u00fcber Modellinformationen. Der Taschenclip tr\u00e4gt das Microtech-Logo, die Seriennummer und das Herstellungsdatum. Kommt ganz neu im Karton. Gesamtl\u00e4nge: 18,75 cm Klingenl\u00e4nge: 7,81 cm Schneidkante: 7,17 cm Klingenst\u00e4rke: 0,32 cm Klingenmaterial: Bohler M390 Eins\u00e4tze: Flach Griffl\u00e4nge: 10,92 cm Griffst\u00e4rke: 1,17 cm Griffmaterial: Aluminium Gewicht: 3,06 oz. Benutzer: Rechtsh\u00e4nder-Taschenclip: Tip-Down-Messertyp: Double-Action OTF Automatischer \u00d6ffner: Daumenschieber Marke: Microtech Modell: UTX-85 Herkunftsland: USA <\/p>\n","protected":false},"excerpt":{"rendered":"<div class=\"elementor-element elementor-element-bbb542b elementor-widget elementor-widget-woocommerce-product-short-description\" data-id=\"bbb542b\" data-element_type=\"widget\" data-widget_type=\"woocommerce-product-short-description.default\">\n<div class=\"elementor-widget-container\">\n<div class=\"woocommerce-product-details__short-description\">  Im Laufe der Jahre hat <strong>Microtech\u00ae Knives<\/strong> Messer mit Leidenschaft und K\u00f6nnen geschaffen, um nahezu Kunstwerke zu schaffen, die den Gipfel der Funktionalit\u00e4t darstellen. Alle Teile werden in den USA hergestellt. <strong>F\u00fcr alle Microtech-Messer gilt eine lebenslange Garantie.<\/strong> <strong>Kostenloser Versand.<\/strong><\/p>\n<\/div>\n<\/div>\n<\/div>\n","protected":false},"featured_media":386657,"comment_status":"open","ping_status":"closed","template":"","meta":[],"pwb-brand":[3278],"product_brand":[],"product_cat":[3285,3343],"product_tag":[3669],"class_list":{"0":"post-359742","1":"product","2":"type-product","3":"status-publish","4":"has-post-thumbnail","6":"pwb-brand-microtech-de","7":"product_cat-messer","8":"product_cat-schiesmesser","9":"product_tag-b2b-de","11":"first","12":"outofstock","13":"taxable","14":"shipping-taxable","15":"purchasable","16":"product-type-simple"},"brands":[{"id":3278,"name":"Microtech","slug":"microtech-de"}],"_links":{"self":[{"href":"https:\/\/www.moskito.cz\/de\/wp-json\/wp\/v2\/product\/359742","targetHints":{"allow":["GET"]}}],"collection":[{"href":"https:\/\/www.moskito.cz\/de\/wp-json\/wp\/v2\/product"}],"about":[{"href":"https:\/\/www.moskito.cz\/de\/wp-json\/wp\/v2\/types\/product"}],"replies":[{"embeddable":true,"href":"https:\/\/www.moskito.cz\/de\/wp-json\/wp\/v2\/comments?post=359742"}],"wp:featuredmedia":[{"embeddable":true,"href":"https:\/\/www.moskito.cz\/de\/wp-json\/wp\/v2\/media\/386657"}],"wp:attachment":[{"href":"https:\/\/www.moskito.cz\/de\/wp-json\/wp\/v2\/media?parent=359742"}],"wp:term":[{"taxonomy":"pwb-brand","embeddable":true,"href":"https:\/\/www.moskito.cz\/de\/wp-json\/wp\/v2\/pwb-brand?post=359742"},{"taxonomy":"product_brand","embeddable":true,"href":"https:\/\/www.moskito.cz\/de\/wp-json\/wp\/v2\/product_brand?post=359742"},{"taxonomy":"product_cat","embeddable":true,"href":"https:\/\/www.moskito.cz\/de\/wp-json\/wp\/v2\/product_cat?post=359742"},{"taxonomy":"product_tag","embeddable":true,"href":"https:\/\/www.moskito.cz\/de\/wp-json\/wp\/v2\/product_tag?post=359742"}],"curies":[{"name":"wp","href":"https:\/\/api.w.org\/{rel}","templated":true}]}}