{"id":359783,"date":"2022-12-15T22:08:26","date_gmt":"2024-09-20T12:32:25","guid":{"rendered":"https:\/\/www.moskito.cz\/produkt\/schiessmesser-cobratec-large-fs-3-army-digi-camo\/"},"modified":"2025-05-07T11:24:17","modified_gmt":"2025-05-07T10:24:17","slug":"schiessmesser-cobratec-large-fs-3-army-digi-camo","status":"publish","type":"product","link":"https:\/\/www.moskito.cz\/de\/produkt\/schiessmesser-cobratec-large-fs-3-army-digi-camo\/","title":{"rendered":"Schie\u00dfmesser CobraTec LARGE FS-3 ARMY DIGI CAMO"},"content":{"rendered":"<p>Schie\u00dfmesser <strong>CobraTec<\/strong> LARGE FS-3 ARMY DIGI CAMO. Unser gro\u00dfer FS-3 Army Digi Camo beginnt mit einem hochwertigen Griff aus Aluminiumlegierung und verf\u00fcgt \u00fcber eine hochwertige Klinge aus D2-Stahl. Alle Messer sind doppeltwirkend (das Aus- und Einfahren der Klinge wird durch Dr\u00fccken oder Ziehen desselben Steuerschalters gesteuert). Das Messer ist beidh\u00e4ndig einsetzbar, da der Taschenclip auf beide Seiten umgestellt werden kann, sodass es sowohl rechts als auch links verwendet werden kann. Dieses Messer verf\u00fcgt \u00fcber einen Taschenclip, einen Notfall-Glasbrecher und eine Nylonscheide. F\u00fcr alle CobraTec-Messer gilt unsere LEBENSLANGE GARANTIE. Marke: CobraTec Gesamtl\u00e4nge: 22,90 cm Klingenl\u00e4nge: 8,90 cm Gewicht: 226,00 g Klingenmaterial: D2 Griffmaterial: Aluminium \u00d6ffner: Druckknopf\u00f6ffnung: Automatische Verriegelung Typ: OTF Farbe: Camo Klingenfarbe: Unbeschichtet        &nbsp;<\/p>\n","protected":false},"excerpt":{"rendered":"<p>F\u00fcr jedes <strong>CobraTec\u00ae-<\/strong> Messer gilt eine lebenslange Garantie. <strong>Kostenloser Versand.<\/strong><\/p>\n","protected":false},"featured_media":359794,"comment_status":"open","ping_status":"closed","template":"","meta":[],"pwb-brand":[3937],"product_brand":[],"product_cat":[3285,3343],"product_tag":[],"class_list":{"0":"post-359783","1":"product","2":"type-product","3":"status-publish","4":"has-post-thumbnail","6":"pwb-brand-cobratec","7":"product_cat-messer","8":"product_cat-schiesmesser","10":"first","11":"outofstock","12":"taxable","13":"shipping-taxable","14":"purchasable","15":"product-type-simple"},"brands":[{"id":3937,"name":"CobraTec","slug":"cobratec"}],"_links":{"self":[{"href":"https:\/\/www.moskito.cz\/de\/wp-json\/wp\/v2\/product\/359783","targetHints":{"allow":["GET"]}}],"collection":[{"href":"https:\/\/www.moskito.cz\/de\/wp-json\/wp\/v2\/product"}],"about":[{"href":"https:\/\/www.moskito.cz\/de\/wp-json\/wp\/v2\/types\/product"}],"replies":[{"embeddable":true,"href":"https:\/\/www.moskito.cz\/de\/wp-json\/wp\/v2\/comments?post=359783"}],"wp:featuredmedia":[{"embeddable":true,"href":"https:\/\/www.moskito.cz\/de\/wp-json\/wp\/v2\/media\/359794"}],"wp:attachment":[{"href":"https:\/\/www.moskito.cz\/de\/wp-json\/wp\/v2\/media?parent=359783"}],"wp:term":[{"taxonomy":"pwb-brand","embeddable":true,"href":"https:\/\/www.moskito.cz\/de\/wp-json\/wp\/v2\/pwb-brand?post=359783"},{"taxonomy":"product_brand","embeddable":true,"href":"https:\/\/www.moskito.cz\/de\/wp-json\/wp\/v2\/product_brand?post=359783"},{"taxonomy":"product_cat","embeddable":true,"href":"https:\/\/www.moskito.cz\/de\/wp-json\/wp\/v2\/product_cat?post=359783"},{"taxonomy":"product_tag","embeddable":true,"href":"https:\/\/www.moskito.cz\/de\/wp-json\/wp\/v2\/product_tag?post=359783"}],"curies":[{"name":"wp","href":"https:\/\/api.w.org\/{rel}","templated":true}]}}