{"id":359865,"date":"2023-07-05T09:31:35","date_gmt":"2023-07-05T08:31:35","guid":{"rendered":"https:\/\/www.moskito.cz\/produkt\/spyderco-manix-2-lightweight-c101pdbl2-klappmesser\/"},"modified":"2025-05-07T11:24:19","modified_gmt":"2025-05-07T10:24:19","slug":"spyderco-manix-2-lightweight-c101pdbl2-klappmesser","status":"publish","type":"product","link":"https:\/\/www.moskito.cz\/de\/produkt\/spyderco-manix-2-lightweight-c101pdbl2-klappmesser\/","title":{"rendered":"Spyderco Manix 2 Lightweight C101PDBL2 Klappmesser"},"content":{"rendered":"<p><strong>Das Spyderco<\/strong> Manix 2 Lightweight C101PDBL2 <strong>Manix<\/strong> 2 Lightweight CPM S110V Klappmesser kombiniert die ultraleichte Konstruktion unseres preisgekr\u00f6nten Manix 2 Lightweight mit einer Klinge aus hochwertigem Crucible\u00ae CPM S110V. Dieser hochmoderne pulvermetallurgische Stahl enth\u00e4lt einen hohen Anteil an Vanadium und Niob, Legierungen, die ihm eine au\u00dfergew\u00f6hnliche Verschlei\u00dffestigkeit und eine h\u00f6here Korrosionsbest\u00e4ndigkeit als viele andere rostfreie St\u00e4hle verleihen. Die v\u00f6llig flache, blattf\u00f6rmige Klinge bietet eine hervorragende Kombination aus St\u00e4rke, reibungsarmer Schneidleistung und pr\u00e4zisem Nutzen. Es verf\u00fcgt au\u00dferdem \u00fcber einen Zeigefinger und strategisch platzierte Riffelungen (Strukturierung), um die Kontrolle w\u00e4hrend des Gebrauchs zu verbessern, sowie Spydercos Markenzeichen Round Hole\u2122 f\u00fcr schnelles, einh\u00e4ndiges und beidh\u00e4ndiges \u00d6ffnen. Der Griff dieses Messers ist aus robustem, glasfaserverst\u00e4rktem Nylon (FRN) spritzgegossen und verf\u00fcgt \u00fcber Spydercos charakteristisches Bi-Directional Texturing\u2122-Muster f\u00fcr sicheren Halt unter allen Umgebungsbedingungen.     Der doppelseitige Drahtclip erm\u00f6glicht ein bequemes Tragen f\u00fcr die linke oder rechte Hand und das gro\u00dfe Schl\u00fcsselbandloch erm\u00f6glicht die einfache Befestigung von Anh\u00e4ngern und Schl\u00fcsselb\u00e4ndern. Die Verbindung zwischen Klinge und Griff erfolgt \u00fcber den patentierten Ball Bearing Lock-Mechanismus von Spyderco. Dieses hochfeste Schloss besteht aus einem Kugellager, das in einem haltbaren Polymerk\u00e4fig eingebettet ist. Wenn sich die Klinge \u00f6ffnet, treibt ein gefederter Stahlst\u00f6\u00dfel das Kugellager nach vorne, um es zwischen der Rampe an der Klinge und dem \u201eAmboss\u201c im Stahleinsatz des Griffs zu verkeilen.  Durch Zur\u00fcckziehen des Kugellagers im K\u00e4fig wird die Verriegelung gel\u00f6st und die Klinge schlie\u00dft sanft, w\u00e4hrend Ihre Finger einen sicheren Abstand zur scharfen Kante haben. Das Kugellagerschloss ist leichtg\u00e4ngig, robust und einfach zu bedienen und zudem vollst\u00e4ndig umkehrbar. <strong>Das Manix<\/strong> 2 CPM S110V Lightweight ist ein au\u00dfergew\u00f6hnlich fortschrittliches Klappmesser, das geringes Gewicht, Haltbarkeit, St\u00e4rke und leistungsstarke Schneidf\u00e4higkeiten in einem dynamischen Paket vereint. Spezifikationen Klingenl\u00e4nge: 8,6 cm Schnittkante: 7,3 cm Gesamtl\u00e4nge: 20,4 cm L\u00e4nge geschlossen: 11,8 cm Klingenst\u00e4rke: 0,32 cm Klingenstahl: CPM S110V Edelstahl Gewicht: 2,9 oz. (82g)   Hergestellt in den USA  &nbsp;<\/p>\n<p>&nbsp;<\/p>\n","protected":false},"excerpt":{"rendered":"<p><strong>Der Manix 2 Lightweight CPM S110V kombiniert die ultraleichte Konstruktion unseres preisgekr\u00f6nten Manix 2 Lightweight mit einem Klingenschliff aus hochwertigem Crucible\u00ae CPM S110V.<\/strong><\/p>\n","protected":false},"featured_media":359866,"comment_status":"open","ping_status":"closed","template":"","meta":[],"pwb-brand":[3427],"product_brand":[],"product_cat":[3303,3285],"product_tag":[3669],"class_list":{"0":"post-359865","1":"product","2":"type-product","3":"status-publish","4":"has-post-thumbnail","6":"pwb-brand-spyderco-de","7":"product_cat-schliesmesser","8":"product_cat-messer","9":"product_tag-b2b-de","11":"first","12":"instock","13":"taxable","14":"shipping-taxable","15":"purchasable","16":"product-type-simple"},"brands":[{"id":3427,"name":"Spyderco","slug":"spyderco-de"}],"_links":{"self":[{"href":"https:\/\/www.moskito.cz\/de\/wp-json\/wp\/v2\/product\/359865","targetHints":{"allow":["GET"]}}],"collection":[{"href":"https:\/\/www.moskito.cz\/de\/wp-json\/wp\/v2\/product"}],"about":[{"href":"https:\/\/www.moskito.cz\/de\/wp-json\/wp\/v2\/types\/product"}],"replies":[{"embeddable":true,"href":"https:\/\/www.moskito.cz\/de\/wp-json\/wp\/v2\/comments?post=359865"}],"wp:featuredmedia":[{"embeddable":true,"href":"https:\/\/www.moskito.cz\/de\/wp-json\/wp\/v2\/media\/359866"}],"wp:attachment":[{"href":"https:\/\/www.moskito.cz\/de\/wp-json\/wp\/v2\/media?parent=359865"}],"wp:term":[{"taxonomy":"pwb-brand","embeddable":true,"href":"https:\/\/www.moskito.cz\/de\/wp-json\/wp\/v2\/pwb-brand?post=359865"},{"taxonomy":"product_brand","embeddable":true,"href":"https:\/\/www.moskito.cz\/de\/wp-json\/wp\/v2\/product_brand?post=359865"},{"taxonomy":"product_cat","embeddable":true,"href":"https:\/\/www.moskito.cz\/de\/wp-json\/wp\/v2\/product_cat?post=359865"},{"taxonomy":"product_tag","embeddable":true,"href":"https:\/\/www.moskito.cz\/de\/wp-json\/wp\/v2\/product_tag?post=359865"}],"curies":[{"name":"wp","href":"https:\/\/api.w.org\/{rel}","templated":true}]}}