{"id":359985,"date":"2024-09-26T12:55:05","date_gmt":"2024-09-26T11:55:05","guid":{"rendered":"https:\/\/www.moskito.cz\/produkt\/kapesni-nuz-magnum-empery\/"},"modified":"2025-05-07T11:24:21","modified_gmt":"2025-05-07T10:24:21","slug":"kapesni-nuz-magnum-empery","status":"publish","type":"product","link":"https:\/\/www.moskito.cz\/de\/produkt\/kapesni-nuz-magnum-empery\/","title":{"rendered":"Zav\u00edrac\u00ed N\u016f\u017e Magnum Empery 01SC090"},"content":{"rendered":"<p>Zav\u00edrac\u00ed N\u016f\u017e <strong>Magnum<\/strong> Empery 01SC090.<\/p>\n<p>Nech\u0165 je s n\u00edm ta n\u00e1dhera &#8211; elegantn\u00ed B\u00f6ker Magnum Empery p\u016fsob\u00ed na cel\u00e9 \u010d\u00e1\u0159e jako noblesn\u00ed gentlemansk\u00e9 leporelo pro ka\u017edodenn\u00ed \u017eivot i voln\u00fd \u010das. D\u00edky zaj\u00edmav\u00e9mu \u010dernob\u00edl\u00e9mu kontrastu na \u010depeli a rukojeti zachyt\u00ed kapesn\u00ed n\u016f\u017e v\u0161echny \u0161ed\u00e9 t\u00f3ny sv\u011bta EDC s le\u017e\u00e9rnost\u00ed, kterou je Boker zn\u00e1m\u00fd. \u010cern\u00fd povrch \u010depele s kuli\u010dkov\u00fdm lo\u017eiskem z materi\u00e1lu 440B zaji\u0161\u0165uje diskr\u00e9tn\u00ed vzhled se sebev\u011bdom\u00fdm vzhledem , zat\u00edmco texturovan\u00e1 rukoje\u0165 z G10 vytv\u00e1\u0159\u00ed symbi\u00f3zu pocitu a stylu. Pro otev\u0159en\u00ed kapesn\u00edho no\u017ee je k dispozici v\u00fdb\u011br ploutv\u00ed nebo p\u0159edn\u00edch ploutv\u00ed ; z\u00e1mek vlo\u017eky upev\u0148uje dominanci ve vesm\u00edru EDC. S poutkem na lano a konvertibiln\u00ed vykl\u00e1p\u011bc\u00ed sponou , kter\u00e1 umo\u017e\u0148uje hlubok\u00e9 no\u0161en\u00ed.<\/p>\n<p>Celkov\u00e1 d\u00e9lka: 19,1 cm<br \/>\nD\u00e9lka \u010depele: 8,1 cm<br \/>\nHmotnost: 83 g<br \/>\nMateri\u00e1l \u010depele: 440B<br \/>\nMateri\u00e1l rukojeti: G10<br \/>\nPojistka: linerlock<br \/>\ns klipem a otvorem na \u0161\u0148\u016frku<\/p>\n","protected":false},"excerpt":{"rendered":"<p><strong>A\u0165 ho prov\u00e1z\u00ed n\u00e1dhera &#8211; Elegantn\u00ed n\u016f\u017e Boker Magnum Imperial White Liner zaujme po v\u0161ech str\u00e1nk\u00e1ch jako elegantn\u00ed p\u00e1nsk\u00e1 slo\u017eka pro ka\u017edodenn\u00ed pou\u017eit\u00ed i voln\u00fd \u010das.\u00a0<\/strong><\/p>\n","protected":false},"featured_media":361913,"comment_status":"closed","ping_status":"closed","template":"","meta":[],"pwb-brand":[140],"product_brand":[],"product_cat":[22,17],"product_tag":[],"class_list":{"0":"post-359985","1":"product","2":"type-product","3":"status-publish","4":"has-post-thumbnail","6":"pwb-brand-boker","7":"product_cat-zaviraci-noze","8":"product_cat-noze","10":"first","11":"instock","12":"taxable","13":"shipping-taxable","14":"purchasable","15":"product-type-simple"},"brands":[{"id":140,"name":"Boker","slug":"boker"}],"_links":{"self":[{"href":"https:\/\/www.moskito.cz\/de\/wp-json\/wp\/v2\/product\/359985","targetHints":{"allow":["GET"]}}],"collection":[{"href":"https:\/\/www.moskito.cz\/de\/wp-json\/wp\/v2\/product"}],"about":[{"href":"https:\/\/www.moskito.cz\/de\/wp-json\/wp\/v2\/types\/product"}],"replies":[{"embeddable":true,"href":"https:\/\/www.moskito.cz\/de\/wp-json\/wp\/v2\/comments?post=359985"}],"wp:featuredmedia":[{"embeddable":true,"href":"https:\/\/www.moskito.cz\/de\/wp-json\/wp\/v2\/media\/361913"}],"wp:attachment":[{"href":"https:\/\/www.moskito.cz\/de\/wp-json\/wp\/v2\/media?parent=359985"}],"wp:term":[{"taxonomy":"pwb-brand","embeddable":true,"href":"https:\/\/www.moskito.cz\/de\/wp-json\/wp\/v2\/pwb-brand?post=359985"},{"taxonomy":"product_brand","embeddable":true,"href":"https:\/\/www.moskito.cz\/de\/wp-json\/wp\/v2\/product_brand?post=359985"},{"taxonomy":"product_cat","embeddable":true,"href":"https:\/\/www.moskito.cz\/de\/wp-json\/wp\/v2\/product_cat?post=359985"},{"taxonomy":"product_tag","embeddable":true,"href":"https:\/\/www.moskito.cz\/de\/wp-json\/wp\/v2\/product_tag?post=359985"}],"curies":[{"name":"wp","href":"https:\/\/api.w.org\/{rel}","templated":true}]}}