{"id":360013,"date":"2024-09-26T12:55:05","date_gmt":"2024-09-26T11:55:05","guid":{"rendered":"https:\/\/www.moskito.cz\/produkt\/kapesni-nuz-sliplock\/"},"modified":"2025-05-07T11:24:22","modified_gmt":"2025-05-07T10:24:22","slug":"kapesni-nuz-sliplock","status":"publish","type":"product","link":"https:\/\/www.moskito.cz\/de\/produkt\/kapesni-nuz-sliplock\/","title":{"rendered":"Kapesn\u00ed n\u016f\u017e Sliplock"},"content":{"rendered":"<ul>\n<li>celkov\u00e1 d\u00e9lka: 18,6 cm<\/li>\n<li>d\u00e9lka \u010depele: 7,7 cm<\/li>\n<li>hmotnost: 120 g<\/li>\n<li>materi\u00e1l \u010depele: 14C28N<\/li>\n<li>materi\u00e1l rukojeti: G10<\/li>\n<li>design\u00e9r: Kirk Mayberry<\/li>\n<li>pojistka: framelock<\/li>\n<li>s otvorem na \u0161\u0148\u016frku a sklipem<\/li>\n<li>v kvalitn\u00edm nylonov\u00e9m pouzd\u0159e<\/li>\n<\/ul>\n","protected":false},"excerpt":{"rendered":"<p>Design\u00e9r Kirk Mayberry ze spole\u010dnosti KM-Designs p\u0159in\u00e1\u0161\u00ed s no\u017eem B\u00f6ker Plus Sliplock kombinaci modern\u00ed dynammiky a tradi\u010dn\u00edch prvk\u016f. Zak\u00e1zkov\u00fd v\u00fdrobce no\u017e\u016f z americk\u00e9ho st\u00e1tu Tennessee st\u00edr\u00e1 nuance v kapesn\u00edm no\u017ei se silnou v\u016fl\u00ed, aby vytvo\u0159il jednotu, kter\u00e1 definuje charakter jako vlastnost. Barevn\u00e9 pojet\u00ed je p\u0159esv\u011bd\u010div\u00e9, koncepce ovl\u00e1d\u00e1n\u00ed nezam\u011bniteln\u00e1, celkov\u00e9 pojet\u00ed dokonal\u00e9 &#8211; s masivn\u00ed \u010depel\u00ed 14C28N clip-point se sat\u00e9novou povrchovou \u00fapravou, titanov\u011b \u0161edou rukojet\u00ed z nerezov\u00e9 oceli se st\u0159enkami z \u010dern\u00e9 G10, otv\u00edr\u00e1n\u00edm na palec a pojistkou framelock nepostr\u00e1d\u00e1 n\u016f\u017e v\u016fbec nic. N\u00e1padn\u011b prodlou\u017een\u00fd otvor na palec pro otev\u00edr\u00e1n\u00ed \u010depele je praktick\u00fd a z\u00e1rove\u0148 poutav\u00fd, zat\u00edmco masivn\u00ed pojistka framelock je naopak vizu\u00e1ln\u011b nen\u00e1padn\u00e1. Otvor na \u0161\u0148\u016frku, \u0161irok\u00fd klip a kvalitn\u00ed nylonov\u00e9 pouzdro v\u0161e dokonale dopl\u0148uj\u00ed.<\/p>\n","protected":false},"featured_media":360014,"comment_status":"closed","ping_status":"closed","template":"","meta":[],"pwb-brand":[140],"product_brand":[],"product_cat":[17,22],"product_tag":[],"class_list":{"0":"post-360013","1":"product","2":"type-product","3":"status-publish","4":"has-post-thumbnail","6":"pwb-brand-boker","7":"product_cat-noze","8":"product_cat-zaviraci-noze","10":"first","11":"instock","12":"taxable","13":"shipping-taxable","14":"purchasable","15":"product-type-simple"},"brands":[{"id":140,"name":"Boker","slug":"boker"}],"_links":{"self":[{"href":"https:\/\/www.moskito.cz\/de\/wp-json\/wp\/v2\/product\/360013","targetHints":{"allow":["GET"]}}],"collection":[{"href":"https:\/\/www.moskito.cz\/de\/wp-json\/wp\/v2\/product"}],"about":[{"href":"https:\/\/www.moskito.cz\/de\/wp-json\/wp\/v2\/types\/product"}],"replies":[{"embeddable":true,"href":"https:\/\/www.moskito.cz\/de\/wp-json\/wp\/v2\/comments?post=360013"}],"wp:featuredmedia":[{"embeddable":true,"href":"https:\/\/www.moskito.cz\/de\/wp-json\/wp\/v2\/media\/360014"}],"wp:attachment":[{"href":"https:\/\/www.moskito.cz\/de\/wp-json\/wp\/v2\/media?parent=360013"}],"wp:term":[{"taxonomy":"pwb-brand","embeddable":true,"href":"https:\/\/www.moskito.cz\/de\/wp-json\/wp\/v2\/pwb-brand?post=360013"},{"taxonomy":"product_brand","embeddable":true,"href":"https:\/\/www.moskito.cz\/de\/wp-json\/wp\/v2\/product_brand?post=360013"},{"taxonomy":"product_cat","embeddable":true,"href":"https:\/\/www.moskito.cz\/de\/wp-json\/wp\/v2\/product_cat?post=360013"},{"taxonomy":"product_tag","embeddable":true,"href":"https:\/\/www.moskito.cz\/de\/wp-json\/wp\/v2\/product_tag?post=360013"}],"curies":[{"name":"wp","href":"https:\/\/api.w.org\/{rel}","templated":true}]}}