{"id":360124,"date":"2024-09-26T12:55:57","date_gmt":"2024-09-26T11:55:57","guid":{"rendered":"https:\/\/www.moskito.cz\/produkt\/olejove-pero-pro-peci-o-noze-oil-pen-2-0\/"},"modified":"2025-05-07T11:24:27","modified_gmt":"2025-05-07T10:24:27","slug":"olejove-pero-pro-peci-o-noze-oil-pen-2-0","status":"publish","type":"product","link":"https:\/\/www.moskito.cz\/de\/produkt\/olejove-pero-pro-peci-o-noze-oil-pen-2-0\/","title":{"rendered":"Olejov\u00e9 pero pro p\u00e9\u010di o no\u017ee Oil Pen 2.0"},"content":{"rendered":"<ul>\n<li>jednoduch\u00e9 d\u00e1vkov\u00e1n\u00ed p\u0159esn\u011b tam, kam je pot\u0159eba<\/li>\n<li>dlouh\u00e1 tenk\u00e1 d\u00e1vkovac\u00ed \u0161pi\u010dka<\/li>\n<li>objem: 12 ml<\/li>\n<\/ul>\n","protected":false},"excerpt":{"rendered":"<p>Vysoce kvalitn\u00ed olej vhodn\u00fd pro p\u00e9\u010di o no\u017ee lze p\u0159esn\u011b a dob\u0159e d\u00e1vkovat d\u00edky mimo\u0159\u00e1dn\u011b dlouh\u00e9 a jemn\u00e9 d\u00e1vkovac\u00ed \u0161pi\u010dce. Je zcela bez z\u00e1pachu a bez silikonu. Je fyziologicky nez\u00e1vadn\u00fd podle a dokonce schv\u00e1len\u00fd pro pou\u017eit\u00ed v potravin\u00e1\u0159stv\u00ed.<\/p>\n","protected":false},"featured_media":360125,"comment_status":"closed","ping_status":"closed","template":"","meta":[],"pwb-brand":[140],"product_brand":[],"product_cat":[17,22],"product_tag":[],"class_list":{"0":"post-360124","1":"product","2":"type-product","3":"status-publish","4":"has-post-thumbnail","6":"pwb-brand-boker","7":"product_cat-noze","8":"product_cat-zaviraci-noze","10":"first","11":"outofstock","12":"taxable","13":"shipping-taxable","14":"purchasable","15":"product-type-simple"},"brands":[{"id":140,"name":"Boker","slug":"boker"}],"_links":{"self":[{"href":"https:\/\/www.moskito.cz\/de\/wp-json\/wp\/v2\/product\/360124","targetHints":{"allow":["GET"]}}],"collection":[{"href":"https:\/\/www.moskito.cz\/de\/wp-json\/wp\/v2\/product"}],"about":[{"href":"https:\/\/www.moskito.cz\/de\/wp-json\/wp\/v2\/types\/product"}],"replies":[{"embeddable":true,"href":"https:\/\/www.moskito.cz\/de\/wp-json\/wp\/v2\/comments?post=360124"}],"wp:featuredmedia":[{"embeddable":true,"href":"https:\/\/www.moskito.cz\/de\/wp-json\/wp\/v2\/media\/360125"}],"wp:attachment":[{"href":"https:\/\/www.moskito.cz\/de\/wp-json\/wp\/v2\/media?parent=360124"}],"wp:term":[{"taxonomy":"pwb-brand","embeddable":true,"href":"https:\/\/www.moskito.cz\/de\/wp-json\/wp\/v2\/pwb-brand?post=360124"},{"taxonomy":"product_brand","embeddable":true,"href":"https:\/\/www.moskito.cz\/de\/wp-json\/wp\/v2\/product_brand?post=360124"},{"taxonomy":"product_cat","embeddable":true,"href":"https:\/\/www.moskito.cz\/de\/wp-json\/wp\/v2\/product_cat?post=360124"},{"taxonomy":"product_tag","embeddable":true,"href":"https:\/\/www.moskito.cz\/de\/wp-json\/wp\/v2\/product_tag?post=360124"}],"curies":[{"name":"wp","href":"https:\/\/api.w.org\/{rel}","templated":true}]}}