{"id":360146,"date":"2024-09-26T12:55:57","date_gmt":"2024-09-26T11:55:57","guid":{"rendered":"https:\/\/www.moskito.cz\/produkt\/kapesni-nuz-scout-buffalo\/"},"modified":"2025-05-07T11:24:28","modified_gmt":"2025-05-07T10:24:28","slug":"kapesni-nuz-scout-buffalo","status":"publish","type":"product","link":"https:\/\/www.moskito.cz\/de\/produkt\/kapesni-nuz-scout-buffalo\/","title":{"rendered":"Kapesn\u00ed n\u016f\u017e Scout Buffalo"},"content":{"rendered":"<ul>\n<li>celkov\u00e1 d\u00e9lka: 18,4 cm<\/li>\n<li>d\u00e9lka \u010depele: 8 cm<\/li>\n<li>hmotnost: 160 g<\/li>\n<li>materi\u00e1l \u010depele: N690<\/li>\n<li>materi\u00e1l rukojeti: buvol\u00ed roh<\/li>\n<li>typ pojistky: Backlock<\/li>\n<\/ul>\n","protected":false},"excerpt":{"rendered":"<p><P>Model no\u017ee Scout vznikl ji\u017e v roce 1985. Snad ani nikdo ne\u010dekal, \u017ee se z n\u011bj stane jeden z nej\u00fasp\u011b\u0161n\u011bj\u0161\u00edch a nejobl\u00edben\u011bj\u0161\u00edch kapesn\u00edch no\u017e\u016f nab\u00eddky <SPAN class=fn>B\u00f6ker<\/SPAN>. V ka\u017ed\u00e9m p\u0159\u00edpad\u011b je v\u00fdjime\u010dn\u00fd. A\u010dkoli \u017e\u00e1dn\u00fd jin\u00fd model nem\u011bl v pr\u016fb\u011bhu let tolik verz\u00ed jako Scout, z\u00e1kladn\u00ed specifikace se nikdy nezm\u011bnily. Mimo\u0159\u00e1dn\u011b stabiln\u00ed t\u011blo je tepan\u00e9 z jednoho kusu alpaky. Dut\u00e1 brou\u0161en\u00e1 \u010depel z nerezov\u00e9 oceli N690 p\u0159isp\u00edv\u00e1 sv\u00fdm nezapomenuteln\u00fdm tvarem k nezam\u011bniteln\u00e9mu vzhledu no\u017ee Scout. Je vybaven klasickou pojistkou Backlock udr\u017euje. Celkov\u00fd harmonick\u00fd&nbsp; dojem t\u00e9to klasiky dotv\u00e1\u0159ej\u00ed p\u0159\u00edjemn\u011b tvarovan\u00e9 st\u0159enky z buvol\u00edho rohu, kter\u00e9 jsou d\u016fmysln\u011b ru\u010dn\u011b vyle\u0161t\u011bn\u00e9 do vysok\u00e9ho lesku.<\/P><\/p>\n","protected":false},"featured_media":360147,"comment_status":"closed","ping_status":"closed","template":"","meta":[],"pwb-brand":[140],"product_brand":[],"product_cat":[17,22],"product_tag":[],"class_list":{"0":"post-360146","1":"product","2":"type-product","3":"status-publish","4":"has-post-thumbnail","6":"pwb-brand-boker","7":"product_cat-noze","8":"product_cat-zaviraci-noze","10":"first","11":"outofstock","12":"taxable","13":"shipping-taxable","14":"purchasable","15":"product-type-simple"},"brands":[{"id":140,"name":"Boker","slug":"boker"}],"_links":{"self":[{"href":"https:\/\/www.moskito.cz\/de\/wp-json\/wp\/v2\/product\/360146","targetHints":{"allow":["GET"]}}],"collection":[{"href":"https:\/\/www.moskito.cz\/de\/wp-json\/wp\/v2\/product"}],"about":[{"href":"https:\/\/www.moskito.cz\/de\/wp-json\/wp\/v2\/types\/product"}],"replies":[{"embeddable":true,"href":"https:\/\/www.moskito.cz\/de\/wp-json\/wp\/v2\/comments?post=360146"}],"wp:featuredmedia":[{"embeddable":true,"href":"https:\/\/www.moskito.cz\/de\/wp-json\/wp\/v2\/media\/360147"}],"wp:attachment":[{"href":"https:\/\/www.moskito.cz\/de\/wp-json\/wp\/v2\/media?parent=360146"}],"wp:term":[{"taxonomy":"pwb-brand","embeddable":true,"href":"https:\/\/www.moskito.cz\/de\/wp-json\/wp\/v2\/pwb-brand?post=360146"},{"taxonomy":"product_brand","embeddable":true,"href":"https:\/\/www.moskito.cz\/de\/wp-json\/wp\/v2\/product_brand?post=360146"},{"taxonomy":"product_cat","embeddable":true,"href":"https:\/\/www.moskito.cz\/de\/wp-json\/wp\/v2\/product_cat?post=360146"},{"taxonomy":"product_tag","embeddable":true,"href":"https:\/\/www.moskito.cz\/de\/wp-json\/wp\/v2\/product_tag?post=360146"}],"curies":[{"name":"wp","href":"https:\/\/api.w.org\/{rel}","templated":true}]}}