{"id":360314,"date":"2024-09-26T12:56:54","date_gmt":"2024-09-26T11:56:54","guid":{"rendered":"https:\/\/www.moskito.cz\/produkt\/kapesni-nuz-boker-pocket-tru-stone\/"},"modified":"2025-05-07T11:24:35","modified_gmt":"2025-05-07T10:24:35","slug":"kapesni-nuz-boker-pocket-tru-stone","status":"publish","type":"product","link":"https:\/\/www.moskito.cz\/de\/produkt\/kapesni-nuz-boker-pocket-tru-stone\/","title":{"rendered":"Kapesn\u00ed n\u016f\u017e B\u00f6ker Pocket Tru-Stone"},"content":{"rendered":"<ul>\n<li>celkov\u00e1 d\u00e9lka: 11,5 cm<\/li>\n<li>d\u00e9lka \u010depele: 5,5 cm<\/li>\n<li>hmotnost: 41 g<\/li>\n<li>tlou\u0161\u0165ka \u010depele: 1,9 mm<\/li>\n<li>materi\u00e1l \u010depele: 4034<\/li>\n<li>materi\u00e1l rukojeti:&nbsp;um\u011bl\u00fd k\u00e1men<\/li>\n<li>pojistka: backlock<\/li>\n<li>s klipem<\/li>\n<\/ul>\n","protected":false},"excerpt":{"rendered":"<p>Obl\u00edben\u00fd n\u016f\u017e B\u00f6ker Pocket, kompaktn\u00ed n\u016f\u017e, kter\u00fd se \u010dasto nos\u00ed v kapse vesty nebo d\u017e\u00edn\u016f nebo je zastr\u010den\u00fd v d\u00e1msk\u00e9 kabelce, m\u00e1 st\u0159enky vyroben\u00e9 z ozdobn\u00e9ho kamene Tru-Stone. Tento v\u00fdjime\u010dn\u00fd materi\u00e1l se vyr\u00e1b\u00ed v USA a pat\u0159\u00ed mezi \u0161pi\u010dkov\u00e9 v\u00fdrobky z um\u011bl\u00e9ho kamene. P\u0159ibli\u017en\u011b 85 % takzvan\u00e9ho Recon Stone je vyrobeno z p\u0159\u00edrodn\u00edch kamen\u016f, p\u0159i\u010dem\u017e mezery jsou vypln\u011bny akrylem. Hotov\u00fd materi\u00e1l m\u00e1 ve\u0161kerou eleganci skute\u010dn\u00e9ho masivn\u00edho p\u0159\u00edrodn\u00edho kamene, p\u0159itom je mnohem pevn\u011bj\u0161\u00ed a m\u00e9n\u011b k\u0159ehk\u00fd.<\/p>\n<p>Kapesn\u00ed n\u016f\u017e B\u00f6ker Tru-Stone je skute\u010dn\u00fdm skvostem pro ka\u017edodenn\u00ed \u0159ez\u00e1n\u00ed. \u010cepel je vyrobena z oceli Solingen 4034, kter\u00e1 v sob\u011b spojuje zachov\u00e1n\u00ed ost\u0159\u00ed, odolnost proti korozi a snadn\u00e9 ost\u0159en\u00ed. Je zaji\u0161t\u011bn klasickou pojistkou backlock a otev\u00edr\u00e1 se pomoc\u00ed nehtov\u00e9ho z\u00e1\u0159ezu. N\u016f\u017e je opat\u0159en klasickou mosaznou p\u0159\u00edlo\u017ekou a novou verz\u00ed historick\u00e9ho symbolu stromu B\u00f6ker. Ru\u010dn\u011b vyrobeno v manufaktu\u0159e B\u00f6ker v Solingenu v limitovan\u00e9 edici 300 kus\u016f pro cel\u00fd sv\u011bt.<\/p>\n","protected":false},"featured_media":360315,"comment_status":"closed","ping_status":"closed","template":"","meta":[],"pwb-brand":[140],"product_brand":[],"product_cat":[17,22],"product_tag":[],"class_list":{"0":"post-360314","1":"product","2":"type-product","3":"status-publish","4":"has-post-thumbnail","6":"pwb-brand-boker","7":"product_cat-noze","8":"product_cat-zaviraci-noze","10":"first","11":"outofstock","12":"taxable","13":"shipping-taxable","14":"purchasable","15":"product-type-simple"},"brands":[{"id":140,"name":"Boker","slug":"boker"}],"_links":{"self":[{"href":"https:\/\/www.moskito.cz\/de\/wp-json\/wp\/v2\/product\/360314","targetHints":{"allow":["GET"]}}],"collection":[{"href":"https:\/\/www.moskito.cz\/de\/wp-json\/wp\/v2\/product"}],"about":[{"href":"https:\/\/www.moskito.cz\/de\/wp-json\/wp\/v2\/types\/product"}],"replies":[{"embeddable":true,"href":"https:\/\/www.moskito.cz\/de\/wp-json\/wp\/v2\/comments?post=360314"}],"wp:featuredmedia":[{"embeddable":true,"href":"https:\/\/www.moskito.cz\/de\/wp-json\/wp\/v2\/media\/360315"}],"wp:attachment":[{"href":"https:\/\/www.moskito.cz\/de\/wp-json\/wp\/v2\/media?parent=360314"}],"wp:term":[{"taxonomy":"pwb-brand","embeddable":true,"href":"https:\/\/www.moskito.cz\/de\/wp-json\/wp\/v2\/pwb-brand?post=360314"},{"taxonomy":"product_brand","embeddable":true,"href":"https:\/\/www.moskito.cz\/de\/wp-json\/wp\/v2\/product_brand?post=360314"},{"taxonomy":"product_cat","embeddable":true,"href":"https:\/\/www.moskito.cz\/de\/wp-json\/wp\/v2\/product_cat?post=360314"},{"taxonomy":"product_tag","embeddable":true,"href":"https:\/\/www.moskito.cz\/de\/wp-json\/wp\/v2\/product_tag?post=360314"}],"curies":[{"name":"wp","href":"https:\/\/api.w.org\/{rel}","templated":true}]}}