{"id":360483,"date":"2024-09-26T12:57:42","date_gmt":"2024-09-26T11:57:42","guid":{"rendered":"https:\/\/www.moskito.cz\/produkt\/nuz-s-pevnou-cepeli-ranger-field-bowie\/"},"modified":"2025-05-07T11:24:39","modified_gmt":"2025-05-07T10:24:39","slug":"nuz-s-pevnou-cepeli-ranger-field-bowie","status":"publish","type":"product","link":"https:\/\/www.moskito.cz\/de\/produkt\/nuz-s-pevnou-cepeli-ranger-field-bowie\/","title":{"rendered":"N\u016f\u017e s pevnou \u010depel\u00ed Ranger Field Bowie"},"content":{"rendered":"<p><UL dir=ltr><\/p>\n<p><LI><\/p>\n<p><DIV align=left>celkov\u00e1 d\u00e9lka:&nbsp;27 cm<\/DIV><\/p>\n<p><LI><\/p>\n<p><DIV align=left>d\u00e9lka \u010depele:&nbsp;15 cm<\/DIV><\/p>\n<p><LI><\/p>\n<p><DIV align=left>hmotnost:&nbsp;170 g<\/DIV><\/p>\n<p><LI><\/p>\n<p><DIV align=left>materi\u00e1l \u010depele:&nbsp;nerezov\u00e1 ocel <SPAN lang=SK><br \/>\n<SPAN lang=CS>7Cr17MoV<\/SPAN><br \/>\n<\/SPAN><br \/>\n<\/DIV><\/p>\n<p><LI><br \/>\n<SPAN lang=CS>materi\u00e1l rukojeti: plast G10<\/SPAN>&nbsp;a hn\u011bd\u00e1 k\u016f\u017ee<\/LI><br \/>\n<\/UL><\/p>\n<p><P dir=ltr>&nbsp;<\/P><\/p>\n","protected":false},"excerpt":{"rendered":"<p><P>Magnum Ranger Field Bowie kombinuje osv\u011bd\u010den\u00fd tvar no\u017ee s modern\u00edm materi\u00e1lem. Rukoje\u0165 a koncov\u00fd knofl\u00edk nejsou vyrobeny z kovu jako obvykle, ale z lehk\u00e9ho a extr\u00e9mn\u011b odoln\u00e9ho plastu. V\u00fdsledkem je v\u00fdrazn\u00e9 sn\u00ed\u017een\u00ed hmotnosti a v kombinaci s hn\u011bdou k\u016f\u017e\u00ed na rukojeti a \u010dern\u011b pota\u017eenou \u010depel\u00ed z\u00edsk\u00e1v\u00e1 n\u016f\u017e modern\u00ed a atraktivn\u00ed vzhled. P\u016fsobiv\u00e1 \u010depel z nerezov\u00e9 oceli m\u00e1 v\u00fdraznou dutou dr\u00e1\u017eku. V balen\u00ed s vysoce kvalitn\u00edm \u010dern\u00fdm ko\u017een\u00fdm pouzdrem.<\/P><\/p>\n","protected":false},"featured_media":360484,"comment_status":"closed","ping_status":"closed","template":"","meta":[],"pwb-brand":[140],"product_brand":[],"product_cat":[17,23],"product_tag":[],"class_list":{"0":"post-360483","1":"product","2":"type-product","3":"status-publish","4":"has-post-thumbnail","6":"pwb-brand-boker","7":"product_cat-noze","8":"product_cat-pevne-noze","10":"first","11":"outofstock","12":"taxable","13":"shipping-taxable","14":"purchasable","15":"product-type-simple"},"brands":[{"id":140,"name":"Boker","slug":"boker"}],"_links":{"self":[{"href":"https:\/\/www.moskito.cz\/de\/wp-json\/wp\/v2\/product\/360483","targetHints":{"allow":["GET"]}}],"collection":[{"href":"https:\/\/www.moskito.cz\/de\/wp-json\/wp\/v2\/product"}],"about":[{"href":"https:\/\/www.moskito.cz\/de\/wp-json\/wp\/v2\/types\/product"}],"replies":[{"embeddable":true,"href":"https:\/\/www.moskito.cz\/de\/wp-json\/wp\/v2\/comments?post=360483"}],"wp:featuredmedia":[{"embeddable":true,"href":"https:\/\/www.moskito.cz\/de\/wp-json\/wp\/v2\/media\/360484"}],"wp:attachment":[{"href":"https:\/\/www.moskito.cz\/de\/wp-json\/wp\/v2\/media?parent=360483"}],"wp:term":[{"taxonomy":"pwb-brand","embeddable":true,"href":"https:\/\/www.moskito.cz\/de\/wp-json\/wp\/v2\/pwb-brand?post=360483"},{"taxonomy":"product_brand","embeddable":true,"href":"https:\/\/www.moskito.cz\/de\/wp-json\/wp\/v2\/product_brand?post=360483"},{"taxonomy":"product_cat","embeddable":true,"href":"https:\/\/www.moskito.cz\/de\/wp-json\/wp\/v2\/product_cat?post=360483"},{"taxonomy":"product_tag","embeddable":true,"href":"https:\/\/www.moskito.cz\/de\/wp-json\/wp\/v2\/product_tag?post=360483"}],"curies":[{"name":"wp","href":"https:\/\/api.w.org\/{rel}","templated":true}]}}