{"id":360625,"date":"2024-09-26T12:58:29","date_gmt":"2024-09-26T11:58:29","guid":{"rendered":"https:\/\/www.moskito.cz\/produkt\/kapesni-nuz-boker-plus-urban-spillo-jade-g10\/"},"modified":"2025-05-07T11:24:44","modified_gmt":"2025-05-07T10:24:44","slug":"kapesni-nuz-boker-plus-urban-spillo-jade-g10","status":"publish","type":"product","link":"https:\/\/www.moskito.cz\/de\/produkt\/kapesni-nuz-boker-plus-urban-spillo-jade-g10\/","title":{"rendered":"Kapesn\u00ed n\u016f\u017e B\u00f6ker Plus Urban Spillo Jade G10"},"content":{"rendered":"<ul>\n<li>celkov\u00e1 d\u00e9lka: 17,9 cm<\/li>\n<li>d\u00e9lka \u010depele: 7,6 cm<\/li>\n<li>hmotnost: 80 g<\/li>\n<li>tlou\u0161\u0165ka \u010depele: 2,8 mm<\/li>\n<li>materi\u00e1l \u010depele: 440C<\/li>\n<li>materi\u00e1l rukojeti: G10<\/li>\n<li>typ pojistky: Linerlock<\/li>\n<\/ul>\n","protected":false},"excerpt":{"rendered":"<p>\u0160t\u00edhl\u00fd n\u016f\u017e Urban Spillo je mimo\u0159\u00e1dn\u011b kompaktn\u00ed kapesn\u00ed n\u016f\u017e pro ka\u017edodenn\u00ed pou\u017eit\u00ed, kter\u00fd lze pohodln\u011b nosit u sebe a kter\u00fd nen\u00ed nijak objemn\u00fd. \u010cepel Spearpoint z materi\u00e1lu 440C s \u010dernou povrchovou \u00fapravou se ovl\u00e1d\u00e1 pomoc\u00ed diskr\u00e9tn\u00edho p\u0159edn\u00edho flipperu. Robustn\u00ed pojistka linerlock spolehliv\u011b uzamkne \u010depel po otev\u0159en\u00ed. Kapesn\u00ed n\u016f\u017e m\u00e1 st\u0159enky rukojeti z materi\u00e1lu Natural Jade G10, polopr\u016fhledn\u00e9 origin\u00e1ln\u00ed varianty odoln\u00e9ho kompozitn\u00edho materi\u00e1lu. T\u011blo rukojeti dr\u017e\u00ed pohromad\u011b \u010dern\u00e9 \u0161rouby, zat\u00edmco mosazn\u00fd krou\u017eek kolem \u0161roubu osy \u010depele dod\u00e1v\u00e1 zaj\u00edmav\u00fd vizu\u00e1ln\u00ed akcent. Dod\u00e1v\u00e1 se s praktick\u00fdm klipem.<\/p>\n","protected":false},"featured_media":360626,"comment_status":"closed","ping_status":"closed","template":"","meta":[],"pwb-brand":[140],"product_brand":[],"product_cat":[17,22],"product_tag":[],"class_list":{"0":"post-360625","1":"product","2":"type-product","3":"status-publish","4":"has-post-thumbnail","6":"pwb-brand-boker","7":"product_cat-noze","8":"product_cat-zaviraci-noze","10":"first","11":"instock","12":"taxable","13":"shipping-taxable","14":"purchasable","15":"product-type-simple"},"brands":[{"id":140,"name":"Boker","slug":"boker"}],"_links":{"self":[{"href":"https:\/\/www.moskito.cz\/de\/wp-json\/wp\/v2\/product\/360625","targetHints":{"allow":["GET"]}}],"collection":[{"href":"https:\/\/www.moskito.cz\/de\/wp-json\/wp\/v2\/product"}],"about":[{"href":"https:\/\/www.moskito.cz\/de\/wp-json\/wp\/v2\/types\/product"}],"replies":[{"embeddable":true,"href":"https:\/\/www.moskito.cz\/de\/wp-json\/wp\/v2\/comments?post=360625"}],"wp:featuredmedia":[{"embeddable":true,"href":"https:\/\/www.moskito.cz\/de\/wp-json\/wp\/v2\/media\/360626"}],"wp:attachment":[{"href":"https:\/\/www.moskito.cz\/de\/wp-json\/wp\/v2\/media?parent=360625"}],"wp:term":[{"taxonomy":"pwb-brand","embeddable":true,"href":"https:\/\/www.moskito.cz\/de\/wp-json\/wp\/v2\/pwb-brand?post=360625"},{"taxonomy":"product_brand","embeddable":true,"href":"https:\/\/www.moskito.cz\/de\/wp-json\/wp\/v2\/product_brand?post=360625"},{"taxonomy":"product_cat","embeddable":true,"href":"https:\/\/www.moskito.cz\/de\/wp-json\/wp\/v2\/product_cat?post=360625"},{"taxonomy":"product_tag","embeddable":true,"href":"https:\/\/www.moskito.cz\/de\/wp-json\/wp\/v2\/product_tag?post=360625"}],"curies":[{"name":"wp","href":"https:\/\/api.w.org\/{rel}","templated":true}]}}