{"id":360631,"date":"2024-09-26T12:58:29","date_gmt":"2024-09-26T11:58:29","guid":{"rendered":"https:\/\/www.moskito.cz\/produkt\/kapesni-nuz-boker-plus-connector-g10\/"},"modified":"2025-05-07T11:24:44","modified_gmt":"2025-05-07T10:24:44","slug":"kapesni-nuz-boker-plus-connector-g10","status":"publish","type":"product","link":"https:\/\/www.moskito.cz\/de\/produkt\/kapesni-nuz-boker-plus-connector-g10\/","title":{"rendered":"Kapesn\u00ed n\u016f\u017e B\u00f6ker Plus Connector G10"},"content":{"rendered":"<ul>\n<li>celkov\u00e1 d\u00e9lka: 17,9 cm<\/li>\n<li>d\u00e9lka \u010depele: 7,6 cm<\/li>\n<li>hmotnost: 78 g<\/li>\n<li>tlou\u0161\u0165ka \u010depele: 3,2 mm<\/li>\n<li>materi\u00e1l \u010depele: D2<\/li>\n<li>materi\u00e1l rukojeti: G10<\/li>\n<li>typ pojistky: Linerlock<\/li>\n<li>design\u00e9r: Poltergeist Works<\/li>\n<\/ul>\n","protected":false},"excerpt":{"rendered":"<p><P>\u0160ikovn\u00fd n\u016f\u017e Connector nese nezam\u011bniteln\u00fd podpis polsk\u00e9ho no\u017e\u00ed\u0159e Jakuba Wieczorkiewicze, kter\u00fd je dnes zn\u00e1m\u00fd po cel\u00e9m sv\u011bt\u011b pod svoj\u00ed zna\u010dkou Poltergeist Works. Connector je kompaktn\u00ed EDC s \u010depel\u00ed Wharncliffe z materi\u00e1lu D2, kter\u00e1 se otev\u00edr\u00e1 odn\u00edmateln\u00fdm kol\u00ed\u010dkem na palec a spolehliv\u011b ji zaji\u0161\u0165uje robustn\u00ed pojistka linerlock. St\u0159enky rukojeti z neklouzav\u00e9ho materi\u00e1lu G10 s p\u016fsobivou texturou v\u017edy bezpe\u010dn\u011b padnou do ruky, zat\u00edmco vroubkov\u00e1n\u00ed na h\u0159betu \u010depele nav\u00edc zvy\u0161uje bezpe\u010dnost pr\u00e1ce. Dod\u00e1v\u00e1 se s ozdobn\u00fdm \u0161roubem osy \u010depele, otvorem pro \u0161\u0148\u016frku, praktick\u00fdm klipem pro hlubok\u00e9 no\u0161en\u00ed a kvalitn\u00edm nylonov\u00fdm pouzdrem pro ulo\u017een\u00ed.<\/P><\/p>\n","protected":false},"featured_media":360632,"comment_status":"closed","ping_status":"closed","template":"","meta":[],"pwb-brand":[140],"product_brand":[],"product_cat":[17,22],"product_tag":[],"class_list":{"0":"post-360631","1":"product","2":"type-product","3":"status-publish","4":"has-post-thumbnail","6":"pwb-brand-boker","7":"product_cat-noze","8":"product_cat-zaviraci-noze","10":"first","11":"outofstock","12":"taxable","13":"shipping-taxable","14":"purchasable","15":"product-type-simple"},"brands":[{"id":140,"name":"Boker","slug":"boker"}],"_links":{"self":[{"href":"https:\/\/www.moskito.cz\/de\/wp-json\/wp\/v2\/product\/360631","targetHints":{"allow":["GET"]}}],"collection":[{"href":"https:\/\/www.moskito.cz\/de\/wp-json\/wp\/v2\/product"}],"about":[{"href":"https:\/\/www.moskito.cz\/de\/wp-json\/wp\/v2\/types\/product"}],"replies":[{"embeddable":true,"href":"https:\/\/www.moskito.cz\/de\/wp-json\/wp\/v2\/comments?post=360631"}],"wp:featuredmedia":[{"embeddable":true,"href":"https:\/\/www.moskito.cz\/de\/wp-json\/wp\/v2\/media\/360632"}],"wp:attachment":[{"href":"https:\/\/www.moskito.cz\/de\/wp-json\/wp\/v2\/media?parent=360631"}],"wp:term":[{"taxonomy":"pwb-brand","embeddable":true,"href":"https:\/\/www.moskito.cz\/de\/wp-json\/wp\/v2\/pwb-brand?post=360631"},{"taxonomy":"product_brand","embeddable":true,"href":"https:\/\/www.moskito.cz\/de\/wp-json\/wp\/v2\/product_brand?post=360631"},{"taxonomy":"product_cat","embeddable":true,"href":"https:\/\/www.moskito.cz\/de\/wp-json\/wp\/v2\/product_cat?post=360631"},{"taxonomy":"product_tag","embeddable":true,"href":"https:\/\/www.moskito.cz\/de\/wp-json\/wp\/v2\/product_tag?post=360631"}],"curies":[{"name":"wp","href":"https:\/\/api.w.org\/{rel}","templated":true}]}}