{"id":360714,"date":"2024-09-26T12:58:48","date_gmt":"2024-09-26T11:58:48","guid":{"rendered":"https:\/\/www.moskito.cz\/produkt\/kapesni-nuz-boker-plus-p-51-damast\/"},"modified":"2025-05-07T11:24:48","modified_gmt":"2025-05-07T10:24:48","slug":"kapesni-nuz-boker-plus-p-51-damast","status":"publish","type":"product","link":"https:\/\/www.moskito.cz\/de\/produkt\/kapesni-nuz-boker-plus-p-51-damast\/","title":{"rendered":"Kapesn\u00ed n\u016f\u017e B\u00f6ker Plus P-51 Damast"},"content":{"rendered":"<p>Kapesn\u00ed n\u016f\u017e <strong>B\u00f6ker<\/strong> Plus P-51 Damast.<\/p>\n<p>Nad\u010dasov\u00e9 in\u017een\u00fdrstv\u00ed v kombinaci se zku\u0161enou histori\u00ed! B\u00f6ker Plus, inspirovan\u00fd skute\u010dnou klasikou nebe, p\u0159edstavuje P-51 Dama\u0161ek od Steva Kellyho jako designov\u00fd n\u016f\u017e s mimo\u0159\u00e1dn\u00fdm charakterem. N\u016f\u017e zalo\u017een\u00fd na severoamerick\u00e9m P-51 Mustang p\u0159eb\u00edr\u00e1 materi\u00e1l, tvar a barvu st\u00edhac\u00edho letounu ze 40. let a vytv\u00e1\u0159\u00ed t\u00e9m\u011b\u0159 identick\u00fd obraz jeho historick\u00e9ho vzoru.<\/p>\n<p>V letech 1940 a\u017e 1948 bylo vyrobeno kolem 15 800 exempl\u00e1\u0159\u016f dolnoplo\u0161n\u00edku v r\u016fzn\u00fdch verz\u00edch, co\u017e z n\u011bj dodnes d\u011bl\u00e1 jeden z nej\u010dast\u011bji stav\u011bn\u00fdch vojensk\u00fdch letoun\u016f na sv\u011bt\u011b. P-51 D je nejb\u011b\u017en\u011bj\u0161\u00ed s\u00e9rie s t\u00e9m\u011b\u0159 8 000 kusy. Zvl\u00e1\u0161tnosti P-51 Mustang, jeho\u017e \u201eP\u201c znamen\u00e1 Pursuit, spo\u010d\u00edvaj\u00ed v jeho aerodynamick\u00e9 celokovov\u00e9 konstrukci s charakteristick\u00fdmi zapu\u0161t\u011bn\u00fdmi n\u00fdty, kter\u00e9 jsou spojeny. s masivn\u00edm motorem Packard Merlin V-1650 umo\u017e\u0148oval maxim\u00e1ln\u00ed rychlost 700 km\/h s mimo\u0159\u00e1dn\u00fdm dojezdem a\u017e 3 300 km. Tyto \u00fasp\u011bchy byly v t\u00e9 dob\u011b pova\u017eov\u00e1ny za pr\u016flomov\u00e9 a nakonec poskytly letectvu arm\u00e1dy Spojen\u00fdch st\u00e1t\u016f vzdu\u0161nou p\u0159evahu b\u011bhem druh\u00e9 sv\u011btov\u00e9 v\u00e1lky.<\/p>\n<p>V\u00fdzbroj jednomotorov\u00e9ho vrtulov\u00e9ho stroje zahrnovala \u0161est kulomet\u016f 0,50 Browning MG53-2 v k\u0159\u00eddlech a tak\u00e9 schopnost n\u00e9st deset 12,7 cm raket nebo pum o hmotnosti a\u017e 900 kg. V neposledn\u00ed \u0159ad\u011b to byly nezam\u011bniteln\u00e9 linie Mustangu P-51, kter\u00e9 v\u00fdvojov\u00e9 odd\u011blen\u00ed B\u00f6ker vzalo za d\u016fvod tohoto vzru\u0161uj\u00edc\u00edho projektu. \u00dakolem bylo p\u0159en\u00e9st designov\u00fd jazyk a v\u00fdkon st\u00edha\u010dky na n\u016f\u017e bez kompromis\u016f v eleganci a prakti\u010dnosti.<\/p>\n<p>Srdcem B\u00f6ker Plus P-51 Dama\u0161ek je jeho n\u00e1padn\u00e1 o\u0161t\u011bpov\u00e1 \u010depel vyroben\u00e1 z 80vrstv\u00e9ho Dama\u0161ku, kter\u00fd byl ukov\u00e1n Chadem Nicholsem v USA a skl\u00e1d\u00e1 se z origin\u00e1ln\u00edch d\u00edl\u016f z historick\u00e9ho st\u00edhac\u00edho letounu. V bo\u010dn\u00edm pohledu m\u00e1 \u010depel ur\u010dit\u00e9 vizu\u00e1ln\u00ed reminiscence na historick\u00fd st\u00edhac\u00ed bombard\u00e9r. Otvor pro palec p\u0159ipom\u00edn\u00e1 kapotu z plexiskla na kokpitu, kter\u00e1 pilotovi umo\u017e\u0148ovala ide\u00e1ln\u00ed v\u00fdhled do v\u0161ech stran.<\/p>\n<p>Dal\u0161\u00edm vrcholem je titanov\u00e1 rukoje\u0165, kter\u00e1 velmi detailn\u011b zab\u00edr\u00e1 n\u00fdtovan\u00e9 pl\u00e1ty z lehk\u00e9ho kovu. N\u00e1padn\u00fd je modr\u00fd \u0161roub osy listu, kter\u00fd nese St\u0159\u00edbrnou hv\u011bzdu americk\u00e9 arm\u00e1dy, stejn\u011b jako \u010derven\u00e9 eloxovan\u00e9 \u0161rouby, kter\u00e9 vych\u00e1zej\u00ed z barvy z\u00e1\u010fov\u00e9ho kormidla. Titan Frame Lock s vlo\u017ekou z nerezov\u00e9 oceli slibuje maxim\u00e1ln\u00ed spolehlivost, dr\u017e\u00ed \u010depel bezpe\u010dn\u011b na m\u00edst\u011b i p\u0159i n\u00e1ro\u010dn\u00e9 pr\u00e1ci. I p\u0159es jasn\u00e9 linie se rukoje\u0165 pohodln\u011b dr\u017e\u00ed d\u00edky ergonomick\u00fdm v\u00fd\u0159ez\u016fm. Titanov\u00e1 spona je vyfr\u00e9zov\u00e1na z masivu a umo\u017e\u0148uje p\u0159ekl\u00e1p\u011bc\u00ed (r) no\u0161en\u00ed, zat\u00edmco o\u010dko na \u0161\u0148\u016frku nab\u00edz\u00ed dal\u0161\u00ed mo\u017enosti uchycen\u00ed. Povinnost pro v\u0161echny sb\u011bratele no\u017e\u016f a fanou\u0161ky historick\u00fdch letadel. Dod\u00e1v\u00e1no s vysoce kvalitn\u00edm nylonov\u00fdm pouzdrem pro skladov\u00e1n\u00ed. Celkem 19,3 cm. 8,5 cm. Tlou\u0161\u0165ka 3,5 mm. Hmotnost 108 g.<\/p>\n<p>Celkov\u00e1 d\u00e9lka: 19,30 cm<br \/>\nD\u00e9lka \u010depele: 8,50 cm<br \/>\nTlou\u0161\u0165ka \u010depele: 3,50 mm<br \/>\nHmotnost: 108,00 g<br \/>\nN\u00e1vrh\u00e1\u0159: Steve Kelly<br \/>\nMateri\u00e1l \u010depele: dama\u0161ek<br \/>\nMateri\u00e1l rukojeti: titan<br \/>\nPom\u016fcka pro otev\u00edr\u00e1n\u00ed: Pinball<br \/>\nOtev\u00edrac\u00ed: Ru\u010dn\u011b<br \/>\nUzav\u0159en\u00ed: Z\u00e1mek r\u00e1mu<br \/>\nBarva: St\u0159\u00edbro<br \/>\nBarva \u010depele: Nepota\u017een\u00e9<br \/>\n\u010c\u00edslo polo\u017eky: 01BO910DAM<\/p>\n<p>&nbsp;<\/p>\n<p>&nbsp;<\/p>\n<p>&nbsp;<\/p>\n","protected":false},"excerpt":{"rendered":"<p>Nad\u010dasov\u00e1 technika v kombinaci se historickou zku\u0161enost\u00ed! Inspirov\u00e1n skute\u010dnou leteckou klasikou p\u0159edstavuje B\u00f6ker Plus n\u016f\u017e P-51 Damast by Steve Kelly jako designov\u00fd n\u016f\u017e s v\u00fdjime\u010dn\u00fdm charakterem. N\u016f\u017e vych\u00e1z\u00ed ze severoamerick\u00e9ho letounu P-51 Mustang, odr\u00e1\u017e\u00ed materi\u00e1l, tvar a barvu st\u00edhac\u00edho letounu ze 40. let 20. stolet\u00ed a vytv\u00e1\u0159\u00ed tak t\u00e9m\u011b\u0159 repliku jeho historick\u00e9 p\u0159edlohy.\u00a0Srdcem no\u017ee B\u00f6ker Plus P-51 Damast je charakteristick\u00e1 \u010depel z 80vrstv\u00e9ho dama\u0161ku, kterou vykoval Chad Nichols v USA a kter\u00e1 se skl\u00e1d\u00e1 z origin\u00e1ln\u00edch d\u00edl\u016f historick\u00e9ho st\u00edhac\u00edho letounu. P\u0159i pohledu z boku \u010depel vizu\u00e1ln\u011b p\u0159ipom\u00edn\u00e1 historick\u00fd st\u00edhac\u00ed bombard\u00e9r. Nap\u0159\u00edklad otvor pro palec p\u0159ipom\u00edn\u00e1 plexisklov\u00fd kryt kokpitu, kter\u00fd pilotovi umo\u017e\u0148oval ide\u00e1ln\u00ed v\u00fdhled do v\u0161ech stran.\u00a0Dal\u0161\u00ed zaj\u00edmavost\u00ed je titanov\u00e1 rukoje\u0165, kter\u00e1 do detailu kop\u00edruje cvo\u010dky z lehk\u00fdch kov\u016f letounu. N\u00e1padn\u00fd je modr\u00fd \u0161roub osy no\u017ee, kter\u00fd nese st\u0159\u00edbrnou hv\u011bzdu americk\u00e9 arm\u00e1dy, a \u010derven\u011b eloxovan\u00e9 \u0161rouby, kter\u00e9 vych\u00e1zej\u00ed z barevn\u00e9ho sch\u00e9matu ocasn\u00edho kormidla. Mimo\u0159\u00e1dnou spolehlivost slibuje titanov\u00fd r\u00e1mov\u00fd z\u00e1mek s vlo\u017ekou z nerezov\u00e9 oceli, kter\u00fd bezpe\u010dn\u011b dr\u017e\u00ed lopatku na m\u00edst\u011b i p\u0159i n\u00e1ro\u010dn\u00e9 pr\u00e1ci. Navzdory v\u00fdrazn\u00fdm lini\u00edm se rukoje\u0165 d\u00edky ergonomick\u00fdm v\u00fd\u0159ez\u016fm pohodln\u011b dr\u017e\u00ed v ruce. Titanov\u00fd klip je zpracov\u00e1n z masivu a umo\u017e\u0148uje no\u0161en\u00ed ve tvaru tip-up (r), zat\u00edmco otvor na \u0161\u0148\u016frku nab\u00edz\u00ed dal\u0161\u00ed mo\u017enosti uchycen\u00ed. Nutnost pro v\u0161echny sb\u011bratele no\u017e\u016f a p\u0159\u00e1tele historick\u00fdch letadel. Dod\u00e1v\u00e1 se s kvalitn\u00edm nylonov\u00fdm pouzdrem pro skladov\u00e1n\u00ed.<\/p>\n","protected":false},"featured_media":360715,"comment_status":"closed","ping_status":"closed","template":"","meta":[],"pwb-brand":[140],"product_brand":[],"product_cat":[25,17,22],"product_tag":[],"class_list":{"0":"post-360714","1":"product","2":"type-product","3":"status-publish","4":"has-post-thumbnail","6":"pwb-brand-boker","7":"product_cat-damascenske-noze","8":"product_cat-noze","9":"product_cat-zaviraci-noze","11":"first","12":"instock","13":"taxable","14":"shipping-taxable","15":"purchasable","16":"product-type-simple"},"brands":[{"id":140,"name":"Boker","slug":"boker"}],"_links":{"self":[{"href":"https:\/\/www.moskito.cz\/de\/wp-json\/wp\/v2\/product\/360714","targetHints":{"allow":["GET"]}}],"collection":[{"href":"https:\/\/www.moskito.cz\/de\/wp-json\/wp\/v2\/product"}],"about":[{"href":"https:\/\/www.moskito.cz\/de\/wp-json\/wp\/v2\/types\/product"}],"replies":[{"embeddable":true,"href":"https:\/\/www.moskito.cz\/de\/wp-json\/wp\/v2\/comments?post=360714"}],"wp:featuredmedia":[{"embeddable":true,"href":"https:\/\/www.moskito.cz\/de\/wp-json\/wp\/v2\/media\/360715"}],"wp:attachment":[{"href":"https:\/\/www.moskito.cz\/de\/wp-json\/wp\/v2\/media?parent=360714"}],"wp:term":[{"taxonomy":"pwb-brand","embeddable":true,"href":"https:\/\/www.moskito.cz\/de\/wp-json\/wp\/v2\/pwb-brand?post=360714"},{"taxonomy":"product_brand","embeddable":true,"href":"https:\/\/www.moskito.cz\/de\/wp-json\/wp\/v2\/product_brand?post=360714"},{"taxonomy":"product_cat","embeddable":true,"href":"https:\/\/www.moskito.cz\/de\/wp-json\/wp\/v2\/product_cat?post=360714"},{"taxonomy":"product_tag","embeddable":true,"href":"https:\/\/www.moskito.cz\/de\/wp-json\/wp\/v2\/product_tag?post=360714"}],"curies":[{"name":"wp","href":"https:\/\/api.w.org\/{rel}","templated":true}]}}