{"id":360721,"date":"2024-09-26T12:58:48","date_gmt":"2024-09-26T11:58:48","guid":{"rendered":"https:\/\/www.moskito.cz\/produkt\/kapesni-nuz-rekin\/"},"modified":"2025-12-21T20:30:55","modified_gmt":"2025-12-21T19:30:55","slug":"kapesni-nuz-rekin","status":"publish","type":"product","link":"https:\/\/www.moskito.cz\/de\/produkt\/kapesni-nuz-rekin\/","title":{"rendered":"Zav\u00edrac\u00ed N\u016f\u017e Magnum Rekin 01SC007"},"content":{"rendered":"<p>Zav\u00edrac\u00ed N\u016f\u017e <strong>Magnum<\/strong> Rekin 01SC007.<\/p>\n<p>Majest\u00e1tn\u00ed elegance, b\u00e1ze\u0148 a nekompromisn\u00ed \u00fa\u010dinnost \u2013 \u017eralok (polsky: Rekin) je pova\u017eov\u00e1n za jednoho z nejob\u00e1van\u011bj\u0161\u00edch pred\u00e1tor\u016f v mo\u0159i. Magnum Rekin p\u0159eb\u00edr\u00e1 loveck\u00fd instinkt drav\u00fdch ryb a roz\u0161i\u0159uje svou ko\u0159ist o ka\u017edodenn\u00ed pr\u00e1ci p\u0159i \u0159ez\u00e1n\u00ed. \u010cepel typu drop point s kuli\u010dkov\u00fdm lo\u017eiskem vyroben\u00e1 z 440A je extr\u00e9mn\u011b elegantn\u00ed s palcov\u00fdm kol\u00edkem a flipperem na obou stran\u00e1ch a nav\u00edc j\u00ed dod\u00e1v\u00e1 agresivitu v\u00fdrazn\u00e9 ricasso na h\u0159betu \u010depele. Jakmile jsou ve sp\u00e1rech \u010depele a z\u00e1mku vlo\u017eky z nerezov\u00e9 oceli, karton, lano atd. nemaj\u00ed \u0161anci uniknout. \u0160ed\u00e1 rukoje\u0165 z micarty m\u00e1 strukturu podobnou \u0161upin\u00e1m, kter\u00e1 p\u0159ipom\u00edn\u00e1 \u017eralo\u010d\u00ed k\u016f\u017ei. Vizu\u00e1ln\u00edm vrcholem je mod\u0159e lemovan\u00fd \u0161roub osy \u010depele, kter\u00fd podtrhuje elegantn\u00ed vzhled kapesn\u00edho no\u017ee. S o\u010dkem na \u0161\u0148\u016frku a vykl\u00e1p\u011bc\u00ed sponou.<\/p>\n<p>Typ: Kapesn\u00ed n\u016f\u017e<br \/>\nRytina: Ano<br \/>\nZna\u010dka: Magnum<br \/>\nCelkov\u00e1 d\u00e9lka: 19,00 cm<br \/>\nD\u00e9lka \u010depele: 8,10 cm<br \/>\nTlou\u0161\u0165ka \u010depele: 3,00 mm<br \/>\nHmotnost: 102,00 g<br \/>\nMateri\u00e1l \u010depele: 440A<br \/>\nMateri\u00e1l rukojeti: G10<br \/>\nOtv\u00edr\u00e1k: Thumb Stud<br \/>\nOtev\u00edrac\u00ed: Manu\u00e1l<br \/>\nTyp z\u00e1mku: Linerlock<br \/>\n\u010c\u00edslo polo\u017eky: 01SC007<\/p>\n<p>&nbsp;<\/p>\n<p>&nbsp;<\/p>\n","protected":false},"excerpt":{"rendered":"<p><strong>Majest\u00e1tn\u00ed elegance, b\u00e1ze\u0148 a nekompromisn\u00ed \u00fa\u010dinnost \u2013 \u017eralok (polsky: Rekin) je pova\u017eov\u00e1n za jednoho z nejob\u00e1van\u011bj\u0161\u00edch pred\u00e1tor\u016f v mo\u0159i. Magnum Rekin p\u0159eb\u00edr\u00e1 loveck\u00fd instinkt drav\u00fdch ryb a roz\u0161i\u0159uje svou ko\u0159ist o ka\u017edodenn\u00ed pr\u00e1ci p\u0159i \u0159ez\u00e1n\u00ed.<\/strong><\/p>\n","protected":false},"featured_media":364450,"comment_status":"closed","ping_status":"closed","template":"","meta":[],"pwb-brand":[140],"product_brand":[],"product_cat":[17,22],"product_tag":[],"class_list":{"0":"post-360721","1":"product","2":"type-product","3":"status-publish","4":"has-post-thumbnail","6":"pwb-brand-boker","7":"product_cat-noze","8":"product_cat-zaviraci-noze","10":"first","11":"outofstock","12":"taxable","13":"shipping-taxable","14":"purchasable","15":"product-type-simple"},"brands":[{"id":140,"name":"Boker","slug":"boker"}],"_links":{"self":[{"href":"https:\/\/www.moskito.cz\/de\/wp-json\/wp\/v2\/product\/360721","targetHints":{"allow":["GET"]}}],"collection":[{"href":"https:\/\/www.moskito.cz\/de\/wp-json\/wp\/v2\/product"}],"about":[{"href":"https:\/\/www.moskito.cz\/de\/wp-json\/wp\/v2\/types\/product"}],"replies":[{"embeddable":true,"href":"https:\/\/www.moskito.cz\/de\/wp-json\/wp\/v2\/comments?post=360721"}],"wp:featuredmedia":[{"embeddable":true,"href":"https:\/\/www.moskito.cz\/de\/wp-json\/wp\/v2\/media\/364450"}],"wp:attachment":[{"href":"https:\/\/www.moskito.cz\/de\/wp-json\/wp\/v2\/media?parent=360721"}],"wp:term":[{"taxonomy":"pwb-brand","embeddable":true,"href":"https:\/\/www.moskito.cz\/de\/wp-json\/wp\/v2\/pwb-brand?post=360721"},{"taxonomy":"product_brand","embeddable":true,"href":"https:\/\/www.moskito.cz\/de\/wp-json\/wp\/v2\/product_brand?post=360721"},{"taxonomy":"product_cat","embeddable":true,"href":"https:\/\/www.moskito.cz\/de\/wp-json\/wp\/v2\/product_cat?post=360721"},{"taxonomy":"product_tag","embeddable":true,"href":"https:\/\/www.moskito.cz\/de\/wp-json\/wp\/v2\/product_tag?post=360721"}],"curies":[{"name":"wp","href":"https:\/\/api.w.org\/{rel}","templated":true}]}}