{"id":360742,"date":"2024-09-26T12:58:48","date_gmt":"2024-09-26T11:58:48","guid":{"rendered":"https:\/\/www.moskito.cz\/produkt\/nuz-s-pevnou-cepeli-boker-plus-micro-tracker\/"},"modified":"2025-05-07T11:24:50","modified_gmt":"2025-05-07T10:24:50","slug":"nuz-s-pevnou-cepeli-boker-plus-micro-tracker","status":"publish","type":"product","link":"https:\/\/www.moskito.cz\/de\/produkt\/nuz-s-pevnou-cepeli-boker-plus-micro-tracker\/","title":{"rendered":"N\u016f\u017e s pevnou \u010depel\u00ed B\u00f6ker Plus Micro Tracker"},"content":{"rendered":"<ul>\n<li>celkov\u00e1 d\u00e9lka: 19,0 cm<\/li>\n<li>d\u00e9lka \u010depele: 9,0 cm<\/li>\n<li>tlou\u0161\u0165ka \u010depele: 4,0 mm<\/li>\n<li>hmotnost: 159 g<\/li>\n<li>materi\u00e1l \u010depele: 1095<\/li>\n<li>materi\u00e1l rukojeti: Micarta<\/li>\n<li>design\u00e9r:\u00a0<span>Dave Wenger<\/span>\n<\/li>\n<li>v kydexov\u00e9m pouzd\u0159e<\/li>\n<\/ul>\n","protected":false},"excerpt":{"rendered":"<p>D\u00edky charakteristick\u00e9mu designu, koncepci Tracker se dv\u011bma odd\u011blen\u00fdmi \u010depelemi, n\u00e1razuvzdorn\u00e9 uhl\u00edkov\u00e9 oceli 1095 a pozoruhodn\u00e9mu pom\u011bru ceny a v\u00fdkonu se n\u016f\u017e B\u00f6ker Plus Mini Tracker od Davea Wengera rychle stal nejprod\u00e1van\u011bj\u0161\u00edm no\u017eem v oblasti bushcraftu a outdooru. Zat\u00edmco p\u0159edn\u00ed \u010d\u00e1st v\u011bt\u0161\u00edch variant no\u017ee Tracker je vhodn\u00e1 p\u0159edev\u0161\u00edm pro sek\u00e1n\u00ed a \u0161t\u00edp\u00e1n\u00ed, tvar \u010depele men\u0161\u00edho rozm\u011bru nov\u00e9ho no\u017ee B\u00f6ker Plus Micro Tracker vykazuje zcela jin\u00e9 p\u0159ednosti a kvality. Micro Tracker sd\u00edl\u00ed v\u00fdhody dvou \u00fahl\u016f brou\u0161en\u00ed na jedn\u00e9 \u010depeli se sv\u00fdmi v\u011bt\u0161\u00edmi bratry. P\u0159edn\u00ed polovina \u010depele men\u0161\u00edho form\u00e1tu je nav\u00edc vynikaj\u00edc\u00ed pro pr\u00e1ci na prk\u00e9nku a siln\u00e1 \u0161pi\u010dka je v\u00fdborn\u00e1 pro otev\u00edr\u00e1n\u00ed krabi\u010dek p\u0159i ka\u017edodenn\u00edm pou\u017e\u00edv\u00e1n\u00ed. Mal\u00e1 \u0161pi\u010dka, kter\u00e1 odd\u011bluje oba brusn\u00e9 \u00fahly, siln\u011b t\u00e1hne do \u0159ezu v m\u011bkk\u00fdch materi\u00e1lech a je p\u0159edur\u010dena pro st\u0159\u00edh\u00e1n\u00ed \u0161\u0148\u016fr, vlasc\u016f a \u0159emen\u016f. Ter\u00e9nn\u00ed a 3D lukost\u0159elci ocen\u00ed kompaktn\u00ed rozm\u011bry, siln\u00fd hrot a archaick\u00fd vzhled p\u0159i vypracov\u00e1v\u00e1n\u00ed chybn\u011b vyst\u0159elen\u00fdch \u0161\u00edp\u016f. B\u00f6ker Plus Micro Trapper je ze stejn\u00fdch nezni\u010diteln\u00fdch materi\u00e1l\u016f a stejnou povrchovou \u00fapravu jako Mini Tracker. T\u0159i pe\u010dliv\u011b zapu\u0161t\u011bn\u00e9 a zkosen\u00e9 dut\u00e9 mosazn\u00e9 hroty v rukojeti dod\u00e1vaj\u00ed vizu\u00e1ln\u00ed zv\u00fdrazn\u011bn\u00ed. Dod\u00e1v\u00e1 se s adapt\u00e9rem na opasek a na m\u00edru \u0161it\u00fdm kydexov\u00fdm pouzdrem.<\/p>\n","protected":false},"featured_media":360743,"comment_status":"closed","ping_status":"closed","template":"","meta":[],"pwb-brand":[140],"product_brand":[],"product_cat":[17,23],"product_tag":[],"class_list":{"0":"post-360742","1":"product","2":"type-product","3":"status-publish","4":"has-post-thumbnail","6":"pwb-brand-boker","7":"product_cat-noze","8":"product_cat-pevne-noze","10":"first","11":"outofstock","12":"taxable","13":"shipping-taxable","14":"purchasable","15":"product-type-simple"},"brands":[{"id":140,"name":"Boker","slug":"boker"}],"_links":{"self":[{"href":"https:\/\/www.moskito.cz\/de\/wp-json\/wp\/v2\/product\/360742","targetHints":{"allow":["GET"]}}],"collection":[{"href":"https:\/\/www.moskito.cz\/de\/wp-json\/wp\/v2\/product"}],"about":[{"href":"https:\/\/www.moskito.cz\/de\/wp-json\/wp\/v2\/types\/product"}],"replies":[{"embeddable":true,"href":"https:\/\/www.moskito.cz\/de\/wp-json\/wp\/v2\/comments?post=360742"}],"wp:featuredmedia":[{"embeddable":true,"href":"https:\/\/www.moskito.cz\/de\/wp-json\/wp\/v2\/media\/360743"}],"wp:attachment":[{"href":"https:\/\/www.moskito.cz\/de\/wp-json\/wp\/v2\/media?parent=360742"}],"wp:term":[{"taxonomy":"pwb-brand","embeddable":true,"href":"https:\/\/www.moskito.cz\/de\/wp-json\/wp\/v2\/pwb-brand?post=360742"},{"taxonomy":"product_brand","embeddable":true,"href":"https:\/\/www.moskito.cz\/de\/wp-json\/wp\/v2\/product_brand?post=360742"},{"taxonomy":"product_cat","embeddable":true,"href":"https:\/\/www.moskito.cz\/de\/wp-json\/wp\/v2\/product_cat?post=360742"},{"taxonomy":"product_tag","embeddable":true,"href":"https:\/\/www.moskito.cz\/de\/wp-json\/wp\/v2\/product_tag?post=360742"}],"curies":[{"name":"wp","href":"https:\/\/api.w.org\/{rel}","templated":true}]}}