{"id":360909,"date":"2024-09-26T12:59:40","date_gmt":"2024-09-26T11:59:40","guid":{"rendered":"https:\/\/www.moskito.cz\/produkt\/kapesni-nuz-boker-plus-large-strike-grivory-green\/"},"modified":"2025-05-07T11:24:59","modified_gmt":"2025-05-07T10:24:59","slug":"kapesni-nuz-boker-plus-large-strike-grivory-green","status":"publish","type":"product","link":"https:\/\/www.moskito.cz\/de\/produkt\/kapesni-nuz-boker-plus-large-strike-grivory-green\/","title":{"rendered":"Vyst\u0159elovac\u00ed N\u016f\u017e B\u00f6ker Plus Large Strike Grivory Green 06EX901"},"content":{"rendered":"<p>Vyst\u0159elovac\u00ed N\u016f\u017e <strong>B\u00f6ker Plus<\/strong> Large Strike Grivory Green 06EX901.<\/p>\n<p>Kapesn\u00ed n\u016f\u017e <strong>B\u00f6ker Plus Strike Large<\/strong> je robustn\u00ed vyst\u0159elovac\u00ed n\u016f\u017e pro ka\u017edodenn\u00ed pou\u017eit\u00ed. \u0160t\u00edhl\u00e1, ergonomicky tvarovan\u00e1 rukoje\u0165 je postavena na masivn\u00edch ocelov\u00fdch pl\u00e1tc\u00edch, kter\u00e9 jsou opat\u0159eny fr\u00e9zovan\u00fdmi st\u0159enkami z \u010dern\u00e9 Grivory. Modern\u00ed syntetick\u00fd materi\u00e1l boduje nekompromisn\u00ed pevnost\u00ed a vysokou odolnost\u00ed v kombinaci s n\u00edzkou hmotnost\u00ed. Bezpe\u010dnou manipulaci podporuj\u00ed tak\u00e9 hlubok\u00e9 dr\u00e1\u017eky ve v\u00fdrazn\u00e9 prohlubni pro palec. D\u00edky speci\u00e1ln\u00ed pojistce lze zav\u0159enou \u010depel rovn\u011b\u017e uzamknout a zabr\u00e1nit jej\u00edmu n\u00e1hodn\u00e9mu uvoln\u011bn\u00ed. Stisknut\u00edm tla\u010d\u00edtka z\u00e1mku se \u010depel uvoln\u00ed; tah pru\u017einy za n\u00ed pak zp\u016fsob\u00ed jej\u00ed automatick\u00e9 vyst\u0159elen\u00ed. \u010cepel typu drop point je vyrobena z materi\u00e1lu D2 a pro dotvo\u0159en\u00ed taktick\u00e9ho vzhledu je opat\u0159ena \u010dernou pr\u00e1\u0161kovou barvou. Na zadn\u00ed stran\u011b se nach\u00e1z\u00ed konvertibiln\u00ed klip, zat\u00edmco poutko na \u0161\u0148\u016frku d\u00e1le roz\u0161i\u0159uje mo\u017enosti no\u0161en\u00ed. Dod\u00e1v\u00e1 se s kvalitn\u00edm nylonov\u00fdm pouzdrem pro bezpe\u010dn\u00e9 ulo\u017een\u00ed.<\/p>\n<p>D\u00e9lka \u010depele: 9,2 cm<br \/>\nMateri\u00e1l \u010depele: D2<br \/>\nMateri\u00e1l rukojeti: syntetick\u00fd materi\u00e1l Grivory<br \/>\nOtev\u00edr\u00e1n\u00ed: automatick\u00e9<br \/>\nTyp pojistky: tla\u010d\u00edtko<br \/>\nN\u016f\u017e je dod\u00e1v\u00e1n v nylonov\u00e9m pouzd\u0159e<\/p>\n","protected":false},"excerpt":{"rendered":"<p>Kapesn\u00ed n\u016f\u017e <strong>B\u00f6ker Plus Strike Large<\/strong> je robustn\u00ed vyst\u0159elovac\u00ed n\u016f\u017e pro ka\u017edodenn\u00ed pou\u017eit\u00ed. \u0160t\u00edhl\u00e1, ergonomicky tvarovan\u00e1 rukoje\u0165 je postavena na masivn\u00edch ocelov\u00fdch pl\u00e1tc\u00edch, kter\u00e9 jsou opat\u0159eny fr\u00e9zovan\u00fdmi st\u0159enkami z \u010dern\u00e9 Grivory.<\/p>\n","protected":false},"featured_media":360910,"comment_status":"closed","ping_status":"closed","template":"","meta":[],"pwb-brand":[140],"product_brand":[],"product_cat":[2019,17],"product_tag":[],"class_list":{"0":"post-360909","1":"product","2":"type-product","3":"status-publish","4":"has-post-thumbnail","6":"pwb-brand-boker","7":"product_cat-vystrelovaci-noze","8":"product_cat-noze","10":"first","11":"instock","12":"taxable","13":"shipping-taxable","14":"purchasable","15":"product-type-simple"},"brands":[{"id":140,"name":"Boker","slug":"boker"}],"_links":{"self":[{"href":"https:\/\/www.moskito.cz\/de\/wp-json\/wp\/v2\/product\/360909","targetHints":{"allow":["GET"]}}],"collection":[{"href":"https:\/\/www.moskito.cz\/de\/wp-json\/wp\/v2\/product"}],"about":[{"href":"https:\/\/www.moskito.cz\/de\/wp-json\/wp\/v2\/types\/product"}],"replies":[{"embeddable":true,"href":"https:\/\/www.moskito.cz\/de\/wp-json\/wp\/v2\/comments?post=360909"}],"wp:featuredmedia":[{"embeddable":true,"href":"https:\/\/www.moskito.cz\/de\/wp-json\/wp\/v2\/media\/360910"}],"wp:attachment":[{"href":"https:\/\/www.moskito.cz\/de\/wp-json\/wp\/v2\/media?parent=360909"}],"wp:term":[{"taxonomy":"pwb-brand","embeddable":true,"href":"https:\/\/www.moskito.cz\/de\/wp-json\/wp\/v2\/pwb-brand?post=360909"},{"taxonomy":"product_brand","embeddable":true,"href":"https:\/\/www.moskito.cz\/de\/wp-json\/wp\/v2\/product_brand?post=360909"},{"taxonomy":"product_cat","embeddable":true,"href":"https:\/\/www.moskito.cz\/de\/wp-json\/wp\/v2\/product_cat?post=360909"},{"taxonomy":"product_tag","embeddable":true,"href":"https:\/\/www.moskito.cz\/de\/wp-json\/wp\/v2\/product_tag?post=360909"}],"curies":[{"name":"wp","href":"https:\/\/api.w.org\/{rel}","templated":true}]}}