{"id":360937,"date":"2024-09-26T12:59:56","date_gmt":"2024-09-26T11:59:56","guid":{"rendered":"https:\/\/www.moskito.cz\/produkt\/kapesni-nuz-boker-plus-rescue-otf\/"},"modified":"2025-05-07T11:25:01","modified_gmt":"2025-05-07T10:25:01","slug":"kapesni-nuz-boker-plus-rescue-otf","status":"publish","type":"product","link":"https:\/\/www.moskito.cz\/de\/produkt\/kapesni-nuz-boker-plus-rescue-otf\/","title":{"rendered":"Vyst\u0159elovac\u00ed N\u016f\u017e B\u00f6ker Plus Rescue OTF 01KALS146"},"content":{"rendered":"<p>Vyst\u0159elovac\u00ed N\u016f\u017e <strong>B\u00f6ker Plus<\/strong> Rescue OTF 01KALS146.<\/p>\n<p>Z\u00e1chrann\u00fd n\u00e1stroj mus\u00ed p\u0159edev\u0161\u00edm spl\u0148ovat jeden hlavn\u00ed po\u017eadavek: v nouzov\u00e9 a stresov\u00e9 situaci mus\u00ed b\u00fdt rychl\u00fd, snadno pou\u017eiteln\u00fd a spolehliv\u00fd. Technicky nejlep\u0161\u00edm \u0159e\u0161en\u00edm, kter\u00e9 tento po\u017eadavek spl\u0148uje, je konstrukce s automatick\u00fdm vyst\u0159elovac\u00edm mechanismem (OTF, zkratka pro Out-of-The-Front) s robustn\u011b konstruovan\u00fdm a pe\u010dliv\u011b vyroben\u00fdm syst\u00e9mem.\u00a0\u010cepel koncipovan\u00e1 jako z\u00e1chrann\u00fd h\u00e1k se zaoblenou \u0161pi\u010dkou zabra\u0148uje n\u00e1hodn\u00e9mu zran\u011bn\u00ed p\u0159i z\u00e1chran\u011b t\u0159et\u00ed osoby nebo p\u0159i sebez\u00e1chran\u011b. Ost\u0159\u00ed s vnit\u0159n\u00edm r\u00e1diusem za hrotem umo\u017e\u0148uje rychl\u00e9 a intuitivn\u00ed p\u0159ip\u00edn\u00e1n\u00ed postroj\u016f, \u0161\u0148\u016fr a lan i bezpe\u010dn\u00e9 st\u0159\u00edh\u00e1n\u00ed od\u011bv\u016f zran\u011bn\u00fdch osob. Kousav\u00e9 vroubkovan\u00e9 ost\u0159\u00ed v druh\u00e9 polovin\u011b b\u0159itu umo\u017e\u0148uje tak\u00e9 \u0159ez\u00e1n\u00ed siln\u00fdch a inkrustovan\u00fdch lan. Na \u010depel byla pou\u017eita nerezov\u00e1 ocel D2 d\u00edky extr\u00e9mn\u00ed odolnosti ost\u0159\u00ed v oblasti tahov\u00e9ho \u0159ezu. T\u011blo rukojeti je opat\u0159eno v\u00fdrazn\u00fdmi dr\u00e1\u017ekami pro prsty pro po\u017eadovanou bezpe\u010dnost \u00fachopu a je nav\u00edc texturov\u00e1no, aby se zabr\u00e1nilo sklouznut\u00ed. Hlin\u00edkov\u00fd materi\u00e1l pou\u017eit\u00fd na rukoje\u0165 m\u00e1 po\u017eadovanou pevnost v kombinaci s n\u00edzkou hmotnost\u00ed. Nepostradateln\u00fd rozb\u00edje\u010d skla pro rozb\u00edjen\u00ed bo\u010dn\u00edch oken byl opat\u0159en \u00fa\u010dinn\u00fdm strm\u00fdm z\u00fa\u017een\u00edm. J\u00e1dro rozb\u00edje\u010de skla je vyrobeno z extr\u00e9mn\u011b tvrd\u00e9ho karbidu wolframu. Pro snadnou v\u00fdm\u011bnu p\u0159i opot\u0159eben\u00ed je rozb\u00edje\u010d skla na\u0161roubov\u00e1n na rukoje\u0165. Hlubok\u00fd nosn\u00fd klip z pru\u017einov\u00e9 oceli a nylonov\u00e9 pouzdro.<\/p>\n<p>Zna\u010dka: Boker Plus<br \/>\nCelkov\u00e1 d\u00e9lka: 22,00 cm<br \/>\nD\u00e9lka \u010depele: 9,00 cm<br \/>\nTlou\u0161\u0165ka \u010depele: 2,80 mm<br \/>\nHmotnost: 143,00 g<br \/>\nMateri\u00e1l \u010depele: D2<br \/>\nMateri\u00e1l rukojeti: hlin\u00edk<br \/>\nPom\u016fcka pro otev\u00edr\u00e1n\u00ed: Stiskn\u011bte tla\u010d\u00edtko<br \/>\nOtev\u00edrac\u00ed: Automatick\u00fd<br \/>\nUzav\u0159en\u00ed: OTF<br \/>\n\u010c\u00edslo polo\u017eky: 01KALS146<\/p>\n<p>&nbsp;<\/p>\n<p>&nbsp;<\/p>\n","protected":false},"excerpt":{"rendered":"<p><strong>Z\u00e1chrann\u00fd n\u00e1stroj mus\u00ed p\u0159edev\u0161\u00edm spl\u0148ovat jeden hlavn\u00ed po\u017eadavek: v nouzov\u00e9 a stresov\u00e9 situaci mus\u00ed b\u00fdt rychl\u00fd, snadno pou\u017eiteln\u00fd a spolehliv\u00fd. <\/strong><\/p>\n<p><strong>Doprava zdarma.<\/strong><\/p>\n","protected":false},"featured_media":366891,"comment_status":"closed","ping_status":"closed","template":"","meta":[],"pwb-brand":[140],"product_brand":[],"product_cat":[2019,17],"product_tag":[],"class_list":{"0":"post-360937","1":"product","2":"type-product","3":"status-publish","4":"has-post-thumbnail","6":"pwb-brand-boker","7":"product_cat-vystrelovaci-noze","8":"product_cat-noze","10":"first","11":"instock","12":"taxable","13":"shipping-taxable","14":"purchasable","15":"product-type-simple"},"brands":[{"id":140,"name":"Boker","slug":"boker"}],"_links":{"self":[{"href":"https:\/\/www.moskito.cz\/de\/wp-json\/wp\/v2\/product\/360937","targetHints":{"allow":["GET"]}}],"collection":[{"href":"https:\/\/www.moskito.cz\/de\/wp-json\/wp\/v2\/product"}],"about":[{"href":"https:\/\/www.moskito.cz\/de\/wp-json\/wp\/v2\/types\/product"}],"replies":[{"embeddable":true,"href":"https:\/\/www.moskito.cz\/de\/wp-json\/wp\/v2\/comments?post=360937"}],"wp:featuredmedia":[{"embeddable":true,"href":"https:\/\/www.moskito.cz\/de\/wp-json\/wp\/v2\/media\/366891"}],"wp:attachment":[{"href":"https:\/\/www.moskito.cz\/de\/wp-json\/wp\/v2\/media?parent=360937"}],"wp:term":[{"taxonomy":"pwb-brand","embeddable":true,"href":"https:\/\/www.moskito.cz\/de\/wp-json\/wp\/v2\/pwb-brand?post=360937"},{"taxonomy":"product_brand","embeddable":true,"href":"https:\/\/www.moskito.cz\/de\/wp-json\/wp\/v2\/product_brand?post=360937"},{"taxonomy":"product_cat","embeddable":true,"href":"https:\/\/www.moskito.cz\/de\/wp-json\/wp\/v2\/product_cat?post=360937"},{"taxonomy":"product_tag","embeddable":true,"href":"https:\/\/www.moskito.cz\/de\/wp-json\/wp\/v2\/product_tag?post=360937"}],"curies":[{"name":"wp","href":"https:\/\/api.w.org\/{rel}","templated":true}]}}