{"id":360946,"date":"2024-09-26T12:59:56","date_gmt":"2024-09-26T11:59:56","guid":{"rendered":"https:\/\/www.moskito.cz\/produkt\/nuz-s-pevnou-cepeli-barlow-bff\/"},"modified":"2025-05-07T11:25:02","modified_gmt":"2025-05-07T10:25:02","slug":"nuz-s-pevnou-cepeli-barlow-bff","status":"publish","type":"product","link":"https:\/\/www.moskito.cz\/de\/produkt\/nuz-s-pevnou-cepeli-barlow-bff\/","title":{"rendered":"N\u016f\u017e s pevnou \u010depel\u00ed Barlow BFF"},"content":{"rendered":"<ul>\n<li>celkov\u00e1 d\u00e9lka: 15,3 cm<\/li>\n<li>d\u00e9lka \u010depele: 7,0 cm<\/li>\n<li>hmotnost: 65 g<\/li>\n<li>tlou\u0161\u0165ka \u010depele: 2,5 mm<\/li>\n<li>materi\u00e1l \u010depele: AEB-L<\/li>\n<li>materi\u00e1l rukojeti: o\u0159echov\u00e9 d\u0159evo<\/li>\n<li>design\u00e9r: Lucas Burnley<\/li>\n<li>v ko\u017een\u00e9m pouzd\u0159e<\/li>\n<li>vyrobeno v Solingenu<\/li>\n<\/ul>\n","protected":false},"excerpt":{"rendered":"<p>N\u016f\u017e B<span class=\"fn\">\u00f6<\/span>ker Barlow BFF navr\u017een\u00fd Lucasem Burnleyem se vyr\u00e1b\u00ed jako pevn\u00fd n\u016f\u017e EDC v proveden\u00ed full tang. Renomovan\u00fd design\u00e9r a v\u00fdrobce no\u017e\u016f na pln\u00fd \u00favazek z USA t\u00edmto \u0161ikovn\u00fdm no\u017eem p\u0159eklenuje propast mezi historick\u00fdmi ko\u0159eny osv\u011bd\u010den\u00e9ho no\u017ee Barlow a modern\u00edmi prvky designu sv\u00e9 linie, kter\u00e1 je ozna\u010dov\u00e1na jako Post Tactical. Charakteristick\u00fd kapkovit\u00fd tvar no\u017ee Barlow lze vystopovat a\u017e k anglick\u00fdm kapesn\u00edm no\u017e\u016fm ze 17. stolet\u00ed, co\u017e z n\u011bj jist\u011b \u010din\u00ed jeden z nejstar\u0161\u00edch model\u016f v\u016fbec. N\u00e1zev klasick\u00e9ho modelu pravd\u011bpodobn\u011b poch\u00e1z\u00ed od podnikav\u00e9ho v\u00fdrobce no\u017e\u016f ze Sheffieldu stejn\u00e9ho jm\u00e9na, kter\u00fd za\u010dal kolem roku 1800 vyv\u00e1\u017eet robustn\u00ed no\u017ee do Severn\u00ed Ameriky. Tam se okam\u017eit\u011b t\u011b\u0161ily velk\u00e9 oblib\u011b, a tak se prvn\u00ed modely Barlow objevily tak\u00e9 v historii manufaktury B\u00f6ker na konci 19. stolet\u00ed. V tomto pevn\u00e9m proveden\u00ed nach\u00e1z\u00ed harmonick\u00fd soulad tradice, ka\u017edodenn\u00ed u\u017eite\u010dnost a \u0161petka taktick\u00fdch fines. Kompaktn\u00ed n\u016f\u017e Barlow BFF je vyroben z ledov\u011b kalen\u00e9 oceli AEB-L, univerz\u00e1ln\u00ed \u010depele s vynikaj\u00edc\u00edmi \u0159ezn\u00fdmi schopnostmi, dobrou odolnost\u00ed proti korozi a snadn\u00fdm p\u0159ebrou\u0161en\u00edm. Tato verze nad\u010dasov\u00e9 klasiky, navr\u017een\u00e1 jako pevn\u00e1 \u010depel, je vybavena tvarovan\u00fdmi st\u0159enkami rukojeti z m\u00edstn\u00edho o\u0159echov\u00e9ho d\u0159eva a pohodln\u011b padne do ruky. Ozdobn\u00fd dut\u00fd mosazn\u00fd otvor pro \u0161\u0148\u016frku a spolu se st\u0159enkami ve stejn\u00e9 barv\u011b dod\u00e1v\u00e1 vizu\u00e1ln\u00ed akcent. Dod\u00e1v\u00e1n s \u010dern\u00fdm ko\u017een\u00fdm pouzdrem na m\u00edru, kter\u00e9 d\u00edky integrovan\u00e9mu klipu zaji\u0161\u0165uje vysokou \u00farove\u0148 pohodl\u00ed p\u0159i no\u0161en\u00ed. Ru\u010dn\u00ed v\u00fdroba v manufaktu\u0159e no\u017e\u016f Boker v Solingenu.<\/p>\n","protected":false},"featured_media":360947,"comment_status":"closed","ping_status":"closed","template":"","meta":[],"pwb-brand":[140],"product_brand":[],"product_cat":[17,23],"product_tag":[],"class_list":{"0":"post-360946","1":"product","2":"type-product","3":"status-publish","4":"has-post-thumbnail","6":"pwb-brand-boker","7":"product_cat-noze","8":"product_cat-pevne-noze","10":"first","11":"outofstock","12":"taxable","13":"shipping-taxable","14":"purchasable","15":"product-type-simple"},"brands":[{"id":140,"name":"Boker","slug":"boker"}],"_links":{"self":[{"href":"https:\/\/www.moskito.cz\/de\/wp-json\/wp\/v2\/product\/360946","targetHints":{"allow":["GET"]}}],"collection":[{"href":"https:\/\/www.moskito.cz\/de\/wp-json\/wp\/v2\/product"}],"about":[{"href":"https:\/\/www.moskito.cz\/de\/wp-json\/wp\/v2\/types\/product"}],"replies":[{"embeddable":true,"href":"https:\/\/www.moskito.cz\/de\/wp-json\/wp\/v2\/comments?post=360946"}],"wp:featuredmedia":[{"embeddable":true,"href":"https:\/\/www.moskito.cz\/de\/wp-json\/wp\/v2\/media\/360947"}],"wp:attachment":[{"href":"https:\/\/www.moskito.cz\/de\/wp-json\/wp\/v2\/media?parent=360946"}],"wp:term":[{"taxonomy":"pwb-brand","embeddable":true,"href":"https:\/\/www.moskito.cz\/de\/wp-json\/wp\/v2\/pwb-brand?post=360946"},{"taxonomy":"product_brand","embeddable":true,"href":"https:\/\/www.moskito.cz\/de\/wp-json\/wp\/v2\/product_brand?post=360946"},{"taxonomy":"product_cat","embeddable":true,"href":"https:\/\/www.moskito.cz\/de\/wp-json\/wp\/v2\/product_cat?post=360946"},{"taxonomy":"product_tag","embeddable":true,"href":"https:\/\/www.moskito.cz\/de\/wp-json\/wp\/v2\/product_tag?post=360946"}],"curies":[{"name":"wp","href":"https:\/\/api.w.org\/{rel}","templated":true}]}}