{"id":360965,"date":"2024-09-26T12:59:56","date_gmt":"2024-09-26T11:59:56","guid":{"rendered":"https:\/\/www.moskito.cz\/produkt\/hea-hunter\/"},"modified":"2025-05-07T11:25:03","modified_gmt":"2025-05-07T10:25:03","slug":"hea-hunter","status":"publish","type":"product","link":"https:\/\/www.moskito.cz\/de\/produkt\/hea-hunter\/","title":{"rendered":"Zav\u00edrac\u00ed N\u016f\u017e B\u00f6ker Plus HEA Hunter 01BO193"},"content":{"rendered":"<p>Zav\u00edrac\u00ed N\u016f\u017e <strong>B\u00f6ker Plus<\/strong> HEA Hunter 01BO193.<\/p>\n<p><strong>B\u00f6ker Plus HEA Hunter<\/strong> navr\u017een\u00fd Samem Abdelrahmanem zap\u016fsob\u00ed jako avantgardn\u00ed kapesn\u00ed n\u016f\u017e s funk\u010dn\u00edm designem a v\u00fdjime\u010dn\u00fdmi detaily. Od ml\u00e1d\u00ed no\u017e\u00ed\u0159 z Brooklynu na pln\u00fd \u00favazek dbal na to, aby byl p\u0159ipraven na v\u0161echny mo\u017en\u00e9 situace a m\u011bl v\u017edy po ruce ty spr\u00e1vn\u00e9 n\u00e1stroje. Kdy\u017e byl v roce 2014 zalo\u017een HEA Designs, mohl \u010derpat z mnohalet\u00fdch zku\u0161enost\u00ed v oblastech v\u00fdvoje, konstrukce a designu. \u010cepel Clip Point s kuli\u010dkov\u00fdm lo\u017eiskem vyroben\u00e1 z D2 m\u00e1 jemnou vlasovou \u00fapravu a lze ji otev\u0159\u00edt bu\u010f otvorem pro palec, nebo p\u0159edn\u00ed flipper . M\u00e1 charakteristick\u00e9 ricasso a v\u00fdraznou dr\u00e1\u017eku a je spolehliv\u011b uzam\u010dena r\u00e1mov\u00fdm z\u00e1mkem z nerezov\u00e9 oceli . Trojrozm\u011brn\u011b fr\u00e9zovan\u00e1 rukoje\u0165 na p\u0159edn\u00ed stran\u011b je vyrobena z modr\u00e9ho G10 a d\u00edky jemn\u00e9 texturov\u00e1n\u00ed a hlubok\u00fdm dr\u00e1\u017ek\u00e1m v\u017edy bezpe\u010dn\u011b sed\u00ed v ruce. S poutkem na \u0161\u0148\u016frku , fr\u00e9zovanou sponou z nerezov\u00e9 oceli ( tip-up\/r) a vysoce kvalitn\u00edm nylonov\u00fdm pouzdrem.<\/p>\n<p>Zna\u010dka: Boker Plus<br \/>\nCelkov\u00e1 d\u00e9lka: 17,00 cm<br \/>\nD\u00e9lka \u010depele: 7,30 cm<br \/>\nTlou\u0161\u0165ka \u010depele: 3,10 mm<br \/>\nHmotnost: 93,00 g<br \/>\nN\u00e1vrh\u00e1\u0159: Sam Abdelrahman<br \/>\nMateri\u00e1l \u010depele: D2<br \/>\nMateri\u00e1l rukojeti: G10<br \/>\nPom\u016fcka pro otev\u00edr\u00e1n\u00ed: Pinball<br \/>\nOtev\u00edrac\u00ed: Ru\u010dn\u011b<br \/>\nUzav\u0159en\u00ed: Z\u00e1mek r\u00e1mu<br \/>\n\u010c\u00edslo polo\u017eky: 01BO193<\/p>\n<p>&nbsp;<\/p>\n","protected":false},"excerpt":{"rendered":"<p><strong>B\u00f6ker Plus HEA Hunter navr\u017een\u00fd Samem Abdelrahmanem zap\u016fsob\u00ed jako avantgardn\u00ed kapesn\u00ed n\u016f\u017e s funk\u010dn\u00edm designem a v\u00fdjime\u010dn\u00fdmi detaily.<\/strong><\/p>\n","protected":false},"featured_media":366613,"comment_status":"closed","ping_status":"closed","template":"","meta":[],"pwb-brand":[140],"product_brand":[],"product_cat":[22,17],"product_tag":[],"class_list":{"0":"post-360965","1":"product","2":"type-product","3":"status-publish","4":"has-post-thumbnail","6":"pwb-brand-boker","7":"product_cat-zaviraci-noze","8":"product_cat-noze","10":"first","11":"instock","12":"taxable","13":"shipping-taxable","14":"purchasable","15":"product-type-simple"},"brands":[{"id":140,"name":"Boker","slug":"boker"}],"_links":{"self":[{"href":"https:\/\/www.moskito.cz\/de\/wp-json\/wp\/v2\/product\/360965","targetHints":{"allow":["GET"]}}],"collection":[{"href":"https:\/\/www.moskito.cz\/de\/wp-json\/wp\/v2\/product"}],"about":[{"href":"https:\/\/www.moskito.cz\/de\/wp-json\/wp\/v2\/types\/product"}],"replies":[{"embeddable":true,"href":"https:\/\/www.moskito.cz\/de\/wp-json\/wp\/v2\/comments?post=360965"}],"wp:featuredmedia":[{"embeddable":true,"href":"https:\/\/www.moskito.cz\/de\/wp-json\/wp\/v2\/media\/366613"}],"wp:attachment":[{"href":"https:\/\/www.moskito.cz\/de\/wp-json\/wp\/v2\/media?parent=360965"}],"wp:term":[{"taxonomy":"pwb-brand","embeddable":true,"href":"https:\/\/www.moskito.cz\/de\/wp-json\/wp\/v2\/pwb-brand?post=360965"},{"taxonomy":"product_brand","embeddable":true,"href":"https:\/\/www.moskito.cz\/de\/wp-json\/wp\/v2\/product_brand?post=360965"},{"taxonomy":"product_cat","embeddable":true,"href":"https:\/\/www.moskito.cz\/de\/wp-json\/wp\/v2\/product_cat?post=360965"},{"taxonomy":"product_tag","embeddable":true,"href":"https:\/\/www.moskito.cz\/de\/wp-json\/wp\/v2\/product_tag?post=360965"}],"curies":[{"name":"wp","href":"https:\/\/api.w.org\/{rel}","templated":true}]}}