{"id":360984,"date":"2024-09-26T13:00:13","date_gmt":"2024-09-26T12:00:13","guid":{"rendered":"https:\/\/www.moskito.cz\/produkt\/lfl07\/"},"modified":"2025-06-28T12:30:37","modified_gmt":"2025-06-28T11:30:37","slug":"lfl07","status":"publish","type":"product","link":"https:\/\/www.moskito.cz\/de\/produkt\/lfl07\/","title":{"rendered":"Zav\u00edrac\u00ed N\u016f\u017e Boker Plus LFL07 01BO387"},"content":{"rendered":"<p>Zav\u00edrac\u00ed N\u016f\u017e <strong>Boker Plus<\/strong> LFL07 01BO387.<\/p>\n<p>Up\u0159\u00edmnost, odvaha a laskavost pat\u0159\u00ed k tradi\u010dn\u00edm z\u00e1kladn\u00edm ctnostem, kter\u00e9 maj\u00ed v japonsk\u00e9 spole\u010dnosti i dnes velk\u00fd v\u00fdznam. V\u00fdrobce no\u017e\u016f Kansei Matsuno p\u0159en\u00e1\u0161\u00ed tyto hodnoty do B\u00f6ker Plus LFL07 a vytv\u00e1\u0159\u00ed u\u0161lechtil\u00fd gentlemansk\u00fd n\u016f\u017e pln\u00fd gr\u00e1cie a stylu. Kapesn\u00ed n\u016f\u017e , vybaven\u00fd dutou brou\u0161enou \u010depel\u00ed vyrobenou z pr\u00e1\u0161kov\u00e9 metalurgie CPM-S-35VN s vlasovou \u00fapravou, zvl\u00e1dne ka\u017ed\u00fd \u0159ezn\u00fd \u00fakol na v\u00fdbornou. Diskr\u00e9tn\u00ed p\u0159edn\u00ed ploutev otev\u00edr\u00e1 \u010depel p\u0159esn\u011b a hladce. Pozoruhodn\u00fdm a vizu\u00e1ln\u00edm vrcholem B\u00f6ker Plus LFL07 je \u0161edohn\u011bd\u00e1 rukoje\u0165 z FAT Carbonu , kter\u00e1 je prolo\u017eena zlat\u00fdmi odst\u00edny a d\u016fsledn\u011b navazuje na \u0161t\u00edhlou linii zav\u00edrac\u00edho no\u017ee. Liner lock z nerezov\u00e9 oceli p\u016fsob\u00ed spolehliv\u011b a harmonicky dotv\u00e1\u0159\u00ed celkov\u00fd vzhled sb\u011bratelsk\u00e9ho no\u017ee, kter\u00fd je v Evrop\u011b limitov\u00e1n 500 kusy. Hlubok\u00e1 spona z nerezov\u00e9 oceli s matnou povrchovou \u00fapravou umo\u017e\u0148uje sklopn\u00e9 (r) no\u0161en\u00ed a je funk\u010dn\u011b podep\u0159ena o\u010dkem lana .<\/p>\n<p>Typ polo\u017eky: Kapesn\u00ed n\u016f\u017e<br \/>\nCelkov\u00e1 d\u00e9lka: 17,90 cm<br \/>\nD\u00e9lka \u010depele: 7,60 cm<br \/>\nTlou\u0161\u0165ka \u010depele: 2,50 mm<br \/>\nHmotnost: 53,00 g<br \/>\nN\u00e1vrh\u00e1\u0159: Kansei Matsuno<br \/>\nMateri\u00e1l \u010depele: CPM-S-35VN<br \/>\nMateri\u00e1l rukojeti: Uhl\u00edkov\u00e9 vl\u00e1kno<br \/>\nPom\u016fcka pro otev\u00edr\u00e1n\u00ed: Pinball<br \/>\nOtev\u00edrac\u00ed: Ru\u010dn\u011b<br \/>\nUzav\u0159en\u00ed: Z\u00e1mek vlo\u017eky<br \/>\nBarva: \u010cern\u00e1<br \/>\nBarva \u010depele: Nepota\u017een\u00e9<br \/>\n\u010c\u00edslo polo\u017eky: 01BO387<\/p>\n","protected":false},"excerpt":{"rendered":"<p><strong>Up\u0159\u00edmnost, odvaha a laskavost pat\u0159\u00ed k tradi\u010dn\u00edm z\u00e1kladn\u00edm ctnostem, kter\u00e9 maj\u00ed v japonsk\u00e9 spole\u010dnosti i dnes velk\u00fd v\u00fdznam.<\/strong><\/p>\n<p><strong>Doprava zdarma.<\/strong><\/p>\n","protected":false},"featured_media":367234,"comment_status":"closed","ping_status":"closed","template":"","meta":[],"pwb-brand":[140],"product_brand":[],"product_cat":[22,17],"product_tag":[],"class_list":{"0":"post-360984","1":"product","2":"type-product","3":"status-publish","4":"has-post-thumbnail","6":"pwb-brand-boker","7":"product_cat-zaviraci-noze","8":"product_cat-noze","10":"first","11":"instock","12":"sale","13":"taxable","14":"shipping-taxable","15":"purchasable","16":"product-type-simple"},"brands":[{"id":140,"name":"Boker","slug":"boker"}],"_links":{"self":[{"href":"https:\/\/www.moskito.cz\/de\/wp-json\/wp\/v2\/product\/360984","targetHints":{"allow":["GET"]}}],"collection":[{"href":"https:\/\/www.moskito.cz\/de\/wp-json\/wp\/v2\/product"}],"about":[{"href":"https:\/\/www.moskito.cz\/de\/wp-json\/wp\/v2\/types\/product"}],"replies":[{"embeddable":true,"href":"https:\/\/www.moskito.cz\/de\/wp-json\/wp\/v2\/comments?post=360984"}],"wp:featuredmedia":[{"embeddable":true,"href":"https:\/\/www.moskito.cz\/de\/wp-json\/wp\/v2\/media\/367234"}],"wp:attachment":[{"href":"https:\/\/www.moskito.cz\/de\/wp-json\/wp\/v2\/media?parent=360984"}],"wp:term":[{"taxonomy":"pwb-brand","embeddable":true,"href":"https:\/\/www.moskito.cz\/de\/wp-json\/wp\/v2\/pwb-brand?post=360984"},{"taxonomy":"product_brand","embeddable":true,"href":"https:\/\/www.moskito.cz\/de\/wp-json\/wp\/v2\/product_brand?post=360984"},{"taxonomy":"product_cat","embeddable":true,"href":"https:\/\/www.moskito.cz\/de\/wp-json\/wp\/v2\/product_cat?post=360984"},{"taxonomy":"product_tag","embeddable":true,"href":"https:\/\/www.moskito.cz\/de\/wp-json\/wp\/v2\/product_tag?post=360984"}],"curies":[{"name":"wp","href":"https:\/\/api.w.org\/{rel}","templated":true}]}}