{"id":360988,"date":"2024-09-26T13:00:13","date_gmt":"2024-09-26T12:00:13","guid":{"rendered":"https:\/\/www.moskito.cz\/produkt\/urban-trapper-jigged-titanium\/"},"modified":"2025-05-07T11:25:05","modified_gmt":"2025-05-07T10:25:05","slug":"urban-trapper-jigged-titanium","status":"publish","type":"product","link":"https:\/\/www.moskito.cz\/de\/produkt\/urban-trapper-jigged-titanium\/","title":{"rendered":"Zav\u00edrac\u00ed N\u016f\u017e B\u00f6ker Plus Urban Trapper Jigged Titanium"},"content":{"rendered":"<p>Zav\u00edrac\u00ed N\u016f\u017e <strong>B\u00f6ker<\/strong> Plus Urban Trapper Jigged Titanium.<\/p>\n<p>Brad Zinker v\u017edy dok\u00e1\u017ee odhalit nov\u00e9 aspekty popul\u00e1rn\u00edho Boker Plus Urban Trapper. Jako mistr sv\u00e9ho \u0159emesla v\u00ed americk\u00fd n\u00e1vrh\u00e1\u0159 no\u017e\u016f l\u00e9pe ne\u017e kdokoli jin\u00fd, jak pomoc\u00ed chytr\u00fdch kombinac\u00ed materi\u00e1l\u016f znovu vynal\u00e9zt st\u00e1vaj\u00edc\u00ed design gentlemansk\u00e9ho no\u017ee. Boker Plus Urban Trapper Jigged Titanium je dod\u00e1v\u00e1n s povrchov\u011b brou\u0161enou \u010depel\u00ed VG-10 s kuli\u010dkov\u00fdm lo\u017eiskem s vlasovou \u00fapravou, kter\u00e1 se otev\u00edr\u00e1 pomoc\u00ed flipperu a je zaji\u0161t\u011bna robustn\u00edm linerlockem. Modern\u00ed akcent dod\u00e1v\u00e1 titanov\u00e1 rukoje\u0165, kter\u00e1 vzd\u00e1v\u00e1 hold nes\u010detn\u00e9 klasice se \u0161upinami na rukojeti s jigging bone. To nejen vizu\u00e1ln\u011b um\u00edst\u00ed n\u016f\u017e p\u0159\u00edmo dop\u0159edu, ale tak\u00e9 v\u00fdrazn\u011b zlep\u0161\u00ed pocit z kapesn\u00edho no\u017ee. Hlubok\u00e1 nosn\u00e1 spona z nerezov\u00e9 oceli umo\u017e\u0148uje no\u0161en\u00ed vykl\u00e1p\u011bn\u00edm (r) a je zakon\u010dena povrchovou \u00fapravou Stonewash.<\/p>\n<p>Zna\u010dka: Boker Plus<br \/>\nCelkov\u00e1 d\u00e9lka: 19,50 cm<br \/>\nD\u00e9lka \u010depele: 8,90 cm<br \/>\nTlou\u0161\u0165ka \u010depele: 2,50 mm<br \/>\nHmotnost: 74,00 g<br \/>\nN\u00e1vrh\u00e1\u0159: Brad Zinker<br \/>\nMateri\u00e1l \u010depele: VG-10<br \/>\nMateri\u00e1l rukojeti: Titan<br \/>\nOtv\u00edr\u00e1k: Ploutev<br \/>\nOtev\u00edrac\u00ed: Manu\u00e1l<br \/>\nTyp z\u00e1mku: Linerlock<br \/>\n\u010c\u00edslo polo\u017eky: 01BO476<\/p>\n<p>&nbsp;<\/p>\n","protected":false},"excerpt":{"rendered":"<p><strong>Brad Zinker v\u017edy dok\u00e1\u017ee odhalit nov\u00e9 aspekty popul\u00e1rn\u00edho Boker Plus Urban Trapper. Jako mistr sv\u00e9ho \u0159emesla v\u00ed americk\u00fd n\u00e1vrh\u00e1\u0159 no\u017e\u016f l\u00e9pe ne\u017e kdokoli jin\u00fd, jak pomoc\u00ed chytr\u00fdch kombinac\u00ed materi\u00e1l\u016f znovu vynal\u00e9zt st\u00e1vaj\u00edc\u00ed design gentlemansk\u00e9ho no\u017ee.<\/strong><\/p>\n<p><strong>Doprava zdarma.<\/strong><\/p>\n","protected":false},"featured_media":363818,"comment_status":"closed","ping_status":"closed","template":"","meta":[],"pwb-brand":[140],"product_brand":[],"product_cat":[22,17],"product_tag":[],"class_list":{"0":"post-360988","1":"product","2":"type-product","3":"status-publish","4":"has-post-thumbnail","6":"pwb-brand-boker","7":"product_cat-zaviraci-noze","8":"product_cat-noze","10":"first","11":"instock","12":"taxable","13":"shipping-taxable","14":"purchasable","15":"product-type-simple"},"brands":[{"id":140,"name":"Boker","slug":"boker"}],"_links":{"self":[{"href":"https:\/\/www.moskito.cz\/de\/wp-json\/wp\/v2\/product\/360988","targetHints":{"allow":["GET"]}}],"collection":[{"href":"https:\/\/www.moskito.cz\/de\/wp-json\/wp\/v2\/product"}],"about":[{"href":"https:\/\/www.moskito.cz\/de\/wp-json\/wp\/v2\/types\/product"}],"replies":[{"embeddable":true,"href":"https:\/\/www.moskito.cz\/de\/wp-json\/wp\/v2\/comments?post=360988"}],"wp:featuredmedia":[{"embeddable":true,"href":"https:\/\/www.moskito.cz\/de\/wp-json\/wp\/v2\/media\/363818"}],"wp:attachment":[{"href":"https:\/\/www.moskito.cz\/de\/wp-json\/wp\/v2\/media?parent=360988"}],"wp:term":[{"taxonomy":"pwb-brand","embeddable":true,"href":"https:\/\/www.moskito.cz\/de\/wp-json\/wp\/v2\/pwb-brand?post=360988"},{"taxonomy":"product_brand","embeddable":true,"href":"https:\/\/www.moskito.cz\/de\/wp-json\/wp\/v2\/product_brand?post=360988"},{"taxonomy":"product_cat","embeddable":true,"href":"https:\/\/www.moskito.cz\/de\/wp-json\/wp\/v2\/product_cat?post=360988"},{"taxonomy":"product_tag","embeddable":true,"href":"https:\/\/www.moskito.cz\/de\/wp-json\/wp\/v2\/product_tag?post=360988"}],"curies":[{"name":"wp","href":"https:\/\/api.w.org\/{rel}","templated":true}]}}