{"id":360991,"date":"2024-09-26T13:00:13","date_gmt":"2024-09-26T12:00:13","guid":{"rendered":"https:\/\/www.moskito.cz\/produkt\/urban-barlow-cf\/"},"modified":"2025-05-07T11:25:06","modified_gmt":"2025-05-07T10:25:06","slug":"urban-barlow-cf","status":"publish","type":"product","link":"https:\/\/www.moskito.cz\/de\/produkt\/urban-barlow-cf\/","title":{"rendered":"Zav\u00edrac\u00ed N\u016f\u017e B\u00f6ker Plus Urban Barlow CF 01BO490"},"content":{"rendered":"<p>Zav\u00edrac\u00ed N\u016f\u017e <strong>B\u00f6ker Plu<\/strong>s Urban Barlow CF 01BO490.<\/p>\n<p>Avantgardn\u00ed interpretace \u00fasp\u011b\u0161n\u00e9ho B\u00f6kera Barlowa Brada Zinkera je opep\u0159ena n\u011bkter\u00fdmi modern\u00edmi prvky, ani\u017e by v\u0161ak ztratila ze z\u0159etele ko\u0159eny klasick\u00e9ho origin\u00e1lu. Charakteristick\u00e1 je extra dlouh\u00e1 \u010delist, kter\u00e1 je u B\u00f6ker Plus Urban Barlow MCF vyrobena z titanu a jako uzamykac\u00ed mechanismus integruje modern\u00ed integr\u00e1ln\u00ed r\u00e1mov\u00fd z\u00e1mek. Z\u00e1mek Frame Lock m\u00e1 vlo\u017eku z nerezov\u00e9 oceli a doraz proti p\u0159ejet\u00ed, tak\u017ee \u010depel se bezpe\u010dn\u011b a bez opot\u0159eben\u00ed zablokuje. Stupnice rukojeti jsou vyrobeny z divok\u00e9ho uhl\u00edkov\u00e9ho vl\u00e1kna (CF) a podtrhuj\u00ed sou\u010dasn\u00fd charakter no\u017ee. Alternativn\u011b k p\u0159edn\u00ed flipperu m\u00e1 \u010depel s kuli\u010dkov\u00fdm lo\u017eiskem a dut\u00fdm brou\u0161en\u00fdm drop pointem z M390 otvor pro otev\u0159en\u00ed kapesn\u00edho no\u017ee, kter\u00fd p\u0159ipom\u00edn\u00e1 st\u0159ih h\u0159eb\u00edku p\u016fvodn\u00edho modelu. \u0160irok\u00e1 titanov\u00e1 spona je vyfr\u00e9zov\u00e1na z pevn\u00e9ho materi\u00e1lu a umo\u017e\u0148uje pohodln\u00e9 no\u0161en\u00ed (vyklopen\u00ed). Dod\u00e1v\u00e1no s vysoce kvalitn\u00edm nylonov\u00fdm pouzdrem.<\/p>\n<p>Zna\u010dka: Boker Plus<br \/>\nCelkov\u00e1 d\u00e9lka: 17,20 cm<br \/>\nD\u00e9lka \u010depele: 7,70 cm<br \/>\nTlou\u0161\u0165ka \u010depele: 2,60 mm<br \/>\nHmotnost: 66,00 g<br \/>\nN\u00e1vrh\u00e1\u0159: Brad Zinker<br \/>\nMateri\u00e1l \u010depele: M390<br \/>\nMateri\u00e1l rukojeti: Uhl\u00edkov\u00e9 vl\u00e1kno, titan<br \/>\nPom\u016fcka pro otev\u00edr\u00e1n\u00ed: Pinball<br \/>\nOtev\u00edrac\u00ed: Ru\u010dn\u011b<br \/>\nUzav\u0159en\u00ed: Z\u00e1mek r\u00e1mu<br \/>\n\u010c\u00edslo polo\u017eky: 01BO490<\/p>\n<p>&nbsp;<\/p>\n","protected":false},"excerpt":{"rendered":"<p><strong>Avantgardn\u00ed interpretace \u00fasp\u011b\u0161n\u00e9ho B\u00f6kera Barlowa Brada Zinkera je opep\u0159ena n\u011bkter\u00fdmi modern\u00edmi prvky, ani\u017e by v\u0161ak ztratila ze z\u0159etele ko\u0159eny klasick\u00e9ho origin\u00e1lu.<\/strong><\/p>\n<p><strong>Doprava zdarma.<\/strong><\/p>\n","protected":false},"featured_media":366363,"comment_status":"closed","ping_status":"closed","template":"","meta":[],"pwb-brand":[140],"product_brand":[],"product_cat":[22,17],"product_tag":[],"class_list":{"0":"post-360991","1":"product","2":"type-product","3":"status-publish","4":"has-post-thumbnail","6":"pwb-brand-boker","7":"product_cat-zaviraci-noze","8":"product_cat-noze","10":"first","11":"instock","12":"taxable","13":"shipping-taxable","14":"purchasable","15":"product-type-simple"},"brands":[{"id":140,"name":"Boker","slug":"boker"}],"_links":{"self":[{"href":"https:\/\/www.moskito.cz\/de\/wp-json\/wp\/v2\/product\/360991","targetHints":{"allow":["GET"]}}],"collection":[{"href":"https:\/\/www.moskito.cz\/de\/wp-json\/wp\/v2\/product"}],"about":[{"href":"https:\/\/www.moskito.cz\/de\/wp-json\/wp\/v2\/types\/product"}],"replies":[{"embeddable":true,"href":"https:\/\/www.moskito.cz\/de\/wp-json\/wp\/v2\/comments?post=360991"}],"wp:featuredmedia":[{"embeddable":true,"href":"https:\/\/www.moskito.cz\/de\/wp-json\/wp\/v2\/media\/366363"}],"wp:attachment":[{"href":"https:\/\/www.moskito.cz\/de\/wp-json\/wp\/v2\/media?parent=360991"}],"wp:term":[{"taxonomy":"pwb-brand","embeddable":true,"href":"https:\/\/www.moskito.cz\/de\/wp-json\/wp\/v2\/pwb-brand?post=360991"},{"taxonomy":"product_brand","embeddable":true,"href":"https:\/\/www.moskito.cz\/de\/wp-json\/wp\/v2\/product_brand?post=360991"},{"taxonomy":"product_cat","embeddable":true,"href":"https:\/\/www.moskito.cz\/de\/wp-json\/wp\/v2\/product_cat?post=360991"},{"taxonomy":"product_tag","embeddable":true,"href":"https:\/\/www.moskito.cz\/de\/wp-json\/wp\/v2\/product_tag?post=360991"}],"curies":[{"name":"wp","href":"https:\/\/api.w.org\/{rel}","templated":true}]}}