{"id":361032,"date":"2024-09-26T13:00:30","date_gmt":"2024-09-26T12:00:30","guid":{"rendered":"https:\/\/www.moskito.cz\/produkt\/kapesni-nuz-boker-plus-undertow\/"},"modified":"2025-07-15T14:57:13","modified_gmt":"2025-07-15T13:57:13","slug":"kapesni-nuz-boker-plus-undertow","status":"publish","type":"product","link":"https:\/\/www.moskito.cz\/de\/produkt\/kapesni-nuz-boker-plus-undertow\/","title":{"rendered":"Zav\u00edrac\u00ed N\u016f\u017e B\u00f6ker Plus Undertow 01BO694"},"content":{"rendered":"<p>Zav\u00edrac\u00ed N\u016f\u017e<strong> B\u00f6ker Plus<\/strong> Undertow 01BO694.<\/p>\n<p>M\u00edr a s\u00edla jako konstantn\u00ed pole nap\u011bt\u00ed mezi \u017eivly; libov\u016fle n\u00e1lad charakterizovan\u00e1 nevyhnutelnost\u00ed, pokorou a obdivem. Opozice za pospolitost. Lorien Arnold vyu\u017e\u00edv\u00e1 p\u0159\u00edrodn\u00ed s\u00edly jako inspiraci pro sv\u00e9 p\u016fsobiv\u00e9 n\u00e1vrhy. Kanadsk\u00fd zak\u00e1zkov\u00fd no\u017e\u00ed\u0159 B\u00f6ker Plus Undertow p\u0159edstavuje EDC n\u016f\u017e se speci\u00e1ln\u00edm sac\u00edm efektem. \u010cepel typu drop point s kuli\u010dkov\u00fdm lo\u017eiskem se sat\u00e9nov\u00fdm povrchem a ricasso za\u010d\u00edn\u00e1 tam, kde kon\u010d\u00ed ostrost. Od \u0159ez\u00e1n\u00ed kartonu a\u017e po mal\u00e9 \u00fakoly p\u0159i kempov\u00e1n\u00ed, kapesn\u00ed n\u016f\u017e je mimo jakoukoli pochybnost. Jimpingy na h\u0159betu \u010depele, v\u00fdrazn\u00e1 ploutev pro otev\u00edr\u00e1n\u00ed slo\u017eky a stabiln\u00ed z\u00e1mek liner zvy\u0161uj\u00ed bezpe\u010dnost pr\u00e1ce, zat\u00edmco dvoud\u00edln\u00e1 rukoje\u0165 s nerezov\u00fdmi podp\u011brami v titanov\u00e9 \u00faprav\u011b a \u010dern\u00fdmi stupnicemi rukojeti G10 interpretuj\u00ed energick\u00e9 bou\u0159kov\u00e9 mraky. T\u00e9ma vody v mnoha ohledech p\u0159eb\u00edr\u00e1 revolverov\u00fd \u0161roub osy \u010depele a \u0161rouby rukojeti, z nich\u017e ka\u017ed\u00fd je eloxov\u00e1n v syt\u011b modr\u00e9 barv\u011b. S\u00edla p\u0159\u00edrody v kapesn\u00ed velikosti nebo jinak \u0159e\u010deno: Undertow je v proudu. Lze jej zkrotit pouze pomoc\u00ed skl\u00e1p\u011bc\u00ed spony (r) a vysoce kvalitn\u00edho nylonov\u00e9ho pouzdra pro skladov\u00e1n\u00ed.<\/p>\n<p>Zna\u010dka: Boker Plus<br \/>\nCelkov\u00e1 d\u00e9lka: 20,00 cm<br \/>\nD\u00e9lka \u010depele: 8,70 cm<br \/>\nTlou\u0161\u0165ka \u010depele: 3,20 mm<br \/>\nHmotnost: 125,00 g<br \/>\nN\u00e1vrh\u00e1\u0159: Lorien Arnold<br \/>\nMateri\u00e1l \u010depele: D2<br \/>\nMateri\u00e1l rukojeti: G10<br \/>\nPom\u016fcka pro otev\u00edr\u00e1n\u00ed: Pinball<br \/>\nOtev\u00edrac\u00ed: Ru\u010dn\u011b<br \/>\nUzav\u0159en\u00ed: Z\u00e1mek vlo\u017eky<br \/>\n\u010c\u00edslo polo\u017eky: 01BO694<\/p>\n<p>&nbsp;<\/p>\n","protected":false},"excerpt":{"rendered":"<p><strong>Klid a s\u00edla jako st\u00e1l\u00e9 pole nap\u011bt\u00ed mezi \u017eivly &#8211; sv\u00e9volnost rozmar\u016f charakterizovan\u00e1 nevyhnutelnost\u00ed, pokorou a obdivem.<\/strong><\/p>\n","protected":false},"featured_media":370588,"comment_status":"closed","ping_status":"closed","template":"","meta":[],"pwb-brand":[140],"product_brand":[],"product_cat":[17,22],"product_tag":[],"class_list":{"0":"post-361032","1":"product","2":"type-product","3":"status-publish","4":"has-post-thumbnail","6":"pwb-brand-boker","7":"product_cat-noze","8":"product_cat-zaviraci-noze","10":"first","11":"outofstock","12":"taxable","13":"shipping-taxable","14":"purchasable","15":"product-type-simple"},"brands":[{"id":140,"name":"Boker","slug":"boker"}],"_links":{"self":[{"href":"https:\/\/www.moskito.cz\/de\/wp-json\/wp\/v2\/product\/361032","targetHints":{"allow":["GET"]}}],"collection":[{"href":"https:\/\/www.moskito.cz\/de\/wp-json\/wp\/v2\/product"}],"about":[{"href":"https:\/\/www.moskito.cz\/de\/wp-json\/wp\/v2\/types\/product"}],"replies":[{"embeddable":true,"href":"https:\/\/www.moskito.cz\/de\/wp-json\/wp\/v2\/comments?post=361032"}],"wp:featuredmedia":[{"embeddable":true,"href":"https:\/\/www.moskito.cz\/de\/wp-json\/wp\/v2\/media\/370588"}],"wp:attachment":[{"href":"https:\/\/www.moskito.cz\/de\/wp-json\/wp\/v2\/media?parent=361032"}],"wp:term":[{"taxonomy":"pwb-brand","embeddable":true,"href":"https:\/\/www.moskito.cz\/de\/wp-json\/wp\/v2\/pwb-brand?post=361032"},{"taxonomy":"product_brand","embeddable":true,"href":"https:\/\/www.moskito.cz\/de\/wp-json\/wp\/v2\/product_brand?post=361032"},{"taxonomy":"product_cat","embeddable":true,"href":"https:\/\/www.moskito.cz\/de\/wp-json\/wp\/v2\/product_cat?post=361032"},{"taxonomy":"product_tag","embeddable":true,"href":"https:\/\/www.moskito.cz\/de\/wp-json\/wp\/v2\/product_tag?post=361032"}],"curies":[{"name":"wp","href":"https:\/\/api.w.org\/{rel}","templated":true}]}}