{"id":361048,"date":"2024-09-26T13:00:30","date_gmt":"2024-09-26T12:00:30","guid":{"rendered":"https:\/\/www.moskito.cz\/produkt\/kapesni-nuz-boker-plus-modern-gentleman\/"},"modified":"2025-05-07T11:25:11","modified_gmt":"2025-05-07T10:25:11","slug":"kapesni-nuz-boker-plus-modern-gentleman","status":"publish","type":"product","link":"https:\/\/www.moskito.cz\/de\/produkt\/kapesni-nuz-boker-plus-modern-gentleman\/","title":{"rendered":"Zav\u00edrac\u00ed N\u016f\u017e B\u00f6ker Plus Modern Gentleman 01BO931"},"content":{"rendered":"<p>Zav\u00edrac\u00ed N\u016f\u017e <strong>B\u00f6ker Plus<\/strong> Modern Gentleman 01BO931.<\/p>\n<p>Kultivovan\u00fd \u2013 s duchem, vychovan\u00fd \u2013 s taktem, \u00fahledn\u00fd \u2013 jak\u00e1 ot\u00e1zka! Opravdov\u00fd gentleman v\u00ed, co je d\u016fle\u017eit\u00e9. Nen\u00e1padn\u00fd, sv\u011bdomit\u00fd a v\u017edy p\u0159ipraven\u00fd s pikantn\u00edm vtipem. Stejn\u011b jako B\u00f6ker Plus Modern Gentleman. \u0160t\u00edhl\u00fd gentlemansk\u00fd n\u016f\u017e se um\u00ed perfektn\u011b pohybovat v n\u00e1ro\u010dn\u00e9 spole\u010dnosti. Titanem pota\u017een\u00e1 \u010depel s kuli\u010dkov\u00fdm lo\u017eiskem vyroben\u00e1 z Nitro-V odoln\u00e9ho proti pro\u0159\u00edznut\u00ed, \u0161t\u00edhl\u00e1 rukoje\u0165 ze zelen\u00e9 Micarty, ploutev s otev\u0159en\u00fdm srdcem a spolehliv\u00fd z\u00e1mek vlo\u017eky jsou dobrou formou jako vstupenka do exkluzivn\u00edho B\u00f6ker Plus. Klub gentleman\u016f. Jemn\u011b slad\u011bn\u00e9 \u010dern\u00e9 \u010delisti rukojeti odr\u00e1\u017eej\u00ed barvu \u010depele a podtrhuj\u00ed elegantn\u00ed vzhled kapesn\u00edho no\u017ee. Se skl\u00e1p\u011bc\u00ed sponou (r) pro diskr\u00e9tn\u00ed hlubok\u00e9 no\u0161en\u00ed a spoustou kouzla.<\/p>\n<p>Zna\u010dka: Boker Plus<br \/>\nCelkov\u00e1 d\u00e9lka: 17,00 cm<br \/>\nD\u00e9lka \u010depele: 7,50 cm<br \/>\nTlou\u0161\u0165ka \u010depele: 2,30 mm<br \/>\nHmotnost: 64,00 g<br \/>\nMateri\u00e1l \u010depele: Nitro V<br \/>\nMateri\u00e1l rukojeti: Micarta<br \/>\nOtev\u00edrac\u00ed: Ru\u010dn\u011b<br \/>\nUzav\u0159en\u00ed: Z\u00e1mek vlo\u017eky<br \/>\nBarva: Zelen\u00fd<br \/>\n\u010c\u00edslo polo\u017eky: 01BO931<\/p>\n<p>&nbsp;<\/p>\n","protected":false},"excerpt":{"rendered":"<p><strong>Kultivovan\u00fd \u2013 s duchem, vychovan\u00fd \u2013 s taktem, \u00fahledn\u00fd \u2013 jak\u00e1 ot\u00e1zka! Opravdov\u00fd gentleman v\u00ed, co je d\u016fle\u017eit\u00e9. Nen\u00e1padn\u00fd, sv\u011bdomit\u00fd a v\u017edy p\u0159ipraven\u00fd s pikantn\u00edm vtipem.<\/strong><\/p>\n","protected":false},"featured_media":370306,"comment_status":"closed","ping_status":"closed","template":"","meta":[],"pwb-brand":[140],"product_brand":[],"product_cat":[17,22],"product_tag":[],"class_list":{"0":"post-361048","1":"product","2":"type-product","3":"status-publish","4":"has-post-thumbnail","6":"pwb-brand-boker","7":"product_cat-noze","8":"product_cat-zaviraci-noze","10":"first","11":"instock","12":"taxable","13":"shipping-taxable","14":"purchasable","15":"product-type-simple"},"brands":[{"id":140,"name":"Boker","slug":"boker"}],"_links":{"self":[{"href":"https:\/\/www.moskito.cz\/de\/wp-json\/wp\/v2\/product\/361048","targetHints":{"allow":["GET"]}}],"collection":[{"href":"https:\/\/www.moskito.cz\/de\/wp-json\/wp\/v2\/product"}],"about":[{"href":"https:\/\/www.moskito.cz\/de\/wp-json\/wp\/v2\/types\/product"}],"replies":[{"embeddable":true,"href":"https:\/\/www.moskito.cz\/de\/wp-json\/wp\/v2\/comments?post=361048"}],"wp:featuredmedia":[{"embeddable":true,"href":"https:\/\/www.moskito.cz\/de\/wp-json\/wp\/v2\/media\/370306"}],"wp:attachment":[{"href":"https:\/\/www.moskito.cz\/de\/wp-json\/wp\/v2\/media?parent=361048"}],"wp:term":[{"taxonomy":"pwb-brand","embeddable":true,"href":"https:\/\/www.moskito.cz\/de\/wp-json\/wp\/v2\/pwb-brand?post=361048"},{"taxonomy":"product_brand","embeddable":true,"href":"https:\/\/www.moskito.cz\/de\/wp-json\/wp\/v2\/product_brand?post=361048"},{"taxonomy":"product_cat","embeddable":true,"href":"https:\/\/www.moskito.cz\/de\/wp-json\/wp\/v2\/product_cat?post=361048"},{"taxonomy":"product_tag","embeddable":true,"href":"https:\/\/www.moskito.cz\/de\/wp-json\/wp\/v2\/product_tag?post=361048"}],"curies":[{"name":"wp","href":"https:\/\/api.w.org\/{rel}","templated":true}]}}