{"id":361051,"date":"2024-09-26T13:00:30","date_gmt":"2024-09-26T12:00:30","guid":{"rendered":"https:\/\/www.moskito.cz\/produkt\/modern-barlow\/"},"modified":"2025-05-21T17:44:25","modified_gmt":"2025-05-21T16:44:25","slug":"modern-barlow","status":"publish","type":"product","link":"https:\/\/www.moskito.cz\/de\/produkt\/modern-barlow\/","title":{"rendered":"Zav\u00edrac\u00ed N\u016f\u017e B\u00f6ker Plus Modern Barlow 01BO932"},"content":{"rendered":"<p>Zav\u00edrac\u00ed N\u016f\u017e <strong>B\u00f6ker Plus<\/strong> Modern Barlow 01BO932.<\/p>\n<p>D\u011bdictv\u00ed klasika; nad\u010dasov\u00fd tradi\u010dn\u00ed &#8211; tradi\u010dn\u011b nad\u010dasov\u00fd a sou\u010dasn\u00fd v interpretaci B\u00f6ker Plus. P\u016fvodn\u00ed Barlow pravd\u011bpodobn\u011b vd\u011b\u010d\u00ed za sv\u00e9 jm\u00e9no stejnojmenn\u00e9mu podnikav\u00e9mu v\u00fdrobci no\u017e\u016f ze Sheffieldu, kter\u00fd za\u010dal robustn\u00ed no\u017ee vyv\u00e1\u017eet do Severn\u00ed Ameriky kolem roku 1800. Charakteristick\u00e9 kapkovit\u00e9 linie zav\u00edrac\u00edho no\u017ee poch\u00e1zej\u00ed ze 17. stolet\u00ed, co\u017e z n\u011bj jist\u011b \u010din\u00ed jeden z nejstar\u0161\u00edch n\u00e1vrh\u016f v\u016fbec. M\u00edsto d\u0159eva a st\u0159\u00edbra pou\u017e\u00edv\u00e1 B\u00f6ker Plus Modern Barlow \u010delisti pota\u017een\u00e9 titanem a elegantn\u00ed \u0161upiny rukojeti z \u010dern\u00e9 Micarty. Modern\u011b navr\u017een\u00e1 n\u016f\u017eka na nehty je dopln\u011bna flipperem a z\u00e1mkem liner pro otev\u00edr\u00e1n\u00ed a zamyk\u00e1n\u00ed \u010depele klipsu s kuli\u010dkov\u00fdm lo\u017eiskem z Nitro-V. Ploch\u00fd \u0161roub osy \u010depele, kart\u00e1\u010dovan\u00fd sat\u00e9nov\u00fd dvoubarevn\u00fd povrch \u010depele a m\u00f3dn\u00ed vykl\u00e1p\u011bc\u00ed spona (r) zavr\u0161uj\u00ed uklizen\u00fd vzhled kapesn\u00edho no\u017ee. Klasika je tak modern\u00ed!<\/p>\n<p>Zna\u010dka: Boker Plus<br \/>\nCelkov\u00e1 d\u00e9lka: 14,70 cm<br \/>\nD\u00e9lka \u010depele: 6,40 cm<br \/>\nTlou\u0161\u0165ka \u010depele: 2,30 mm<br \/>\nHmotnost: 52,00 g<br \/>\nMateri\u00e1l \u010depele: Nitro V<br \/>\nMateri\u00e1l rukojeti: Micarta<br \/>\nPom\u016fcka pro otev\u00edr\u00e1n\u00ed: Pinball<br \/>\nOtev\u00edrac\u00ed: Ru\u010dn\u011b<br \/>\n\u010c\u00edslo polo\u017eky: 01BO932<\/p>\n<p>&nbsp;<\/p>\n<p>&nbsp;<\/p>\n","protected":false},"excerpt":{"rendered":"<p><strong>D\u011bdictv\u00ed klasika; nad\u010dasov\u00fd tradi\u010dn\u00ed &#8211; tradi\u010dn\u011b nad\u010dasov\u00fd a sou\u010dasn\u00fd v interpretaci B\u00f6ker Plus.<\/strong><\/p>\n","protected":false},"featured_media":370186,"comment_status":"closed","ping_status":"closed","template":"","meta":[],"pwb-brand":[140],"product_brand":[],"product_cat":[22,17],"product_tag":[],"class_list":{"0":"post-361051","1":"product","2":"type-product","3":"status-publish","4":"has-post-thumbnail","6":"pwb-brand-boker","7":"product_cat-zaviraci-noze","8":"product_cat-noze","10":"first","11":"outofstock","12":"taxable","13":"shipping-taxable","14":"purchasable","15":"product-type-simple"},"brands":[{"id":140,"name":"Boker","slug":"boker"}],"_links":{"self":[{"href":"https:\/\/www.moskito.cz\/de\/wp-json\/wp\/v2\/product\/361051","targetHints":{"allow":["GET"]}}],"collection":[{"href":"https:\/\/www.moskito.cz\/de\/wp-json\/wp\/v2\/product"}],"about":[{"href":"https:\/\/www.moskito.cz\/de\/wp-json\/wp\/v2\/types\/product"}],"replies":[{"embeddable":true,"href":"https:\/\/www.moskito.cz\/de\/wp-json\/wp\/v2\/comments?post=361051"}],"wp:featuredmedia":[{"embeddable":true,"href":"https:\/\/www.moskito.cz\/de\/wp-json\/wp\/v2\/media\/370186"}],"wp:attachment":[{"href":"https:\/\/www.moskito.cz\/de\/wp-json\/wp\/v2\/media?parent=361051"}],"wp:term":[{"taxonomy":"pwb-brand","embeddable":true,"href":"https:\/\/www.moskito.cz\/de\/wp-json\/wp\/v2\/pwb-brand?post=361051"},{"taxonomy":"product_brand","embeddable":true,"href":"https:\/\/www.moskito.cz\/de\/wp-json\/wp\/v2\/product_brand?post=361051"},{"taxonomy":"product_cat","embeddable":true,"href":"https:\/\/www.moskito.cz\/de\/wp-json\/wp\/v2\/product_cat?post=361051"},{"taxonomy":"product_tag","embeddable":true,"href":"https:\/\/www.moskito.cz\/de\/wp-json\/wp\/v2\/product_tag?post=361051"}],"curies":[{"name":"wp","href":"https:\/\/api.w.org\/{rel}","templated":true}]}}