{"id":361059,"date":"2024-09-26T13:00:30","date_gmt":"2024-09-26T12:00:30","guid":{"rendered":"https:\/\/www.moskito.cz\/produkt\/kalashnikov-74-auto\/"},"modified":"2025-07-16T10:13:59","modified_gmt":"2025-07-16T09:13:59","slug":"kalashnikov-74-auto","status":"publish","type":"product","link":"https:\/\/www.moskito.cz\/de\/produkt\/kalashnikov-74-auto\/","title":{"rendered":"Vyst\u0159elovac\u00ed N\u016f\u017e B\u00f6ker Plus Kalashnikov 74 Auto 01KALS135"},"content":{"rendered":"<p data-start=\"0\" data-end=\"429\"><strong data-start=\"0\" data-end=\"46\">B\u00f6ker Plus Kalashnikov 74 Auto (01KALS135)<\/strong> je robustn\u00ed a rychl\u00fd vyst\u0159elovac\u00ed n\u016f\u017e, inspirovan\u00fd legend\u00e1rn\u00ed \u00fato\u010dnou pu\u0161kou AK-47. Jeho konstrukce a pojmenov\u00e1n\u00ed odkazuj\u00ed na spolehlivost, odolnost a funk\u010dnost, kterou ocen\u00ed ka\u017ed\u00fd, kdo pot\u0159ebuje spolehliv\u00fd n\u00e1stroj pro ka\u017edodenn\u00ed pou\u017eit\u00ed nebo slu\u017eebn\u00ed \u00fa\u010dely. Tento model je sou\u010d\u00e1st\u00ed s\u00e9rie Kalashnikov, kter\u00e1 si z\u00edskala oblibu mezi sb\u011brateli, profesion\u00e1ly i fanou\u0161ky taktick\u00fdch no\u017e\u016f.<\/p>\n<p data-start=\"431\" data-end=\"719\">Automatick\u00fd mechanismus zaji\u0161\u0165uje bleskov\u00e9 otev\u0159en\u00ed \u010depele po stisknut\u00ed bo\u010dn\u00edho tla\u010d\u00edtka. \u010cepel z nerezov\u00e9 oceli AUS-8 je odoln\u00e1, dob\u0159e dr\u017e\u00ed ost\u0159\u00ed a d\u00edky tvaru drop point je skv\u011bl\u00e1 pro \u0161irok\u00e9 spektrum \u0159ezn\u00fdch \u00fakol\u016f. Povrchov\u00e1 \u00faprava \u010dern\u00fdm n\u00e1t\u011brem zvy\u0161uje ochranu proti odlesk\u016fm a korozi.<\/p>\n<p data-start=\"721\" data-end=\"1026\">Rukoje\u0165 z eloxovan\u00e9ho hlin\u00edku v \u010dern\u00e9 barv\u011b imituje tvar pa\u017eby AK-47 \u2013 nejen vizu\u00e1ln\u011b, ale i funk\u010dn\u011b. V\u00fdrazn\u00e9 zdrsn\u011bn\u00ed a ergonomick\u00fd tvar zaji\u0161\u0165uj\u00ed pevn\u00fd \u00fachop, a to i v rukavic\u00edch nebo za vlhka. Kapesn\u00ed klip umo\u017e\u0148uje pohodln\u00e9 no\u0161en\u00ed v kapse, p\u0159i\u010dem\u017e n\u016f\u017e z\u016fst\u00e1v\u00e1 nen\u00e1padn\u00fd a p\u0159ipraven\u00fd k rychl\u00e9mu pou\u017eit\u00ed.<\/p>\n<hr data-start=\"1028\" data-end=\"1031\" \/>\n<p data-start=\"1033\" data-end=\"1062\">\ud83d\udcd0 <strong data-start=\"1036\" data-end=\"1062\">Technick\u00e9 specifikace:<\/strong><\/p>\n<ul data-start=\"1064\" data-end=\"1651\">\n<li data-start=\"1064\" data-end=\"1087\">\n<p data-start=\"1066\" data-end=\"1087\">D\u00e9lka \u010depele: 84 mm<\/p>\n<\/li>\n<li data-start=\"1088\" data-end=\"1113\">\n<p data-start=\"1090\" data-end=\"1113\">Celkov\u00e1 d\u00e9lka: 200 mm<\/p>\n<\/li>\n<li data-start=\"1114\" data-end=\"1150\">\n<p data-start=\"1116\" data-end=\"1150\">D\u00e9lka zav\u0159en\u00e9ho no\u017ee: cca 116 mm<\/p>\n<\/li>\n<li data-start=\"1151\" data-end=\"1180\">\n<p data-start=\"1153\" data-end=\"1180\">Tlou\u0161\u0165ka \u010depele: cca 3 mm<\/p>\n<\/li>\n<li data-start=\"1181\" data-end=\"1223\">\n<p data-start=\"1183\" data-end=\"1223\">Materi\u00e1l \u010depele: AUS-8 \u2013 nerezov\u00e1 ocel<\/p>\n<\/li>\n<li data-start=\"1224\" data-end=\"1257\">\n<p data-start=\"1226\" data-end=\"1257\">Tvrdost \u010depele: cca 57\u201359 HRC<\/p>\n<\/li>\n<li data-start=\"1258\" data-end=\"1285\">\n<p data-start=\"1260\" data-end=\"1285\">Tvar \u010depele: Drop point<\/p>\n<\/li>\n<li data-start=\"1286\" data-end=\"1316\">\n<p data-start=\"1288\" data-end=\"1316\">Ost\u0159\u00ed: Hladk\u00e9 (plain edge)<\/p>\n<\/li>\n<li data-start=\"1317\" data-end=\"1366\">\n<p data-start=\"1319\" data-end=\"1366\">Povrchov\u00e1 \u00faprava \u010depele: \u010cern\u00e1 (black coated)<\/p>\n<\/li>\n<li data-start=\"1367\" data-end=\"1421\">\n<p data-start=\"1369\" data-end=\"1421\">Rukoje\u0165: Eloxovan\u00fd hlin\u00edk (\u010dern\u00fd), zdrsn\u011bn\u00fd povrch<\/p>\n<\/li>\n<li data-start=\"1422\" data-end=\"1463\">\n<p data-start=\"1424\" data-end=\"1463\">Z\u00e1mek: Automatick\u00fd (push-button auto)<\/p>\n<\/li>\n<li data-start=\"1464\" data-end=\"1511\">\n<p data-start=\"1466\" data-end=\"1511\">Otv\u00edr\u00e1n\u00ed: Tla\u010d\u00edtko s pru\u017einov\u00fdm mechanismem<\/p>\n<\/li>\n<li data-start=\"1512\" data-end=\"1553\">\n<p data-start=\"1514\" data-end=\"1553\">Klip: Kapesn\u00ed, pravostrann\u00fd, tip-down<\/p>\n<\/li>\n<li data-start=\"1554\" data-end=\"1577\">\n<p data-start=\"1556\" data-end=\"1577\">Hmotnost: cca 105 g<\/p>\n<\/li>\n<li data-start=\"1578\" data-end=\"1604\">\n<p data-start=\"1580\" data-end=\"1604\">Zem\u011b v\u00fdroby: Tchaj-wan<\/p>\n<\/li>\n<li data-start=\"1605\" data-end=\"1651\">\n<p data-start=\"1607\" data-end=\"1651\">S\u00e9rie: Kalashnikov (ofici\u00e1ln\u011b licencov\u00e1no)<\/p>\n<\/li>\n<\/ul>\n<hr data-start=\"1653\" data-end=\"1656\" \/>\n<p data-start=\"1658\" data-end=\"1679\">\ud83d\udfe2 <strong data-start=\"1661\" data-end=\"1679\">Hlavn\u00ed v\u00fdhody:<\/strong><\/p>\n<p data-start=\"1681\" data-end=\"2013\">\u2705 Bleskov\u00e9 otev\u0159en\u00ed jedn\u00edm stiskem tla\u010d\u00edtka<br data-start=\"1724\" data-end=\"1727\" \/>\u2705 Pevn\u00e1 \u010depel z osv\u011bd\u010den\u00e9 nerezov\u00e9 oceli AUS-8<br data-start=\"1773\" data-end=\"1776\" \/>\u2705 Ergonomick\u00e1 a protiskluzov\u00e1 rukoje\u0165 inspirovan\u00e1 AK-47<br data-start=\"1831\" data-end=\"1834\" \/>\u2705 \u010cern\u00e1 povrchov\u00e1 \u00faprava pro taktick\u00fd vzhled a zv\u00fd\u0161enou ochranu<br data-start=\"1897\" data-end=\"1900\" \/>\u2705 Robustn\u00ed konstrukce vhodn\u00e1 pro ka\u017edodenn\u00ed no\u0161en\u00ed i n\u00e1ro\u010dn\u011bj\u0161\u00ed pou\u017eit\u00ed<br data-start=\"1971\" data-end=\"1974\" \/>\u2705 Kompaktn\u00ed velikost a n\u00edzk\u00e1 hmotnost<\/p>\n<hr data-start=\"2015\" data-end=\"2018\" \/>\n<p data-start=\"2020\" data-end=\"2042\">\ud83d\udd34 <strong data-start=\"2023\" data-end=\"2042\">Mo\u017en\u00e9 nev\u00fdhody:<\/strong><\/p>\n<p data-start=\"2044\" data-end=\"2315\">\u26a0\ufe0f Automatick\u00e9 no\u017ee mohou b\u00fdt legislativn\u011b omezeny (ov\u011b\u0159 si m\u00edstn\u00ed z\u00e1kony)<br data-start=\"2118\" data-end=\"2121\" \/>\u26a0\ufe0f Otv\u00edrac\u00ed mechanismus vy\u017eaduje pravidelnou \u00fadr\u017ebu a \u010distotu<br data-start=\"2182\" data-end=\"2185\" \/>\u26a0\ufe0f Tip-down klip nemus\u00ed vyhovovat v\u0161em u\u017eivatel\u016fm<br data-start=\"2234\" data-end=\"2237\" \/>\u26a0\ufe0f AUS-8 je dobr\u00e1, ale ne \u0161pi\u010dkov\u00e1 ocel \u2013 \u010dast\u011bj\u0161\u00ed brou\u0161en\u00ed m\u016f\u017ee b\u00fdt pot\u0159eba<\/p>\n<hr data-start=\"2317\" data-end=\"2320\" \/>\n<p data-start=\"2322\" data-end=\"2344\">\ud83d\udee0\ufe0f <strong data-start=\"2326\" data-end=\"2344\">\u00dadr\u017eba a p\u00e9\u010de:<\/strong><\/p>\n<ul data-start=\"2346\" data-end=\"2681\">\n<li data-start=\"2346\" data-end=\"2427\">\n<p data-start=\"2348\" data-end=\"2427\">\u010cepel z AUS-8 ot\u00edrej po pou\u017eit\u00ed do sucha a ob\u010das o\u0161et\u0159i tenkou vrstvou oleje.<\/p>\n<\/li>\n<li data-start=\"2428\" data-end=\"2507\">\n<p data-start=\"2430\" data-end=\"2507\">Tla\u010d\u00edtkov\u00fd mechanismus udr\u017euj v \u010distot\u011b \u2013 zamez vniknut\u00ed ne\u010distot a prachu.<\/p>\n<\/li>\n<li data-start=\"2508\" data-end=\"2585\">\n<p data-start=\"2510\" data-end=\"2585\">Rukoje\u0165 z eloxovan\u00e9ho hlin\u00edku je odoln\u00e1, snadno se \u010dist\u00ed vlhk\u00fdm had\u0159\u00edkem.<\/p>\n<\/li>\n<li data-start=\"2586\" data-end=\"2681\">\n<p data-start=\"2588\" data-end=\"2681\">Nepou\u017e\u00edvej vyst\u0159elovac\u00ed mechanismus pod vodou nebo v pra\u0161n\u00e9m prost\u0159ed\u00ed bez n\u00e1sledn\u00e9 \u00fadr\u017eby.<\/p>\n<\/li>\n<\/ul>\n<hr data-start=\"2683\" data-end=\"2686\" \/>\n<p data-start=\"2688\" data-end=\"2713\">\u2764\ufe0f <strong data-start=\"2691\" data-end=\"2713\">Pro\u010d si ho obl\u00edb\u00ed\u0161<\/strong><\/p>\n<p data-start=\"2715\" data-end=\"3063\">Kalashnikov 74 Auto je rychl\u00fd, agresivn\u00ed a p\u0159itom velmi spolehliv\u00fd. D\u00edky automatick\u00e9mu otev\u00edr\u00e1n\u00ed je okam\u017eit\u011b p\u0159ipraven\u00fd k pou\u017eit\u00ed, zat\u00edmco jeho v\u00fdrazn\u00fd vzhled a vojensk\u00e1 estetika oslov\u00ed ka\u017ed\u00e9ho fanou\u0161ka taktick\u00e9 v\u00fdbavy. Kompaktn\u00ed rozm\u011bry, solidn\u00ed materi\u00e1ly a jist\u00fd \u00fachop z n\u011bj d\u011blaj\u00ed perfektn\u00edho par\u0165\u00e1ka na ka\u017ed\u00fd den \u2013 nejen pro p\u0159\u00edznivce stylu AK.<\/p>\n<hr data-start=\"3065\" data-end=\"3068\" \/>\n<p data-start=\"3070\" data-end=\"3095\">\u2705 <strong data-start=\"3072\" data-end=\"3095\">Z\u00e1v\u011bre\u010dn\u00e9 hodnocen\u00ed<\/strong><\/p>\n<p data-start=\"3097\" data-end=\"3466\" data-is-last-node=\"\" data-is-only-node=\"\"><strong data-start=\"3097\" data-end=\"3131\">B\u00f6ker Plus Kalashnikov 74 Auto<\/strong> je ide\u00e1ln\u00ed volbou pro ty, kdo hledaj\u00ed v\u00fdkonn\u00fd a rychl\u00fd zav\u00edrac\u00ed n\u016f\u017e s automatick\u00fdm otev\u00edr\u00e1n\u00edm. Spojuje atraktivn\u00ed design, inspiraci legend\u00e1rn\u00ed zbran\u00ed a funk\u010dnost v ka\u017edodenn\u00edm i slu\u017eebn\u00edm pou\u017eit\u00ed. Pokud ti vyhovuje taktick\u00e9 zpracov\u00e1n\u00ed, robustn\u00ed t\u011blo a chce\u0161 n\u016f\u017e, kter\u00fd se otev\u0159e doslova b\u011bhem zlomku sekundy, tenhle model si t\u011b z\u00edsk\u00e1.<\/p>\n<p>&nbsp;<\/p>\n<p>&nbsp;<\/p>\n<p>&nbsp;<\/p>\n","protected":false},"excerpt":{"rendered":"<p><strong>Kalashnikov 74 Auto je rychl\u00fd, agresivn\u00ed a p\u0159itom velmi spolehliv\u00fd. D\u00edky automatick\u00e9mu otev\u00edr\u00e1n\u00ed je okam\u017eit\u011b p\u0159ipraven\u00fd k pou\u017eit\u00ed, zat\u00edmco jeho v\u00fdrazn\u00fd vzhled a vojensk\u00e1 estetika oslov\u00ed ka\u017ed\u00e9ho fanou\u0161ka taktick\u00e9 v\u00fdbavy. Kompaktn\u00ed rozm\u011bry, solidn\u00ed materi\u00e1ly a jist\u00fd \u00fachop z n\u011bj d\u011blaj\u00ed perfektn\u00edho par\u0165\u00e1ka na ka\u017ed\u00fd den \u2013 nejen pro p\u0159\u00edznivce stylu AK.<\/strong><\/p>\n","protected":false},"featured_media":365060,"comment_status":"closed","ping_status":"closed","template":"","meta":[],"pwb-brand":[140],"product_brand":[],"product_cat":[2019,17],"product_tag":[],"class_list":{"0":"post-361059","1":"product","2":"type-product","3":"status-publish","4":"has-post-thumbnail","6":"pwb-brand-boker","7":"product_cat-vystrelovaci-noze","8":"product_cat-noze","10":"first","11":"outofstock","12":"taxable","13":"shipping-taxable","14":"purchasable","15":"product-type-simple"},"brands":[{"id":140,"name":"Boker","slug":"boker"}],"_links":{"self":[{"href":"https:\/\/www.moskito.cz\/de\/wp-json\/wp\/v2\/product\/361059","targetHints":{"allow":["GET"]}}],"collection":[{"href":"https:\/\/www.moskito.cz\/de\/wp-json\/wp\/v2\/product"}],"about":[{"href":"https:\/\/www.moskito.cz\/de\/wp-json\/wp\/v2\/types\/product"}],"replies":[{"embeddable":true,"href":"https:\/\/www.moskito.cz\/de\/wp-json\/wp\/v2\/comments?post=361059"}],"wp:featuredmedia":[{"embeddable":true,"href":"https:\/\/www.moskito.cz\/de\/wp-json\/wp\/v2\/media\/365060"}],"wp:attachment":[{"href":"https:\/\/www.moskito.cz\/de\/wp-json\/wp\/v2\/media?parent=361059"}],"wp:term":[{"taxonomy":"pwb-brand","embeddable":true,"href":"https:\/\/www.moskito.cz\/de\/wp-json\/wp\/v2\/pwb-brand?post=361059"},{"taxonomy":"product_brand","embeddable":true,"href":"https:\/\/www.moskito.cz\/de\/wp-json\/wp\/v2\/product_brand?post=361059"},{"taxonomy":"product_cat","embeddable":true,"href":"https:\/\/www.moskito.cz\/de\/wp-json\/wp\/v2\/product_cat?post=361059"},{"taxonomy":"product_tag","embeddable":true,"href":"https:\/\/www.moskito.cz\/de\/wp-json\/wp\/v2\/product_tag?post=361059"}],"curies":[{"name":"wp","href":"https:\/\/api.w.org\/{rel}","templated":true}]}}