{"id":361079,"date":"2024-09-26T13:00:44","date_gmt":"2024-09-26T12:00:44","guid":{"rendered":"https:\/\/www.moskito.cz\/produkt\/tadpole\/"},"modified":"2025-11-16T11:47:00","modified_gmt":"2025-11-16T10:47:00","slug":"tadpole","status":"publish","type":"product","link":"https:\/\/www.moskito.cz\/de\/produkt\/tadpole\/","title":{"rendered":"Zav\u00edrac\u00ed N\u016f\u017e  Magnum Magnum Tadpole 01SC012"},"content":{"rendered":"<p>Zav\u00edrac\u00ed N\u016f\u017e Magnum Magnum Tadpole 01SC012.<\/p>\n<p>Magnum Tadpole je promy\u0161len\u00fd, funk\u010dn\u00ed kapesn\u00ed n\u016f\u017e, kter\u00fd vych\u00e1z\u00ed z inspirace, kterou poskytla \u017eabka. S v\u00fdkonnou \u010depele 440C Spearpoint, kter\u00e1 kombinuje klamn\u00e9 ost\u0159en\u00ed, jimping a disk\u00e9tn\u00ed Stonewash \u00fapravu, vykazuje siln\u00fd v\u00fdkon, zejm\u00e9na p\u0159i ka\u017edodenn\u00edch \u0159eza\u010dsk\u00fdch \u00fakolech (EDC). Kuli\u010dkov\u00e1 lo\u017eiska zaji\u0161\u0165uj\u00ed plynul\u00fd chod \u010depele, zat\u00edmco v\u00fdrazn\u00e9 \u017eab\u00ed zelen\u00e9 G10 rukojeti s protiskluzovou vlnovou texturou siln\u011b evokuj\u00ed vodn\u00ed p\u016fvod tohoto no\u017ee.<\/p>\n<p>N\u016f\u017e nab\u00edz\u00ed dv\u011b mo\u017enosti otev\u0159en\u00ed: p\u0159es flipper nebo pomoc\u00ed velk\u00e9ho otvoru pro palec, co\u017e podtrhuje jeho v\u0161estrannost a u\u017eivatelskou p\u0159\u00edv\u011btivost. Liner Lock spolehliv\u011b zaji\u0161\u0165uje \u010depel, zat\u00edmco oran\u017eov\u00fd backspacer s integrovan\u00fdm o\u010dkem pro p\u0159\u00edv\u011bsek dod\u00e1v\u00e1 optick\u00fd kontrast a z\u00e1rove\u0148 z\u016fst\u00e1v\u00e1 praktick\u00fdm prvkem. Deep-Carry-clip (Tip-Up) dokon\u010duje celkov\u00fd vzhled, tak\u017ee n\u016f\u017e je nejen funk\u010dn\u00ed, ale i esteticky p\u0159ita\u017eliv\u00fd.<\/p>\n<p>Celkov\u011b je Magnum Tadpole no\u017eem, kter\u00fd se vyzna\u010duje svou prom\u011bnou od designu \u017e\u00e1by na spolehliv\u00fd n\u00e1stroj pro ka\u017edodenn\u00ed pou\u017eit\u00ed \u2013 metamorf\u00f3za, kter\u00e1 je stejn\u011b \u201eMagnum\u201c.<\/p>\n<p>Magnum kapesn\u00ed n\u016f\u017e s \u010d\u00edslem produktu 01SC012 m\u00e1 n\u00e1sleduj\u00edc\u00ed specifikace:<\/p>\n<p>Typ produktu: Kapesn\u00ed n\u016f\u017e<br \/>\nZna\u010dka: Magnum<br \/>\nCelkov\u00e1 d\u00e9lka: 14,70 cm<br \/>\nD\u00e9lka \u010depele: 6,00 cm<br \/>\nTlou\u0161\u0165ka \u010depele: 3,00 mm<br \/>\nHmotnost: 95,00 g<br \/>\nMateri\u00e1l \u010depele: 440C (vysokohodnotn\u00e1 nerezov\u00e1 ocel, zn\u00e1m\u00e1 svou odolnost\u00ed proti korozi a schopnost\u00ed udr\u017eet ostrost)<br \/>\nMateri\u00e1l rukojeti: G10 (odoln\u00fd a lehk\u00fd materi\u00e1l, poskytuj\u00edc\u00ed dobr\u00fd \u00fachop)<br \/>\nOtev\u00edrac\u00ed pomocn\u00edk: Otvor pro palec (usnad\u0148uje otev\u0159en\u00ed \u010depele pomoc\u00ed palce)<br \/>\nOtev\u00edr\u00e1n\u00ed: Manu\u00e1ln\u00ed (\u010depel se otev\u00edr\u00e1 ru\u010dn\u011b)<br \/>\nZ\u00e1mek: Linerlock (zabezpe\u010duje \u010depel ve otev\u0159en\u00e9 poloze)<br \/>\nVyrobeno v: Asii<br \/>\nBarva: Zelen\u00e1 (pravd\u011bpodobn\u011b barva rukojeti)<\/p>\n<p>Tento kapesn\u00ed n\u016f\u017e spojuje praktick\u00e9 funkce a kompaktn\u00ed design. Je vhodn\u00fd pro ka\u017edodenn\u00ed pou\u017eit\u00ed a d\u00edky pou\u017eit\u00fdm materi\u00e1l\u016fm je velmi odoln\u00fd a snadno pou\u017eiteln\u00fd.<\/p>\n","protected":false},"excerpt":{"rendered":"<p><strong>Tento kapesn\u00ed n\u016f\u017e spojuje praktick\u00e9 funkce a kompaktn\u00ed design. Je vhodn\u00fd pro ka\u017edodenn\u00ed pou\u017eit\u00ed a d\u00edky pou\u017eit\u00fdm materi\u00e1l\u016fm je velmi odoln\u00fd a snadno pou\u017eiteln\u00fd.<\/strong><\/p>\n","protected":false},"featured_media":380331,"comment_status":"closed","ping_status":"closed","template":"","meta":[],"pwb-brand":[140],"product_brand":[],"product_cat":[17,22],"product_tag":[],"class_list":{"0":"post-361079","1":"product","2":"type-product","3":"status-publish","4":"has-post-thumbnail","6":"pwb-brand-boker","7":"product_cat-noze","8":"product_cat-zaviraci-noze","10":"first","11":"outofstock","12":"taxable","13":"shipping-taxable","14":"purchasable","15":"product-type-simple"},"brands":[{"id":140,"name":"Boker","slug":"boker"}],"_links":{"self":[{"href":"https:\/\/www.moskito.cz\/de\/wp-json\/wp\/v2\/product\/361079","targetHints":{"allow":["GET"]}}],"collection":[{"href":"https:\/\/www.moskito.cz\/de\/wp-json\/wp\/v2\/product"}],"about":[{"href":"https:\/\/www.moskito.cz\/de\/wp-json\/wp\/v2\/types\/product"}],"replies":[{"embeddable":true,"href":"https:\/\/www.moskito.cz\/de\/wp-json\/wp\/v2\/comments?post=361079"}],"wp:featuredmedia":[{"embeddable":true,"href":"https:\/\/www.moskito.cz\/de\/wp-json\/wp\/v2\/media\/380331"}],"wp:attachment":[{"href":"https:\/\/www.moskito.cz\/de\/wp-json\/wp\/v2\/media?parent=361079"}],"wp:term":[{"taxonomy":"pwb-brand","embeddable":true,"href":"https:\/\/www.moskito.cz\/de\/wp-json\/wp\/v2\/pwb-brand?post=361079"},{"taxonomy":"product_brand","embeddable":true,"href":"https:\/\/www.moskito.cz\/de\/wp-json\/wp\/v2\/product_brand?post=361079"},{"taxonomy":"product_cat","embeddable":true,"href":"https:\/\/www.moskito.cz\/de\/wp-json\/wp\/v2\/product_cat?post=361079"},{"taxonomy":"product_tag","embeddable":true,"href":"https:\/\/www.moskito.cz\/de\/wp-json\/wp\/v2\/product_tag?post=361079"}],"curies":[{"name":"wp","href":"https:\/\/api.w.org\/{rel}","templated":true}]}}