{"id":361140,"date":"2024-09-26T13:01:03","date_gmt":"2024-09-26T12:01:03","guid":{"rendered":"https:\/\/www.moskito.cz\/produkt\/kapesni-nuz-boker-1969-mach-1-damast\/"},"modified":"2025-05-07T11:25:19","modified_gmt":"2025-05-07T10:25:19","slug":"kapesni-nuz-boker-1969-mach-1-damast","status":"publish","type":"product","link":"https:\/\/www.moskito.cz\/de\/produkt\/kapesni-nuz-boker-1969-mach-1-damast\/","title":{"rendered":"Kapesn\u00ed n\u016f\u017e B\u00f6ker 1969 Mach-1 Damast"},"content":{"rendered":"<ul>\n<li>celkov\u00e1 d\u00e9lka: 19,8 cm<\/li>\n<li>d\u00e9lka \u010depele: 8,2 cm<\/li>\n<li>hmotnost: 116 g<\/li>\n<li>tlou\u0161\u0165ka materi\u00e1lu: 3,6 mm<\/li>\n<li>materi\u00e1l \u010depele: dama\u0161ek<\/li>\n<li>materi\u00e1l rukojeti: hlin\u00edk<\/li>\n<li>design\u00e9r: Tommaso Rumici<\/li>\n<li>pojistka: linerlock<\/li>\n<li>s klipem<\/li>\n<li>vyrobeno v Solingenu<\/li>\n<\/ul>\n","protected":false},"excerpt":{"rendered":"<p>B\u00f6ker cituje nezam\u011bniteln\u00fd design legend\u00e1rn\u00edho vozu Mustang a ve stejnojmenn\u00e9m modelu Mach-1 Damast z roku 1969 \u010din\u00ed legendu je\u0161t\u011b hmatateln\u011bj\u0161\u00ed. Na jemnou 84vrstvou dama\u0161kovou \u010depel byly pou\u017eity \u010d\u00e1sti n\u00e1boje kola, vahadla a zav\u011b\u0161en\u00ed, kter\u00e9 Chad Nichols ru\u010dn\u011b vykoval podle vzoru Wavepool. \u010cepel s kuli\u010dkov\u00fdm lo\u017eiskem a v\u00fdrazn\u00fdm ricasem se hladce otev\u00edr\u00e1 pomoc\u00ed odn\u00edmateln\u00e9ho \u010depu na palec a sebejist\u011b \u0159e\u017ee d\u00edky siln\u00e9mu to\u010div\u00e9mu momentu konstrukce rukojeti a bezpe\u010dnosti studijn\u00ed pojistky liner lock. Prohlubn\u011b pro prsty v rukojeti z lehk\u00e9ho, vysoce pevn\u00e9ho hlin\u00edku p\u0159ipom\u00ednaj\u00ed blatn\u00edky svalnat\u00e9ho automobilu, zat\u00edmco zlat\u00e1 intarzie p\u0159edn\u00ed stupnice rukojeti kop\u00edruje bo\u010dn\u00ed oblo\u017een\u00ed dve\u0159\u00ed a karoserie. St\u0159\u00edbrn\u011b nefritov\u00e9 zbarven\u00ed rukojeti expresivn\u011b podtrhuje sportovn\u00ed vzhled kapesn\u00edho no\u017ee a vytv\u00e1\u0159\u00ed v ruce znateln\u00e9 chv\u011bn\u00ed V8. Sva\u017euj\u00edc\u00ed se zadn\u00ed \u010d\u00e1st rukojeti nostalgicky kop\u00edruje obrys karoserie typu fastback, zat\u00edmco detailn\u011b propracovan\u00fd oto\u010dn\u00fd \u0161roub hmatateln\u011b p\u0159ipom\u00edn\u00e1 pohon kol sm\u011brem vp\u0159ed. Rovn\u00e1 a hranat\u00e1 spona z nerezov\u00e9 oceli vyfr\u00e9zovan\u00e1 z masivu p\u0159ipom\u00edn\u00e1 kliky dve\u0159\u00ed Fordu Mustang. Dod\u00e1vka zahrnuje kvalitn\u00ed plovouc\u00ed displej, netrp\u011bliv\u00e9 \u0161kr\u00e1b\u00e1n\u00ed kopytem a nezbytnou porci non\u0161alance. Ru\u010dn\u00ed v\u00fdroba v manufaktu\u0159e B\u00f6ker v Solingenu.<\/p>\n","protected":false},"featured_media":361141,"comment_status":"closed","ping_status":"closed","template":"","meta":[],"pwb-brand":[140],"product_brand":[],"product_cat":[17,22],"product_tag":[],"class_list":{"0":"post-361140","1":"product","2":"type-product","3":"status-publish","4":"has-post-thumbnail","6":"pwb-brand-boker","7":"product_cat-noze","8":"product_cat-zaviraci-noze","10":"first","11":"outofstock","12":"taxable","13":"shipping-taxable","14":"purchasable","15":"product-type-simple"},"brands":[{"id":140,"name":"Boker","slug":"boker"}],"_links":{"self":[{"href":"https:\/\/www.moskito.cz\/de\/wp-json\/wp\/v2\/product\/361140","targetHints":{"allow":["GET"]}}],"collection":[{"href":"https:\/\/www.moskito.cz\/de\/wp-json\/wp\/v2\/product"}],"about":[{"href":"https:\/\/www.moskito.cz\/de\/wp-json\/wp\/v2\/types\/product"}],"replies":[{"embeddable":true,"href":"https:\/\/www.moskito.cz\/de\/wp-json\/wp\/v2\/comments?post=361140"}],"wp:featuredmedia":[{"embeddable":true,"href":"https:\/\/www.moskito.cz\/de\/wp-json\/wp\/v2\/media\/361141"}],"wp:attachment":[{"href":"https:\/\/www.moskito.cz\/de\/wp-json\/wp\/v2\/media?parent=361140"}],"wp:term":[{"taxonomy":"pwb-brand","embeddable":true,"href":"https:\/\/www.moskito.cz\/de\/wp-json\/wp\/v2\/pwb-brand?post=361140"},{"taxonomy":"product_brand","embeddable":true,"href":"https:\/\/www.moskito.cz\/de\/wp-json\/wp\/v2\/product_brand?post=361140"},{"taxonomy":"product_cat","embeddable":true,"href":"https:\/\/www.moskito.cz\/de\/wp-json\/wp\/v2\/product_cat?post=361140"},{"taxonomy":"product_tag","embeddable":true,"href":"https:\/\/www.moskito.cz\/de\/wp-json\/wp\/v2\/product_tag?post=361140"}],"curies":[{"name":"wp","href":"https:\/\/api.w.org\/{rel}","templated":true}]}}