{"id":361214,"date":"2024-09-26T13:01:18","date_gmt":"2024-09-26T12:01:18","guid":{"rendered":"https:\/\/www.moskito.cz\/produkt\/boker-plus-xs-drop\/"},"modified":"2025-05-07T11:25:22","modified_gmt":"2025-05-07T10:25:22","slug":"boker-plus-xs-drop","status":"publish","type":"product","link":"https:\/\/www.moskito.cz\/de\/produkt\/boker-plus-xs-drop\/","title":{"rendered":"Zav\u00edrac\u00ed N\u016f\u017e B\u00f6ker Plus XS Drop 01BO533"},"content":{"rendered":"<p>Zav\u00edrac\u00ed N\u016f\u017e <strong>B\u00f6ker Plus<\/strong> XS Drop 01BO533.<\/p>\n<p>Obl\u00edben\u00fd jednoru\u010dn\u00ed n\u016f\u017e B\u00f6ker Plus XS s kluzn\u00fdm kloubem je s n\u00e1mi ji\u017e n\u011bkolik let jako osv\u011bd\u010den\u00fd ka\u017edodenn\u00ed n\u016f\u017e. Nyn\u00ed to Chad Los Banos ud\u011blal znovu a p\u0159idal do sortimentu variantu drop point s obzvl\u00e1\u0161t\u011b stabiln\u00ed \u0161pi\u010dkou \u010depele. V\u00e1hy G10 a ocel \u010depele 440C zde tak\u00e9 nastavuj\u00ed standard. \u010cepel m\u00e1 sat\u00e9novou \u00fapravu. Oboustrann\u00e1 spona (sklopn\u00e1\/lr). S vysoce kvalitn\u00edm nylonov\u00fdm pouzdrem pro skladov\u00e1n\u00ed.<\/p>\n<p>Zna\u010dka: Boker Plus<br \/>\nCelkov\u00e1 d\u00e9lka: 18,20 cm<br \/>\nD\u00e9lka \u010depele: 7,90 cm<br \/>\nTlou\u0161\u0165ka \u010depele: 2,90 mm<br \/>\nHmotnost: 107,00 g<br \/>\nN\u00e1vrh\u00e1\u0159: \u010cad Los Banos<br \/>\nMateri\u00e1l \u010depele: 440C<br \/>\nMateri\u00e1l rukojeti: G10<br \/>\nOtev\u00edrac\u00ed: Ru\u010dn\u011b<br \/>\nUzav\u0159en\u00ed: Kluzn\u00fd kloub<br \/>\n\u010c\u00edslo polo\u017eky: 01BO533<\/p>\n","protected":false},"excerpt":{"rendered":"<p><strong>Obl\u00edben\u00fd jednoru\u010dn\u00ed n\u016f\u017e B\u00f6ker Plus XS s kluzn\u00fdm kloubem je s n\u00e1mi ji\u017e n\u011bkolik let jako osv\u011bd\u010den\u00fd ka\u017edodenn\u00ed n\u016f\u017e.<\/strong><\/p>\n","protected":false},"featured_media":367378,"comment_status":"closed","ping_status":"closed","template":"","meta":[],"pwb-brand":[140],"product_brand":[],"product_cat":[17,22],"product_tag":[],"class_list":{"0":"post-361214","1":"product","2":"type-product","3":"status-publish","4":"has-post-thumbnail","6":"pwb-brand-boker","7":"product_cat-noze","8":"product_cat-zaviraci-noze","10":"first","11":"instock","12":"taxable","13":"shipping-taxable","14":"purchasable","15":"product-type-simple"},"brands":[{"id":140,"name":"Boker","slug":"boker"}],"_links":{"self":[{"href":"https:\/\/www.moskito.cz\/de\/wp-json\/wp\/v2\/product\/361214","targetHints":{"allow":["GET"]}}],"collection":[{"href":"https:\/\/www.moskito.cz\/de\/wp-json\/wp\/v2\/product"}],"about":[{"href":"https:\/\/www.moskito.cz\/de\/wp-json\/wp\/v2\/types\/product"}],"replies":[{"embeddable":true,"href":"https:\/\/www.moskito.cz\/de\/wp-json\/wp\/v2\/comments?post=361214"}],"wp:featuredmedia":[{"embeddable":true,"href":"https:\/\/www.moskito.cz\/de\/wp-json\/wp\/v2\/media\/367378"}],"wp:attachment":[{"href":"https:\/\/www.moskito.cz\/de\/wp-json\/wp\/v2\/media?parent=361214"}],"wp:term":[{"taxonomy":"pwb-brand","embeddable":true,"href":"https:\/\/www.moskito.cz\/de\/wp-json\/wp\/v2\/pwb-brand?post=361214"},{"taxonomy":"product_brand","embeddable":true,"href":"https:\/\/www.moskito.cz\/de\/wp-json\/wp\/v2\/product_brand?post=361214"},{"taxonomy":"product_cat","embeddable":true,"href":"https:\/\/www.moskito.cz\/de\/wp-json\/wp\/v2\/product_cat?post=361214"},{"taxonomy":"product_tag","embeddable":true,"href":"https:\/\/www.moskito.cz\/de\/wp-json\/wp\/v2\/product_tag?post=361214"}],"curies":[{"name":"wp","href":"https:\/\/api.w.org\/{rel}","templated":true}]}}